{"id":8916,"date":"2023-07-21T08:55:20","date_gmt":"2023-07-21T06:55:20","guid":{"rendered":"https:\/\/www.gardiso.eu\/p\/sonnensegel-sunsail-riviera\/"},"modified":"2023-07-21T08:55:20","modified_gmt":"2023-07-21T06:55:20","slug":"sonnensegel-sunsail-riviera","status":"publish","type":"product","link":"https:\/\/www.gardiso.eu\/at\/p\/sonnensegel-sunsail-riviera\/","title":{"rendered":"Sonnensegel SunSail RIVIERA"},"content":{"rendered":"<h2><strong>Das Sonnensegel f\u00fcr eine perfekte Beschattung<\/strong><\/h2>\n<p>Das leichte Sonnensegel sorgt an hei\u00dfen Sommertagen f\u00fcr angenehmen Schatten. Zugleich ist es ein moderner Blickfang, der Farbe in Ihr Zuhause bringt. Flexibel und einfach zu montieren mit vielf\u00e4ltigen Einsatzm\u00f6glichkeiten auf Terrasse, Balkon und Garten. Sch\u00fctzender Schatten wann und wo immer Sie ihn m\u00f6chten.<\/p>\n<p>Das\u00a0<strong>Sonnensegel ist aus rei\u00dffestem Gewebe\u00a0<\/strong>(100% HDPE)\u00a0gefertigt und besonders dicht verwebt. Das atmungsaktive Material ist best\u00e4ndig gegen\u00fcber Wind und hohen Temperaturen. An hei\u00dfen Tagen bildet sich kein W\u00e4rmestau unter dem Segel und bis zu 60% der Sonnenenergie wird reflektiert. Die Doppelnaht an den R\u00e4ndern und das integrierte Gurtband sorgen f\u00fcr Stabilit\u00e4t und erm\u00f6glichen die straffe Spannung des Segels. Die rostfreien Metall\u00f6sen aus Edelstahl gew\u00e4hrleisten eine sichere und dauerhafte Anbringung.<\/p>\n<p>Einfache Reinigung \u2013 das Sonnensegel wird bei 30\u00b0 in der Waschmaschine gewaschen oder mit milder Seifenlauge gereinigt und anschlie\u00dfend mit einem Schlauch abgespritzt.<\/p>\n<p>&nbsp;<\/p>\n<p><strong>\u200bPerfekte Beschattung f\u00fcr den Au\u00dfenbereich.<\/strong><br \/>\nDas robuste, wasser- und windabweisende Sonnensegel sorgt an hei\u00dfen Sommertagen f\u00fcr angenehmen Schatten. Zugleich ist es ein moderner Blickfang, der Farbakzente setzt. Die mitgelieferten Expanderseile mit Karabinerhaken bieten eine flexible und einfache Montage sowie vielf\u00e4ltige Einsatzm\u00f6glichkeiten.<\/p>\n<p><strong>Lieferumfang <\/strong><br \/>\n1 Sonnensegel<br \/>\n3-4 Expanderseile 0,7 m (3 St\u00fcck beim Dreieck, 4 St\u00fcck beim Viereck)<br \/>\n3-4 Karabiner (3 St\u00fcck beim Dreieck, 4 St\u00fcck beim Viereck)<\/p>\n<p>&nbsp;<\/p>\n<p><strong>Form:<\/strong> Dreieck | Quadrat<\/p>\n<p><strong>Gr\u00f6\u00dfe:<\/strong> 3,6 x 3,6 m<\/p>\n<p><strong>Farbe: <\/strong>khaki | silbergrau<\/p>\n<p><strong>Stoffart: <\/strong>beschichtetem Polyester-Segelstoff<\/p>\n<p><strong>Material: <\/strong>HDPE 180g\/m\u00b2<\/p>\n<p><strong>Waschbar: <\/strong>ja<\/p>\n<p><strong>Anwendungsbereiche: <\/strong>Balkon | Terrasse<\/p>\n<p>&nbsp;<\/p>\n","protected":false},"excerpt":{"rendered":"<ul class=\"a-unordered-list a-vertical a-spacing-mini\">\n<li class=\"a-spacing-mini\"><span class=\"a-list-item\">Ideale Beschattung f\u00fcr Terrasse, Garten, Camping etc.<\/span><\/li>\n<li class=\"a-spacing-mini\"><span class=\"a-list-item\">Aus beschichtetem Polyester-Segelstoff (180 g\/m\u00b2) gefertigt<\/span><\/li>\n<li class=\"a-spacing-mini\"><span class=\"a-list-item\">Verst\u00e4rkter Saum und konkaver Schnitt f\u00fcr faltenfreies Segel<\/span><\/li>\n<li class=\"a-spacing-mini\"><span class=\"a-list-item\">Wasser-, wind- und schmutzabweisend<\/span><\/li>\n<li class=\"a-spacing-mini\"><span class=\"a-list-item\">1x Sonnensegel Dreieck 3x Expanderseile 0, 7 m 3x Karabiner<\/span><\/li>\n<\/ul>\n","protected":false},"featured_media":8849,"comment_status":"closed","ping_status":"closed","template":"","meta":[],"product_cat":[1204,1205],"product_tag":[],"wcpa_form_fields":null,"tiered_pricing_type":"fixed","tiered_pricing_fixed_rules":[],"_links":{"self":[{"href":"https:\/\/www.gardiso.eu\/at\/wp-json\/wp\/v2\/product\/8916"}],"collection":[{"href":"https:\/\/www.gardiso.eu\/at\/wp-json\/wp\/v2\/product"}],"about":[{"href":"https:\/\/www.gardiso.eu\/at\/wp-json\/wp\/v2\/types\/product"}],"replies":[{"embeddable":true,"href":"https:\/\/www.gardiso.eu\/at\/wp-json\/wp\/v2\/comments?post=8916"}],"wp:featuredmedia":[{"embeddable":true,"href":"https:\/\/www.gardiso.eu\/at\/wp-json\/wp\/v2\/media\/8849"}],"wp:attachment":[{"href":"https:\/\/www.gardiso.eu\/at\/wp-json\/wp\/v2\/media?parent=8916"}],"wp:term":[{"taxonomy":"product_cat","embeddable":true,"href":"https:\/\/www.gardiso.eu\/at\/wp-json\/wp\/v2\/product_cat?post=8916"},{"taxonomy":"product_tag","embeddable":true,"href":"https:\/\/www.gardiso.eu\/at\/wp-json\/wp\/v2\/product_tag?post=8916"}],"curies":[{"name":"wp","href":"https:\/\/api.w.org\/{rel}","templated":true}]}}