{"id":5253,"date":"2022-08-04T17:44:08","date_gmt":"2022-08-04T15:44:08","guid":{"rendered":"https:\/\/www.gardiso.eu\/p\/steckernetzteil-fuer-wuehlmaus-abwehrgeraete\/"},"modified":"2025-12-11T16:38:29","modified_gmt":"2025-12-11T15:38:29","slug":"steckernetzteil-fuer-wuehlmaus-abwehrgeraete","status":"publish","type":"product","link":"https:\/\/www.gardiso.eu\/at\/p\/steckernetzteil-fuer-wuehlmaus-abwehrgeraete\/","title":{"rendered":"Steckernetzteil f\u00fcr W\u00fchlmaus Abwehrger\u00e4te"},"content":{"rendered":"<p><h4><strong>Steckernetzger\u00e4t zur Energieversorgung von W\u00fchlmausvertreiber<\/strong><\/h4>\n<p>Der Netz-Adapter 220\/9 V&nbsp;dient zur sicheren Energieversorgung f\u00fcr zB W\u00fchlmaus &amp; Maulwurf Abwehrger\u00e4te. Der Adapter verf\u00fcgt \u00fcber ein 2 m langes Netzkabel.<\/p>\n<p>Wenn die n\u00e4chste&nbsp;Steckdose weiter entfernt ist, l\u00e4sst sich&nbsp;mit Hilfe eines <a href=\"\/\/www.gardiso.eu\/at\/shop\/Schaedlingsabwehr\/Maeuse-Maulwuerfe\/verlaengerungskabel-fuer-steckernetzteil--20m-p43314?listName=shop&quot;\" target=\"&quot;_blank&quot;\" title=\"&quot;Verl\u00e4ngerungskabel\" rel=\"noopener\">Verbindungskabels<\/a>&nbsp;eine&nbsp;Verl\u00e4ngerung um&nbsp;20 m erreichen.&nbsp;<\/p>\n<p>&nbsp;<\/p><\/p>\n","protected":false},"excerpt":{"rendered":"<p><UL><LI>Steckernetzteil mit 2 m Netzkabel<\/LI><LI>Zur Energieversorgung von W\u00fchlmaus Abwehrger\u00e4ten<\/LI><LI>Verl\u00e4ngerung mit Verbindungsleitung m\u00f6glich<\/LI><\/UL><\/p>\n","protected":false},"featured_media":4668,"comment_status":"closed","ping_status":"closed","template":"","meta":[],"product_cat":[1116,1115],"product_tag":[],"wcpa_form_fields":null,"tiered_pricing_type":"fixed","tiered_pricing_fixed_rules":[],"_links":{"self":[{"href":"https:\/\/www.gardiso.eu\/at\/wp-json\/wp\/v2\/product\/5253"}],"collection":[{"href":"https:\/\/www.gardiso.eu\/at\/wp-json\/wp\/v2\/product"}],"about":[{"href":"https:\/\/www.gardiso.eu\/at\/wp-json\/wp\/v2\/types\/product"}],"replies":[{"embeddable":true,"href":"https:\/\/www.gardiso.eu\/at\/wp-json\/wp\/v2\/comments?post=5253"}],"wp:featuredmedia":[{"embeddable":true,"href":"https:\/\/www.gardiso.eu\/at\/wp-json\/wp\/v2\/media\/4668"}],"wp:attachment":[{"href":"https:\/\/www.gardiso.eu\/at\/wp-json\/wp\/v2\/media?parent=5253"}],"wp:term":[{"taxonomy":"product_cat","embeddable":true,"href":"https:\/\/www.gardiso.eu\/at\/wp-json\/wp\/v2\/product_cat?post=5253"},{"taxonomy":"product_tag","embeddable":true,"href":"https:\/\/www.gardiso.eu\/at\/wp-json\/wp\/v2\/product_tag?post=5253"}],"curies":[{"name":"wp","href":"https:\/\/api.w.org\/{rel}","templated":true}]}}