{"id":3425,"date":"2022-08-04T17:46:27","date_gmt":"2022-08-04T15:46:27","guid":{"rendered":"https:\/\/gardiso.insektenschutz365.eu\/p\/tomatengewaechshaus-und-rankturm-im-set\/"},"modified":"2025-05-26T15:11:16","modified_gmt":"2025-05-26T13:11:16","slug":"tomatengewaechshaus-und-rankturm-im-set","status":"publish","type":"product","link":"https:\/\/www.gardiso.eu\/at\/p\/tomatengewaechshaus-und-rankturm-im-set\/","title":{"rendered":"Tomatengew\u00e4chshaus und Rankturm im Set"},"content":{"rendered":"<p><strong>Tomaten erfolgreich anbauen, pflegen und ernten<\/strong><\/p>\n<p>Paradiesapfel \u2013 so wird das beliebte Gem\u00fcse auch genannt, das aus unserer K\u00fcche kaum wegzudenken ist. Die roten Fr\u00fcchte sieht man im Sommer in vielen G\u00e4rten, auf Balkonen und Terrassen gedeihen. Tomaten m\u00fcssen jedoch etwas mehr gehegt und gepflegt werden als andere Pflanzen: sie ben\u00f6tigen Unterst\u00fctzung beim Wachsen und Ranken, einen warmen Platz und Schutz vor Regen.<\/p>\n<p>&nbsp;<\/p>\n<p><strong>Kletterhilfe f\u00fcr Tomaten<\/strong><\/p>\n<p>Tomaten sind keine Selbstklimmer und brauchen daher eine Rankhilfe. Der<strong> stabile Rankturm<\/strong> in Dreiecksform l\u00e4sst neben Tomaten auch Paprika und Gurken kontrolliert <strong>in die H\u00f6he wachsen<\/strong>. Das gr\u00fcne Ger\u00fcst aus Stahl wird einfach in den Pflanztopf oder -trog gesteckt und die Triebe angebunden. Eine <strong>rei\u00dffeste Schnur aus nat\u00fcrlicher Jutefaser<\/strong> ist daf\u00fcr ideal. So sacken die Tomatenstauden sp\u00e4ter auch nicht unter der Last ihrer Fr\u00fcchte ein.<\/p>\n<p>&nbsp;<\/p>\n<p><strong>Tomatenzelt zum Schutz vor N\u00e4sse<\/strong><\/p>\n<p>Die w\u00e4rmeliebenden Tomaten f\u00fchlen sich in einem <strong>Gew\u00e4chshaus<\/strong> sehr wohl, da sie <strong>gesch\u00fctzt vor N\u00e4sse und K\u00e4lte<\/strong> wachsen und reifen k\u00f6nnen. Das Tomatenhaus besteht aus einem Metallgest\u00e4nge und einer transparenten Gitterfolie, damit w\u00e4rmendes Sonnenlicht ins Innere gelangen kann. F\u00fcr <strong>regelm\u00e4\u00dfige Bel\u00fcftung<\/strong> verf\u00fcgt es \u00fcber zwei seitliche Fenster, die Vorderseite wird mit einem Rei\u00dfverschluss ge\u00f6ffnet bzw. verschlossen. Das Tomatengew\u00e4chshaus hat keinen Boden, damit die Luft besser zirkulieren kann und sich kein Wasser ansammelt. Es ist dank <strong>Stecksystem schnell zusammengebaut<\/strong> und kann im Winter platzsparend verstaut werden.&nbsp;<\/p>\n<p><strong>Hinweis zum Standort: <\/strong>Das Tomatengew\u00e4chshaus sollte an einem m\u00f6glichst <strong>windgesch\u00fctzten Ort<\/strong> wie z.B. an einer Hausmauer oder auf einem \u00fcberdachten Balkon aufgestellt werden.<\/p>\n<p>&nbsp;<\/p>\n<p><strong>Set Inhalt<\/strong><\/p>\n<ul>\n<li>Tomatengew\u00e4chshaus aus Metallgest\u00e4nge und Gewebefolie, 2x2x0,6 m, gr\u00fcn<\/li>\n<li>Tomaten Rankturm in Dreiecksform, 150 cm(L), 30 cm(B), Stahlrohre mit Kunststoff \u00fcberzogen<\/li>\n<li>Juteschnur 50m<\/li>\n<\/ul>\n","protected":false},"excerpt":{"rendered":"<p><UL><LI>Abgestimmtes Set zur F\u00f6rderung des Tomatenwachstums und zum Schutz vor N\u00e4sse, K\u00e4lte und Sch\u00e4dlingen<\/LI><LI>Selbststehendes Tomatengew\u00e4chshaus aus stabilem Metallgest\u00e4nge und fester Gew\u00e4chshausfolie; einfacher Aufbau dank Stecksystem<\/LI><LI>Gr\u00fcner Rankturm aus kunststoffummantelten Stahlrohren f\u00fcr Pflanzt\u00f6pfe<\/LI><LI>Rei\u00dffeste und witterungsbest\u00e4ndige Juteschnur zum Anbinden der Pflanze<\/LI><\/UL><\/p>\n","protected":false},"featured_media":9490,"comment_status":"closed","ping_status":"closed","template":"","meta":[],"product_cat":[1211],"product_tag":[],"wcpa_form_fields":null,"tiered_pricing_type":"fixed","tiered_pricing_fixed_rules":[],"_links":{"self":[{"href":"https:\/\/www.gardiso.eu\/at\/wp-json\/wp\/v2\/product\/3425"}],"collection":[{"href":"https:\/\/www.gardiso.eu\/at\/wp-json\/wp\/v2\/product"}],"about":[{"href":"https:\/\/www.gardiso.eu\/at\/wp-json\/wp\/v2\/types\/product"}],"replies":[{"embeddable":true,"href":"https:\/\/www.gardiso.eu\/at\/wp-json\/wp\/v2\/comments?post=3425"}],"wp:featuredmedia":[{"embeddable":true,"href":"https:\/\/www.gardiso.eu\/at\/wp-json\/wp\/v2\/media\/9490"}],"wp:attachment":[{"href":"https:\/\/www.gardiso.eu\/at\/wp-json\/wp\/v2\/media?parent=3425"}],"wp:term":[{"taxonomy":"product_cat","embeddable":true,"href":"https:\/\/www.gardiso.eu\/at\/wp-json\/wp\/v2\/product_cat?post=3425"},{"taxonomy":"product_tag","embeddable":true,"href":"https:\/\/www.gardiso.eu\/at\/wp-json\/wp\/v2\/product_tag?post=3425"}],"curies":[{"name":"wp","href":"https:\/\/api.w.org\/{rel}","templated":true}]}}