{"id":3218,"date":"2022-08-04T17:46:27","date_gmt":"2022-08-04T15:46:27","guid":{"rendered":"https:\/\/gardiso.insektenschutz365.eu\/p\/472614-product-variation\/"},"modified":"2025-10-25T23:06:11","modified_gmt":"2025-10-25T21:06:11","slug":"igelhaus-aus-holz","status":"publish","type":"product","link":"https:\/\/www.gardiso.eu\/at\/p\/igelhaus-aus-holz\/","title":{"rendered":"Igelhaus aus unbehandeltem Holz, Ma\u00dfe: 38x38x18"},"content":{"rendered":"<h2>Igelbehausung aus Holz<\/h2>\n<p>Der nachtaktive Igel ist ein meist gern gesehener und n\u00fctzlicher Zeitgenosse. Er vertilgt flei\u00dfig unbeliebte Gartenbewohner wie Insekten, Schnecken, Engerlinge, Regenw\u00fcrmer, Spinnen, Ohrw\u00fcrmer uvm. Im Herbst futtert er sich eine extra Fettschicht an und macht sich auf die Suche nach einem Quartier f\u00fcr den Winterschlaf.<\/p>\n<p>Das Igelhaus ist ein <strong>sicherer Unterschlupf<\/strong> f\u00fcr unseren stacheligen Freund. Dieser wetterfeste\u00a0<strong>Winterschlafplatz\u00a0<\/strong>kann relativ unauff\u00e4llig im Garten aufgestellt werden. Der Korpus ist\u00a0aus unbehandeltem Holz, das Dach wurde mit gr\u00fcner\u00a0Dachpappe gedeckt. Der verwinkelte Eingang und die Trennwand im Inneren <strong>sch\u00fctzen den Igel <\/strong>vor Katzen und anderen St\u00f6renfrieden. Das Haus ist im Handumdrehen zusammengebaut und kann dank abnehmbarem Dach einfach gereinigt werden. Es hat eine fertige Gr\u00f6\u00dfe von 38 x 38 x 18 cm.<\/p>\n<p>&nbsp;<\/p>\n<p><strong>Hinweise f\u00fcr Igel-Freunde<\/strong><\/p>\n<ul>\n<li>Das Igelschlafhaus sollte <strong>im Fr\u00fchherbst aufgestellt <\/strong>und mit Laub, Stroh oder Heu gef\u00fcllt werden. Um den Igel an sein Winterquartier zu gew\u00f6hnen, kann das H\u00e4uschen bereits im Sommer platziert werden. Der Eingang zeigt idealerweise zur wetterabgewandten Seite. Wer m\u00f6chte, kann eine Unterlage wie z.B. eine Steinplatte, Kies oder Sand verwenden, damit es auch von unten herauf nicht zu nass wird.<\/li>\n<li>Als <strong>optimaler Standort<\/strong> eignet sich ein ruhiger, trockener, schattiger und gesch\u00fctzter Platz &#8211; z.B. unter Hecken oder Str\u00e4uchern. Das Haus kann bis in den Mai hinein dort stehen bleiben.<\/li>\n<li>Der Igel h\u00e4lt ab ca. <strong>Ende Oktober Winterschlaf <\/strong>und sollte von nun an in Ruhe gelassen werden.<\/li>\n<li>Dem Igel zuliebe auf den Einsatz von Schneckengift und Sch\u00e4dlingsvernichtungsgiften verzichten.<\/li>\n<\/ul>\n","protected":false},"excerpt":{"rendered":"<ul>\n<li>Sicheres R\u00fcckzugs- und Winterquartier f\u00fcr Igel<\/li>\n<li>Abgeschr\u00e4gtes Dach mit Dachpappe gedeckt<\/li>\n<li>Verwinkelter Eingang sch\u00fctzt den Igel vor Katzen, Hunden &amp; Co<\/li>\n<li>Igelhaus aus unbehandeltem Holz &#8211; Fix &amp; fertig zusammengebaut<\/li>\n<li>Dach des Igelhauses ist abnehmbar &amp; erm\u00f6glicht eine leichte Reinigung<\/li>\n<\/ul>\n","protected":false},"featured_media":8131,"comment_status":"open","ping_status":"closed","template":"","meta":[],"product_cat":[1223,1222],"product_tag":[],"wcpa_form_fields":null,"tiered_pricing_type":"fixed","tiered_pricing_fixed_rules":[],"_links":{"self":[{"href":"https:\/\/www.gardiso.eu\/at\/wp-json\/wp\/v2\/product\/3218"}],"collection":[{"href":"https:\/\/www.gardiso.eu\/at\/wp-json\/wp\/v2\/product"}],"about":[{"href":"https:\/\/www.gardiso.eu\/at\/wp-json\/wp\/v2\/types\/product"}],"replies":[{"embeddable":true,"href":"https:\/\/www.gardiso.eu\/at\/wp-json\/wp\/v2\/comments?post=3218"}],"wp:featuredmedia":[{"embeddable":true,"href":"https:\/\/www.gardiso.eu\/at\/wp-json\/wp\/v2\/media\/8131"}],"wp:attachment":[{"href":"https:\/\/www.gardiso.eu\/at\/wp-json\/wp\/v2\/media?parent=3218"}],"wp:term":[{"taxonomy":"product_cat","embeddable":true,"href":"https:\/\/www.gardiso.eu\/at\/wp-json\/wp\/v2\/product_cat?post=3218"},{"taxonomy":"product_tag","embeddable":true,"href":"https:\/\/www.gardiso.eu\/at\/wp-json\/wp\/v2\/product_tag?post=3218"}],"curies":[{"name":"wp","href":"https:\/\/api.w.org\/{rel}","templated":true}]}}