{"id":3216,"date":"2022-08-04T17:46:27","date_gmt":"2022-08-04T15:46:27","guid":{"rendered":"https:\/\/gardiso.insektenschutz365.eu\/p\/deckel-fuer-zimmergewaechshaus-anzuchtschale-klein\/"},"modified":"2026-03-24T11:48:45","modified_gmt":"2026-03-24T10:48:45","slug":"zimmergewaechshaus-deckel-transparent-38x24x13cm","status":"publish","type":"product","link":"https:\/\/www.gardiso.eu\/at\/p\/zimmergewaechshaus-deckel-transparent-38x24x13cm\/","title":{"rendered":"Zimmergew\u00e4chshaus Deckel transparent 38x24x13cm"},"content":{"rendered":"<p><strong>Glasklare Abdeckhaube f\u00fcr ein Zimmergew\u00e4chshaus<\/strong><\/p>\n<p>Der<strong>&nbsp;stabile Deckel&nbsp;<\/strong>(38x24x13 cm) hat zwei verstellbare L\u00fcftungsklappen zur Steuerung von &nbsp;Temperatur, Luftzufuhr und Luftfeuchtigkeit im Inneren des Gew\u00e4chshauses. Die durchsichtige, abgeflachte Haube sorgt daf\u00fcr, dass die Pflanzen gen\u00fcgend Licht bekommen. Durch die gro\u00dfe Deckelh\u00f6he von 13 cm k\u00f6nnen die Setzlinge lange im Schutz des Gew\u00e4chshauses bleiben.<\/p>\n<p>Mit einem&nbsp;<a data-tabindex-counter=\"&quot;1&quot;\" data-tabindex-value=\"&quot;none&quot;\" href=\"\/\/www.gardiso.eu\/at\/shop\/Pflanzenanzucht\/Anzucht-Indoor-c62113&quot;\" tabindex=\"&quot;-1&quot;\" target=\"&quot;_blank&quot;\" title=\"&quot;Zimmergew\u00e4chsh\u00e4user\" Anzucht auf der rel=\"noopener\">Fensterbank-Zimmergew\u00e4chshaus<\/a>&nbsp;und der&nbsp;<strong>Anzucht von feinen Kr\u00e4utern &amp;&nbsp;Sprossen&nbsp;<\/strong>l\u00e4sst sich der Fr\u00fchling vorzeitig&nbsp;ins Zuhause holen.<\/p>\n<p>&nbsp;<\/p>\n<p><strong>Eckdaten<\/strong><\/p>\n<ul>\n<li>Gr\u00f6\u00dfe: 38x24x13 cm (BxTxH)<\/li>\n<li>Farbe: transparent<\/li>\n<li>Lieferumfang: 1 Abdeckhaube mit zwei Bel\u00fcftungsreglern<\/li>\n<\/ul>\n<p><strong>Hinweis<\/strong><br \/>\nDer Deckel passt perfekt auf eine&nbsp;<a data-tabindex-counter=\"&quot;1&quot;\" data-tabindex-value=\"&quot;none&quot;\" href=\"&quot;\/at\/shop\/pflanzenanzucht\/zimmergewaechshaus-anzuchtschale-gruen-38x24x6cm-p46977?listName=shop&quot;\" tabindex=\"&quot;-1&quot;\" target=\"&quot;_blank&quot;\" title=\"&quot;Gr\u00fcne\" Aussaatschale rel=\"noopener\">gr\u00fcne<\/a>&nbsp;oder&nbsp;<a data-tabindex-counter=\"&quot;1&quot;\" data-tabindex-value=\"&quot;none&quot;\" href=\"&quot;\/at\/shop\/pflanzenanzucht\/zimmergewaechshaus-anzuchtschale-gelb-38x24x6cm-p46978?listName=shop&quot;\" tabindex=\"&quot;-1&quot;\" target=\"&quot;_blank&quot;\" title=\"&quot;Gelbe\" Anzuchtschale ein rel=\"noopener\">gelbe Aussaatschale<\/a>&nbsp;&#8211; im Handumdrehen entsteht&nbsp;ein&nbsp;<strong>stabiles Zimmergew\u00e4chshaus.&nbsp;<\/strong>Die Saatschalen sind extra erh\u00e4ltlich.<\/p>\n","protected":false},"excerpt":{"rendered":"<p><UL><LI>Transparente Abdeckhaube mit 2 L\u00fcftungsreglern<\/LI><LI>Extra hoher Deckel aus lichtdurchl\u00e4ssigem Kunststoff, PAK-frei<\/LI><LI>Passende Saatschale f\u00fcr ein Zimmergew\u00e4chshaus extra erh\u00e4ltlich<\/LI><\/UL><\/p>\n","protected":false},"featured_media":1602,"comment_status":"closed","ping_status":"closed","template":"","meta":[],"product_cat":[1211,1213],"product_tag":[],"wcpa_form_fields":null,"tiered_pricing_type":"fixed","tiered_pricing_fixed_rules":[],"_links":{"self":[{"href":"https:\/\/www.gardiso.eu\/at\/wp-json\/wp\/v2\/product\/3216"}],"collection":[{"href":"https:\/\/www.gardiso.eu\/at\/wp-json\/wp\/v2\/product"}],"about":[{"href":"https:\/\/www.gardiso.eu\/at\/wp-json\/wp\/v2\/types\/product"}],"replies":[{"embeddable":true,"href":"https:\/\/www.gardiso.eu\/at\/wp-json\/wp\/v2\/comments?post=3216"}],"wp:featuredmedia":[{"embeddable":true,"href":"https:\/\/www.gardiso.eu\/at\/wp-json\/wp\/v2\/media\/1602"}],"wp:attachment":[{"href":"https:\/\/www.gardiso.eu\/at\/wp-json\/wp\/v2\/media?parent=3216"}],"wp:term":[{"taxonomy":"product_cat","embeddable":true,"href":"https:\/\/www.gardiso.eu\/at\/wp-json\/wp\/v2\/product_cat?post=3216"},{"taxonomy":"product_tag","embeddable":true,"href":"https:\/\/www.gardiso.eu\/at\/wp-json\/wp\/v2\/product_tag?post=3216"}],"curies":[{"name":"wp","href":"https:\/\/api.w.org\/{rel}","templated":true}]}}