{"id":3214,"date":"2022-08-04T17:46:27","date_gmt":"2022-08-04T15:46:27","guid":{"rendered":"https:\/\/gardiso.insektenschutz365.eu\/p\/premium-hochbeet-starterset\/"},"modified":"2023-12-01T17:49:04","modified_gmt":"2023-12-01T16:49:04","slug":"premium-hochbeet-starterset","status":"publish","type":"product","link":"https:\/\/www.gardiso.eu\/at\/p\/premium-hochbeet-starterset\/","title":{"rendered":"Premium Hochbeet-Starterset"},"content":{"rendered":"<p><strong>Hochbeet-Starterset f\u00fcr Gem\u00fcseliebhaber<\/strong><\/p>\n<p>Mit diesem Hochbeet-Komplettset starten Sie erfolgreich und unkompliziert in den Fr\u00fchling! Damit Ihr Hochbeet ein Erfolg wird, sind alle essentiellen Komponenten enthalten: das Hochbeet, Noppenfolie, Schneckenband und Fr\u00fchbeetaufsatz. Dies ist die ideale Kombi f\u00fcr Anzucht und Aufzucht. Nur Erde und Pflanzen m\u00fcssen Sie noch hinzuf\u00fcgen und in Windeseile zaubern Sie ein gesundes Selbstbedienungs-Buffet f\u00fcr den Sommer. Das Hochbeet bietet eine angenehme Arbeitsh\u00f6he f\u00fcr bequemes Bepflanzen.<\/p>\n<p>&nbsp;<\/p>\n<p><strong>Hochbeet Aufbau leicht gemacht<\/strong><\/p>\n<p>Das Hochbeet aus unbehandeltem Kiefernholz ist im Baukasten-Prinzip aufgebaut. Die einzelnen Elemente sind dank beigelegter Montageanleitung einfach und rasch zusammengesetzt und verschraubt. Es empfiehlt sich zu zweit zu arbeiten, da der Aufbau wesentlich leichter vonstattengeht. Durch die komfortable H\u00f6he von knapp 80 cm kann r\u00fccken- und knieschonend geg\u00e4rtnert werden.<\/p>\n<p><strong>Fertiges Set f\u00fcr Anzucht und Aufzucht von Gem\u00fcse\u00a0<\/strong><\/p>\n<p>Der Fr\u00fchbeetaufsatz punktet mit einem Schutz aus Hohlkammerprofilplatten, die ein warmes und feuchtes Klima erzeugen, indem sie den W\u00e4rmehaushalt optimal beeinflussen. Dieses Wachstumsklima ist insbesondere f\u00fcr die Jungpflanzenanzucht und die Pflanzenvermehrung ideal. Dank der gesch\u00fctzten Atmosph\u00e4re kann ein <strong>Reifevorsprung <\/strong>gegen\u00fcber ungesch\u00fctzten Beeten <strong>von mehreren Wochen<\/strong> erzielt werden \u2013 und schon sehr zeitig mit dem Gem\u00fcseanbau begonnen werden, gut gesch\u00fctzt vor vielleicht noch k\u00fchlen N\u00e4chten oder kalten Winden. F\u00fcr eine individuelle Klimasteuerung gibt es 2, separat zu \u00f6ffnende Fl\u00fcgel. Sind die letzten Nachtfr\u00f6ste vorbei, kann der Aufsatz einfach entfernt werden.<\/p>\n<p><strong>Schutz vor Staun\u00e4sse<\/strong><\/p>\n<p>Die Noppenfolie wird mit den <strong>Noppen in Richtung des Holze<\/strong>s befestigt. Sie verhindert, dass zu viel Feuchtigkeit entweicht und die Erde austrocknet. Gleichzeitig wird der Kontakt zwischen Erde und Holz vermieden und Wasser kann zwischen den Noppen nach unten ablaufen. So wird <strong>Staun\u00e4sse vorgebeugt<\/strong>, die in weiterer Folge zu Verrottung und Pilzbefall f\u00fchren kann. Nat\u00fcrlich ist die Folie schadstoffgepr\u00fcft. Beide Produkte k\u00f6nnen zugeschnitten werden und sind optimal auf einander abgestimmt.<\/p>\n<p><strong>Keine Schnecken im Hochbeet!<\/strong><\/p>\n<p>Damit Sie Ihr Hochbeet <strong>vor Schnecken sch\u00fctzen<\/strong> k\u00f6nnen, ist ein <strong>Schneckenabwehrband aus Kupfer<\/strong> im Set enthalten. Dieses Abwehrband ist ein optimaler Schneckenschutz f\u00fcr Ihre kostbaren Pflanzen. Das selbstklebende Kupferband wird einfach am Beet angebracht, und danach gut gen\u00e4sst, damit sich die Oxidationsschicht optimal bildet. Die Schnecken werden den Kontakt mit dieser Schutzschicht meiden und die Pflanzen k\u00f6nnen ungest\u00f6rt weiterwachsen.<\/p>\n<p>&nbsp;<\/p>\n<p><strong>Tipps, wie Sie das Hochbeet bef\u00fcllen k\u00f6nnen:<\/strong><\/p>\n<ul>\n<li>1. und unterste Schicht (ca. 25 cm): grobe \u00c4ste,\u00a0Baum- und Strauchschnitt, Wurzelst\u00f6cke<\/li>\n<li>2. Schicht (ca. 10 &#8211; 15 cm) = H\u00e4ckselgut (d\u00fcnne \u00c4ste, klein geschnittenes Holz) und Gras<\/li>\n<li>3. Schicht (ca. 20 cm) : grober, nicht fertiger Kompost (Garten-, Laub und Bioabf\u00e4lle)<\/li>\n<li>4.\u00a0 und oberste Schicht (ca. 30 cm) = hochwerte Blumen-\/Pflanzenerde, Humuserde<\/li>\n<\/ul>\n<p>&nbsp;<\/p>\n<p><strong>Tipps zur Pflege und Behandlung des Beetes<\/strong><\/p>\n<p>Das Hochbeet besteht aus unbehandeltem Kiefernholz. Dieses k\u00f6nnen Sie f\u00fcr eine\u00a0<strong>verl\u00e4ngerte Haltbarkeit\u00a0<\/strong>einlassen. Wir empfehlen eine\u00a0<strong>nat\u00fcrliche Holzbehandlung<\/strong>\u00a0mit\u00a0biologischen \u00d6len oder Wachsen.<\/p>\n<p>&nbsp;<\/p>\n<p><strong>Eckdaten<\/strong><\/p>\n<ul>\n<li>1x Hochbeet: 100 cm (L.), 63 cm (B.), 70\/130 cm (H.), 52 kg, 350 l F\u00fcllvolumen, aus unbehandeltem Kiefernholz, 6 Holzelemente inkl. Befestigungsmaterial<\/li>\n<li>1x Schneckenabwehrband: 5 m (L.), 3 cm (B.), aus Kupfer<\/li>\n<li>1x Noppenfolie: Gr\u00f6\u00dfe 6,5 x 0,9 m<\/li>\n<li>1x Fr\u00fchbeetaufsatz mit Hohlkammerprofilplatten<\/li>\n<\/ul>\n","protected":false},"excerpt":{"rendered":"<ul>\n<li>Set mit Hochbeet, Fr\u00fchbeetaufsatz mit Hohlkammerprofilplatten, Schneckenband &amp; Noppenfolie<\/li>\n<li>Nat\u00fcrlicher Reifevorsprung von mehreren Wochen durch wachstumsf\u00f6rderndes Klima unter dem Fr\u00fchbeetaufsatz<\/li>\n<li>Schadstoffgepr\u00fcfte Qualit\u00e4t<\/li>\n<li>Kein Ernteverlust dank giftfreiem Sch\u00e4dlingsschutz: Schneckenband<\/li>\n<li>Made in EU \/ Deutschland<\/li>\n<li>Bausatz aus vormontierten Elementen, aus massivem Kiefernholz, notwendiges Schraubenmaterial enthalten<\/li>\n<\/ul>\n","protected":false},"featured_media":8187,"comment_status":"closed","ping_status":"closed","template":"","meta":[],"product_cat":[1211],"product_tag":[],"wcpa_form_fields":null,"tiered_pricing_type":"fixed","tiered_pricing_fixed_rules":[],"_links":{"self":[{"href":"https:\/\/www.gardiso.eu\/at\/wp-json\/wp\/v2\/product\/3214"}],"collection":[{"href":"https:\/\/www.gardiso.eu\/at\/wp-json\/wp\/v2\/product"}],"about":[{"href":"https:\/\/www.gardiso.eu\/at\/wp-json\/wp\/v2\/types\/product"}],"replies":[{"embeddable":true,"href":"https:\/\/www.gardiso.eu\/at\/wp-json\/wp\/v2\/comments?post=3214"}],"wp:featuredmedia":[{"embeddable":true,"href":"https:\/\/www.gardiso.eu\/at\/wp-json\/wp\/v2\/media\/8187"}],"wp:attachment":[{"href":"https:\/\/www.gardiso.eu\/at\/wp-json\/wp\/v2\/media?parent=3214"}],"wp:term":[{"taxonomy":"product_cat","embeddable":true,"href":"https:\/\/www.gardiso.eu\/at\/wp-json\/wp\/v2\/product_cat?post=3214"},{"taxonomy":"product_tag","embeddable":true,"href":"https:\/\/www.gardiso.eu\/at\/wp-json\/wp\/v2\/product_tag?post=3214"}],"curies":[{"name":"wp","href":"https:\/\/api.w.org\/{rel}","templated":true}]}}