{"id":3212,"date":"2022-08-04T17:46:27","date_gmt":"2022-08-04T15:46:27","guid":{"rendered":"https:\/\/gardiso.insektenschutz365.eu\/p\/eichhoernchen-futterstation-aus-holz\/"},"modified":"2025-12-30T06:38:48","modified_gmt":"2025-12-30T05:38:48","slug":"eichhoernchen-futterstation-aus-holz","status":"publish","type":"product","link":"https:\/\/www.gardiso.eu\/at\/p\/eichhoernchen-futterstation-aus-holz\/","title":{"rendered":"Eichh\u00f6rnchen Futterstation aus Holz"},"content":{"rendered":"<h4><strong>Attraktiver Gastgeber f\u00fcr Eichh\u00f6rnchen<\/strong><\/h4>\n<p>Die neugierigen Tiere lassen sich nicht zweimal bitten, wenn man ihnen ein leckeres Buffet vorbereitet. Der leichte Deckel kann von den Tieren ohne Probleme angehoben werden. Die Eichh\u00f6rnchen bevorzugen abwechslungsreiche Kost, welche ganzj\u00e4hrig verf\u00fcttert werden kann. Ein integriertes Sichtfenster erm\u00f6glicht eine einfache Futterstandskontrolle.<\/p>\n<p>&nbsp;<\/p>\n<p><strong>Hinweise f\u00fcr Eichh\u00f6rnchen-Freunde<\/strong><\/p>\n<ul>\n<li>Die kleinen Nager lieben kraftspendendes Futter wie&nbsp;Haseln\u00fcsse, Waln\u00fcsse, Sonnenblumenkerne, Samen, Beeren, Eicheln, Kastanien, etc.<strong>&nbsp;<\/strong><\/li>\n<li>Der optimale Standort f\u00fcr das Futterhaus ist ein ruhiger, vor Katzen gesch\u00fctzter Ort &#8211;&nbsp;ideal auf B\u00e4umen oder in Str\u00e4uchern.&nbsp;<\/li>\n<\/ul>\n","protected":false},"excerpt":{"rendered":"<p><UL><LI>Idealer Platz zur F\u00fctterung und Beobachtung von Eichh\u00f6rnchen<\/LI><LI>Integriertes Sichtfenster zur Futterstand-Kontrolle<\/LI><LI>Aus unbehandeltem Fichtenholz<\/LI><LI>Einfache Bef\u00fcllung durch aufklappbares Dach<\/LI><LI>Inklusive Befestigungsschrauben und Haken<\/LI><\/UL><\/p>\n","protected":false},"featured_media":9491,"comment_status":"closed","ping_status":"closed","template":"","meta":[],"product_cat":[1223,1222],"product_tag":[],"wcpa_form_fields":null,"tiered_pricing_type":"fixed","tiered_pricing_fixed_rules":[],"_links":{"self":[{"href":"https:\/\/www.gardiso.eu\/at\/wp-json\/wp\/v2\/product\/3212"}],"collection":[{"href":"https:\/\/www.gardiso.eu\/at\/wp-json\/wp\/v2\/product"}],"about":[{"href":"https:\/\/www.gardiso.eu\/at\/wp-json\/wp\/v2\/types\/product"}],"replies":[{"embeddable":true,"href":"https:\/\/www.gardiso.eu\/at\/wp-json\/wp\/v2\/comments?post=3212"}],"wp:featuredmedia":[{"embeddable":true,"href":"https:\/\/www.gardiso.eu\/at\/wp-json\/wp\/v2\/media\/9491"}],"wp:attachment":[{"href":"https:\/\/www.gardiso.eu\/at\/wp-json\/wp\/v2\/media?parent=3212"}],"wp:term":[{"taxonomy":"product_cat","embeddable":true,"href":"https:\/\/www.gardiso.eu\/at\/wp-json\/wp\/v2\/product_cat?post=3212"},{"taxonomy":"product_tag","embeddable":true,"href":"https:\/\/www.gardiso.eu\/at\/wp-json\/wp\/v2\/product_tag?post=3212"}],"curies":[{"name":"wp","href":"https:\/\/api.w.org\/{rel}","templated":true}]}}