{"id":3206,"date":"2022-08-04T17:46:27","date_gmt":"2022-08-04T15:46:27","guid":{"rendered":"https:\/\/gardiso.insektenschutz365.eu\/p\/rasenkante-biegsam-bruchfest\/"},"modified":"2025-12-30T06:39:22","modified_gmt":"2025-12-30T05:39:22","slug":"rasenkante-biegsam-bruchfest","status":"publish","type":"product","link":"https:\/\/www.gardiso.eu\/at\/p\/rasenkante-biegsam-bruchfest\/","title":{"rendered":"Rasenkante biegsam + bruchfest"},"content":{"rendered":"<h4>Bruchfeste Rasenkante f\u00fcr langj\u00e4hrigen Einsatz<\/h4>\n<p>Die\u00a0stabile und dennoch flexible Raseneinfassung ist ein wahrlich n\u00fctzliches Helferlein aller Gartenbesitzer. Einmal in die Erde gesetzt, bleibt sie dort f\u00fcr ca.\u00a030 Jahre und kommt ihrer Aufgabe als Barriereschutz zuverl\u00e4ssig\u00a0nach. Das bruchfeste und frostsichere Material h\u00e4lt Temperaturen von -25\u00b0C bis +60\u00b0C stand. Somit wird auf lange Zeit die <strong>Ausbreitung des Rasens<\/strong> hin zu Gem\u00fcsebeeten, Str\u00e4ucher\u00a0und Gehwegen <strong>verhindert<\/strong>.<\/p>\n<p>Trotz ihrer sehr robusten\u00a0Eigenschaften ist die Rasenkante <strong>elastisch und biegsam<\/strong>. Es lassen sich nicht nur gerade Fl\u00e4chen, sondern auch Rundungen,\u00a0Kurven\u00a0und Ecken gestalten.\u00a0Idealerweise wird der gew\u00fcnschte Verlauf der Rasenkante zuerst\u00a0vorgestochen (zB mit einem Spaten), um diese anschlie\u00dfend in die Erde zu dr\u00fccken oder mit einem Gummihammer einzuschlagen. Sie sollte noch 1 &#8211; 2 cm aus dem Boden herausragen, und kann mit dem <strong>Rasenm\u00e4her bedenkenlos \u00fcberfahren<\/strong> werden.<\/p>\n<p>&nbsp;<\/p>\n<p><strong>Eckdaten<\/strong><\/p>\n<ul>\n<li>L\u00e4nge: 8\u00a0m<\/li>\n<li>H\u00f6he: 12,5 cm<\/li>\n<li>Material: Kunststoff<\/li>\n<li>Farbe: dunkelgrau<\/li>\n<\/ul>\n<p>&nbsp;<\/p>\n<p><strong>Lieferumfang<\/strong><\/p>\n<ul>\n<li>1 Rasenkante mit 8m L\u00e4nge<\/li>\n<\/ul>\n","protected":false},"excerpt":{"rendered":"<ul>\n<li>Flexible Raseneinfassung aus Kunststoff<\/li>\n<li>Die L\u00e4ngsrillen sorgen f\u00fcr gr\u00f6\u00dfere Stabilit\u00e4t<\/li>\n<li>Zum Einsetzen in die Erde bis auf 2 cm geeignet<\/li>\n<li>Bruchfest und haltbar in der Erde f\u00fcr ca. 30 Jahre<\/li>\n<li>Anwendung im Temperaturbereich von -25\u00b0C bis +60\u00b0C<\/li>\n<\/ul>\n","protected":false},"featured_media":9495,"comment_status":"closed","ping_status":"closed","template":"","meta":[],"product_cat":[1227,1181],"product_tag":[],"wcpa_form_fields":null,"tiered_pricing_type":"fixed","tiered_pricing_fixed_rules":[],"_links":{"self":[{"href":"https:\/\/www.gardiso.eu\/at\/wp-json\/wp\/v2\/product\/3206"}],"collection":[{"href":"https:\/\/www.gardiso.eu\/at\/wp-json\/wp\/v2\/product"}],"about":[{"href":"https:\/\/www.gardiso.eu\/at\/wp-json\/wp\/v2\/types\/product"}],"replies":[{"embeddable":true,"href":"https:\/\/www.gardiso.eu\/at\/wp-json\/wp\/v2\/comments?post=3206"}],"wp:featuredmedia":[{"embeddable":true,"href":"https:\/\/www.gardiso.eu\/at\/wp-json\/wp\/v2\/media\/9495"}],"wp:attachment":[{"href":"https:\/\/www.gardiso.eu\/at\/wp-json\/wp\/v2\/media?parent=3206"}],"wp:term":[{"taxonomy":"product_cat","embeddable":true,"href":"https:\/\/www.gardiso.eu\/at\/wp-json\/wp\/v2\/product_cat?post=3206"},{"taxonomy":"product_tag","embeddable":true,"href":"https:\/\/www.gardiso.eu\/at\/wp-json\/wp\/v2\/product_tag?post=3206"}],"curies":[{"name":"wp","href":"https:\/\/api.w.org\/{rel}","templated":true}]}}