{"id":3203,"date":"2022-08-04T17:46:27","date_gmt":"2022-08-04T15:46:27","guid":{"rendered":"https:\/\/gardiso.insektenschutz365.eu\/p\/anzuchttoepfe-aus-kunststoff\/"},"modified":"2025-12-30T11:39:21","modified_gmt":"2025-12-30T10:39:21","slug":"anzuchttoepfe-aus-kunststoff","status":"publish","type":"product","link":"https:\/\/www.gardiso.eu\/at\/p\/anzuchttoepfe-aus-kunststoff\/","title":{"rendered":"Anzuchtt\u00f6pfe aus Kunststoff"},"content":{"rendered":"<p><h4><strong>Pflanzt\u00f6pfe&nbsp;f\u00fcr gesundes Pflanzenwachstum<\/strong><\/h4>\n<p>Kr\u00e4ftige, gesunde Pflanzen selbst heranziehen und sicher durch die kalte Jahreszeit bringen?&nbsp;Saatt\u00f6pfe &#8211; ob rund oder eckig, klein oder gro\u00df &#8211; sind ein unverzichtbarer Helfer in der&nbsp;<a href=\"\/\/www.gardiso.eu\/at\/shop\/Pflanzenanzucht-c62091&quot;\" target=\"&quot;_blank&quot;\" title=\"&quot;Alles\" rel=\"noopener\">Pflanzenanzucht<\/a>.<\/p>\n<p>Mit den praktischen Anzuchtschalen haben Sie das ideale Gef\u00e4\u00df zum Ausbringen von Samen. Bei optimalen Bedingungen dauert es nicht lange bis ein kleiner Setzling sein K\u00f6pfchen aus der Erde streckt.&nbsp;Einfach zu verwenden mit&nbsp;<a href=\"\/\/www.gardiso.eu\/at\/shop\/Pflanzenanzucht\/Anzucht-Indoor\/quelltabletten-aus-kokos-fuer-anzucht--50-stueck-p58688?listName=shop&quot;\" target=\"&quot;_blank&quot;\" title=\"&quot;Quelltabletten\" rel=\"noopener\">Quelltabletten<\/a>&nbsp;oder Anzuchterde.&nbsp;<a href=\"\/\/www.gardiso.eu\/at\/shop\/pflanzenanzucht\/anzucht-indoor-c62113&quot;\" target=\"&quot;_blank&quot;\" title=\"&quot;Mini-Gew\u00e4chsh\u00e4user\" rel=\"noopener\">Zimmergew\u00e4chsh\u00e4user f\u00fcr die Fensterbank<\/a>&nbsp;sorgen f\u00fcr optimale Anzuchtbedingungen auf kleinem Raum.<\/p>\n<p>&nbsp;<\/p>\n<p>\u200b<strong>Eckdaten<\/strong><\/p>\n<ul>\n<li>Durchmesser: 4&nbsp;cm<\/li>\n<li>Form:&nbsp;eckig<\/li>\n<li>Farbe: braun\/schwarz<\/li>\n<\/ul>\n<p><strong>Lieferumfang<\/strong><\/p>\n<ul>\n<li>4 Topfplatten mit 6 T\u00f6pfen<\/li>\n<\/ul>\n","protected":false},"excerpt":{"rendered":"<p><UL><LI>Anzuchtt\u00f6pfe mit Platz f\u00fcr 24 Pfl\u00e4nzchen<\/LI><LI>Ideal f\u00fcr die ersten Wachstumstage und -wochen<\/LI><LI>Topfplatte aus Kunststoff<\/LI><\/UL><\/p>\n","protected":false},"featured_media":9489,"comment_status":"closed","ping_status":"closed","template":"","meta":[],"product_cat":[1211,1213],"product_tag":[],"wcpa_form_fields":null,"tiered_pricing_type":"fixed","tiered_pricing_fixed_rules":[],"_links":{"self":[{"href":"https:\/\/www.gardiso.eu\/at\/wp-json\/wp\/v2\/product\/3203"}],"collection":[{"href":"https:\/\/www.gardiso.eu\/at\/wp-json\/wp\/v2\/product"}],"about":[{"href":"https:\/\/www.gardiso.eu\/at\/wp-json\/wp\/v2\/types\/product"}],"replies":[{"embeddable":true,"href":"https:\/\/www.gardiso.eu\/at\/wp-json\/wp\/v2\/comments?post=3203"}],"wp:featuredmedia":[{"embeddable":true,"href":"https:\/\/www.gardiso.eu\/at\/wp-json\/wp\/v2\/media\/9489"}],"wp:attachment":[{"href":"https:\/\/www.gardiso.eu\/at\/wp-json\/wp\/v2\/media?parent=3203"}],"wp:term":[{"taxonomy":"product_cat","embeddable":true,"href":"https:\/\/www.gardiso.eu\/at\/wp-json\/wp\/v2\/product_cat?post=3203"},{"taxonomy":"product_tag","embeddable":true,"href":"https:\/\/www.gardiso.eu\/at\/wp-json\/wp\/v2\/product_tag?post=3203"}],"curies":[{"name":"wp","href":"https:\/\/api.w.org\/{rel}","templated":true}]}}