{"id":3199,"date":"2022-08-04T17:46:18","date_gmt":"2022-08-04T15:46:18","guid":{"rendered":"https:\/\/gardiso.insektenschutz365.eu\/p\/marderabwehr-fuers-auto-bodenmatte-1915m\/"},"modified":"2025-07-22T17:10:22","modified_gmt":"2025-07-22T15:10:22","slug":"marderabwehr-fuers-auto-bodenmatte-1915m","status":"publish","type":"product","link":"https:\/\/www.gardiso.eu\/at\/p\/marderabwehr-fuers-auto-bodenmatte-1915m\/","title":{"rendered":"Marderabwehr f\u00fcrs Auto &#8211; Bodenmatte 1,9*1,5m"},"content":{"rendered":"<h4>Anti-MARDER-Gittermatte zum Schutz des Autos<\/h4>\n<p>Automarder toben sich gerne im Motorraum aus und zerbei\u00dfen Z\u00fcndkabel und K\u00fchlschl\u00e4uche. \u00c4rger und Schaden sind meist gro\u00df und h\u00e4ufig bleibt es nicht bei diesem einen Mal.<\/p>\n<p>Die <strong>Kunststoff-Gittermatte\u00a0aus\u00a0HDPE<\/strong>\u00a0(1,9 x 1,5 m) wurde speziell daf\u00fcr entwickelt, die Nager\u00a0vom Auto fernzuhalten, da diese das Laufen auf Gittern\u00a0gar nicht\u00a0m\u00f6gen.<\/p>\n<p>Die Matte wird einfach am\u00a0Boden des Auto-Stellplatzes\u00a0ausgelegt\u00a0und der vorderen Teil des Fahrzeugs mittig darauf platziert. Fertig!\u00a0Durch einfaches Zusammenrollen ist das Gitter ortsunabh\u00e4ngig immer zur Hand. TIPP: Das Gewebe kann auch auf einen Holz- oder Metallrahmen angebracht und dadurch stabilisiert werden. (sinnvoll bei z.B. fixen\u00a0Parkpl\u00e4tzen)<\/p>\n<p>&nbsp;<\/p>\n<p><strong>Hinweis<\/strong><br \/>\nMarder sind Wiederholungst\u00e4ter. Hat sich bereits ein Exemplar im Motorraum Ihres Autos ausgetobt, ist die Chance auf ein Comeback gro\u00df. Damit die k\u00fcnftigen Abwehrma\u00dfnahmen greifen, wird angeraten, zuerst eine gr\u00fcndliche Autow\u00e4sche und ggf. eine Motorw\u00e4sche beim Profi zu machen. Die Duftspuren k\u00f6nnen auch mit einem speziellen Duftmarkenentferner beseitigt werden.<\/p>\n","protected":false},"excerpt":{"rendered":"<ul>\n<li>Flexible und mobil einsetzbare Anti-Marder-Bodenmatte<\/li>\n<li>Gitter aus langlebigem, stabilen HDPE-Gewebe<\/li>\n<li>Positionierung erfolgt direkt unter dem Motorraum<\/li>\n<li>Keine Ein- oder Umbauten am Fahrzeug notwendig<\/li>\n<li>Tierschonende Alternative zu Ultraschallger\u00e4ten<\/li>\n<\/ul>\n","protected":false},"featured_media":1573,"comment_status":"closed","ping_status":"closed","template":"","meta":[],"product_cat":[1234,1115],"product_tag":[],"wcpa_form_fields":null,"tiered_pricing_type":"fixed","tiered_pricing_fixed_rules":[],"_links":{"self":[{"href":"https:\/\/www.gardiso.eu\/at\/wp-json\/wp\/v2\/product\/3199"}],"collection":[{"href":"https:\/\/www.gardiso.eu\/at\/wp-json\/wp\/v2\/product"}],"about":[{"href":"https:\/\/www.gardiso.eu\/at\/wp-json\/wp\/v2\/types\/product"}],"replies":[{"embeddable":true,"href":"https:\/\/www.gardiso.eu\/at\/wp-json\/wp\/v2\/comments?post=3199"}],"wp:featuredmedia":[{"embeddable":true,"href":"https:\/\/www.gardiso.eu\/at\/wp-json\/wp\/v2\/media\/1573"}],"wp:attachment":[{"href":"https:\/\/www.gardiso.eu\/at\/wp-json\/wp\/v2\/media?parent=3199"}],"wp:term":[{"taxonomy":"product_cat","embeddable":true,"href":"https:\/\/www.gardiso.eu\/at\/wp-json\/wp\/v2\/product_cat?post=3199"},{"taxonomy":"product_tag","embeddable":true,"href":"https:\/\/www.gardiso.eu\/at\/wp-json\/wp\/v2\/product_tag?post=3199"}],"curies":[{"name":"wp","href":"https:\/\/api.w.org\/{rel}","templated":true}]}}