{"id":3196,"date":"2022-08-04T17:46:18","date_gmt":"2022-08-04T15:46:18","guid":{"rendered":"https:\/\/gardiso.insektenschutz365.eu\/p\/82562-product-variation\/"},"modified":"2022-08-08T19:04:50","modified_gmt":"2022-08-08T17:04:50","slug":"seilspann-sonnensegel-montageset-270x140cm","status":"publish","type":"product","link":"https:\/\/www.gardiso.eu\/at\/p\/seilspann-sonnensegel-montageset-270x140cm\/","title":{"rendered":"Seilspann-Sonnensegel + Montageset 270x140cm"},"content":{"rendered":"<h2>Seilspann-Sonnensegel mit Montagematerial f\u00fcr Pergola &amp; Wintergarten<\/h2>\n<p>Sonnengesch\u00fctzte, k\u00fchle Pl\u00e4tze sind an hei\u00dfen Tagen sehr begehrt. Umso sch\u00f6ner, wenn diese im eigenen Zuhause geschaffen werden k\u00f6nnen.&nbsp;<\/p>\n<p>Mit dieser starken Sonnenschutz Kombi erhalten Sie ein <strong>Seilspannsegel und passendes Montagezubeh\u00f6r.<\/strong> Eine <strong>Innenbeschattung f\u00fcr Terrassen\u00fcberdachungen und Winterg\u00e4rten<\/strong> ist damit schnell geschaffen. Das leicht transparente Polyester-Gewebe ist lichtdurchl\u00e4ssig und sorgt f\u00fcr freundlichen Lichteinfall in den Raum. Als <strong>Sonnenschutz unter Glasd\u00e4chern<\/strong> eingesetzt, reflektiert es bis zu <strong>80% der UV-Strahlen<\/strong> und sorgt f\u00fcr eine angenehme K\u00fchlung des Raumes; als <strong>Seitenmarkise<\/strong> verwendet sch\u00fctzt es zudem vor Wind und den Blicken anderer.&nbsp;<br \/>\n&nbsp;<\/p>\n<p><strong>Fakten rund ums Produkt<\/strong><\/p>\n<ul>\n<li>Segel Form: Rechteck<\/li>\n<li>Segel Gr\u00f6\u00dfe: 270 x 140 cm&nbsp;<\/li>\n<li>Segel Farbe hellgr\u00fcn<\/li>\n<li>Segel St\u00e4rke: 105 g\/m\u00b2<\/li>\n<\/ul>\n<p>\n<strong>Lieferumfang<\/strong><\/p>\n<ul>\n<li>1 Sonnensegel 270&#215;140 cm<\/li>\n<li>20 Laufhaken<\/li>\n<li>4 Seilspannelemente mit Abdeckkappen<\/li>\n<li>10m Edelstahlseil<\/li>\n<li>Winkel, Schrauben und D\u00fcbel<\/li>\n<\/ul>\n<p>\n<strong>Wartung und Reinigung<\/strong><br \/>\nZur Auffrischung der Farben kann das Sonnensegel bei <strong>40\u00b0 in der Waschmaschine<\/strong> gewaschen und auf kleiner Stufe geb\u00fcgelt werden. F\u00fcr eine l\u00e4ngere Haltbarkeit ist es ratsam, das Segel immer gut trocknen zu lassen, vor allem bevor man es einlagert.<br \/>\n&nbsp;<\/p>\n<p><strong>Die&nbsp;Einsatzbereiche sind vielf\u00e4ltig<\/strong><\/p>\n<ul>\n<li>Sonnenschutz Terrassen\u00fcberdachung innen\/au\u00dfen<\/li>\n<li>Sonnenschutz unter Glasdach<\/li>\n<li>Wintergarten Beschattung innen<\/li>\n<li>Pergola Beschattung&nbsp;<\/li>\n<li>Seitenmarkise f\u00fcr Balkone<\/li>\n<li>Au\u00dfenbeschattung f\u00fcr Hausgiebel<\/li>\n<\/ul>\n","protected":false},"excerpt":{"rendered":"<p><UL><LI>Komplett Set f\u00fcr Seilspannmarkise in gr\u00fcn<\/LI><LI>Raffbares Sonnensegel aus lichtdurchl\u00e4ssigem Polyestergewebe<\/LI><LI>Montagematerial in stabiler Ausf\u00fchrung<\/LI><LI>Geeignet als Sonnen-, Sicht- und Windschutz<\/LI><\/UL><\/p>\n","protected":false},"featured_media":1568,"comment_status":"closed","ping_status":"closed","template":"","meta":[],"product_cat":[1246,1204],"product_tag":[],"wcpa_form_fields":null,"tiered_pricing_type":"fixed","tiered_pricing_fixed_rules":[],"_links":{"self":[{"href":"https:\/\/www.gardiso.eu\/at\/wp-json\/wp\/v2\/product\/3196"}],"collection":[{"href":"https:\/\/www.gardiso.eu\/at\/wp-json\/wp\/v2\/product"}],"about":[{"href":"https:\/\/www.gardiso.eu\/at\/wp-json\/wp\/v2\/types\/product"}],"replies":[{"embeddable":true,"href":"https:\/\/www.gardiso.eu\/at\/wp-json\/wp\/v2\/comments?post=3196"}],"wp:featuredmedia":[{"embeddable":true,"href":"https:\/\/www.gardiso.eu\/at\/wp-json\/wp\/v2\/media\/1568"}],"wp:attachment":[{"href":"https:\/\/www.gardiso.eu\/at\/wp-json\/wp\/v2\/media?parent=3196"}],"wp:term":[{"taxonomy":"product_cat","embeddable":true,"href":"https:\/\/www.gardiso.eu\/at\/wp-json\/wp\/v2\/product_cat?post=3196"},{"taxonomy":"product_tag","embeddable":true,"href":"https:\/\/www.gardiso.eu\/at\/wp-json\/wp\/v2\/product_tag?post=3196"}],"curies":[{"name":"wp","href":"https:\/\/api.w.org\/{rel}","templated":true}]}}