{"id":3169,"date":"2022-08-04T17:45:58","date_gmt":"2022-08-04T15:45:58","guid":{"rendered":"https:\/\/gardiso.insektenschutz365.eu\/p\/beeteinfassung-aus-haselnuss\/"},"modified":"2025-12-30T15:11:24","modified_gmt":"2025-12-30T14:11:24","slug":"beeteinfassung-aus-haselnuss","status":"publish","type":"product","link":"https:\/\/www.gardiso.eu\/at\/p\/beeteinfassung-aus-haselnuss\/","title":{"rendered":"Beeteinfassung aus Haselnuss"},"content":{"rendered":"<h4><strong>Beeteinfassung aus geflochtenem Haselnussholz<\/strong><\/h4>\n<p>Diese Beeteinfassung aus\u00a0Haselnussholz bringt viel Nat\u00fcrlichkeit und rustikalen Flair in Ihren Garten. Haselruten im typischen taupe-Farbton wurden eng miteinander verflochten und geben der Beetumrandung ihre Stabilit\u00e4t.\u00a0Dieser umweltfreundliche &amp; wetterfeste\u00a0Zaun\u00a0ist dank der zugespitzten Steckf\u00fc\u00dfe\u00a0einfach in der Erde verankert. Ein langlebiger Blickfang in Ihrem Kr\u00e4uter- und Blumenbeet.<\/p>\n<p>&nbsp;<\/p>\n<p><strong>Eckdaten<\/strong><\/p>\n<ul>\n<li>Gr\u00f6\u00dfe inkl. Steckf\u00fc\u00dfe:\u00a0100 x 35\u00a0cm (L x H)<\/li>\n<li>Gr\u00f6\u00dfe ohne Steckf\u00fc\u00dfe: 100 x 20 cm\u00a0(L x H)<\/li>\n<li>Material: Haselnussholz<\/li>\n<li>Farbe: dunkelbraun \/ taupe<\/li>\n<\/ul>\n<p>&nbsp;<\/p>\n<p><strong>Lieferumfang<\/strong><\/p>\n<ul>\n<li>1 Beetzaun aus Haselnuss<\/li>\n<\/ul>\n<p>&nbsp;<\/p>\n<p><a href=\"\/de\/c\/pflanzenpflege-wachstum\/beeteinfassungen-rasenkanten\/\">Beeteinfassungen<\/a> aus nachwachsenden Materialien wie Weide, Bambus oder Haselnuss geben Kr\u00e4uter- und Gem\u00fcsebeeten einen nat\u00fcrlichen Rahmen.\u00a0Verschaffen Sie sich einen \u00dcberblick!<\/p>\n","protected":false},"excerpt":{"rendered":"<ul>\n<li>Rustikale Beeteinfassung aus Haselnussholz<\/li>\n<li>Dekorativer Blickfang in Garten und Beeten<\/li>\n<li>Drei F\u00fc\u00dfe f\u00fcr leichtes Einstecken in den Boden<\/li>\n<li>Langlebig, wetterfest und umweltfreundlich<\/li>\n<li>Hergestellt in der EU<\/li>\n<\/ul>\n","protected":false},"featured_media":9505,"comment_status":"closed","ping_status":"closed","template":"","meta":[],"product_cat":[1227,1181],"product_tag":[],"wcpa_form_fields":null,"tiered_pricing_type":"fixed","tiered_pricing_fixed_rules":[],"_links":{"self":[{"href":"https:\/\/www.gardiso.eu\/at\/wp-json\/wp\/v2\/product\/3169"}],"collection":[{"href":"https:\/\/www.gardiso.eu\/at\/wp-json\/wp\/v2\/product"}],"about":[{"href":"https:\/\/www.gardiso.eu\/at\/wp-json\/wp\/v2\/types\/product"}],"replies":[{"embeddable":true,"href":"https:\/\/www.gardiso.eu\/at\/wp-json\/wp\/v2\/comments?post=3169"}],"wp:featuredmedia":[{"embeddable":true,"href":"https:\/\/www.gardiso.eu\/at\/wp-json\/wp\/v2\/media\/9505"}],"wp:attachment":[{"href":"https:\/\/www.gardiso.eu\/at\/wp-json\/wp\/v2\/media?parent=3169"}],"wp:term":[{"taxonomy":"product_cat","embeddable":true,"href":"https:\/\/www.gardiso.eu\/at\/wp-json\/wp\/v2\/product_cat?post=3169"},{"taxonomy":"product_tag","embeddable":true,"href":"https:\/\/www.gardiso.eu\/at\/wp-json\/wp\/v2\/product_tag?post=3169"}],"curies":[{"name":"wp","href":"https:\/\/api.w.org\/{rel}","templated":true}]}}