{"id":3167,"date":"2022-08-04T17:45:58","date_gmt":"2022-08-04T15:45:58","guid":{"rendered":"https:\/\/gardiso.insektenschutz365.eu\/p\/vogel-und-taubenabwehr-set-fuer-fensterbank-co\/"},"modified":"2025-12-30T15:11:54","modified_gmt":"2025-12-30T14:11:54","slug":"vogel-und-taubenabwehr-set-fuer-fensterbank-co","status":"publish","type":"product","link":"https:\/\/www.gardiso.eu\/at\/p\/vogel-und-taubenabwehr-set-fuer-fensterbank-co\/","title":{"rendered":"Vogel- und Taubenabwehr Set f\u00fcr Fensterbank &amp;\u00a0Co"},"content":{"rendered":"<p>Tauben sind nicht jedermanns Lieblingstiere. Vor allem dann, wenn sie ihr Gesch\u00e4ft an unerw\u00fcnschten Pl\u00e4tzen verrichten. Zu diesen Pl\u00e4tzen geh\u00f6ren beispielsweise das Fensterbrett, der Balkon, die Terrasse oder generell der Garten oder Eingangsbereich Ihres Heims. Denn nichts wirkt unhygienischer als Taubenkot an den eben genannten Ortschaften. Das muss nicht sein.<\/p>\n<p><strong>Taubenabwehr &#8211; Starterset:&nbsp;<\/strong><\/p>\n<p>Das Basis-Set aus hochwertigem Kunststoff <strong>sch\u00fctzt bis<\/strong> auf eine<strong> L\u00e4nge&nbsp;von 1m<\/strong>. Die Modulplatten werden durch das innovative Stecksystem&nbsp;<strong>ohne s\u00e4gen<\/strong>&nbsp;je nach Bedarf und \u00f6rtliche Gegebenheiten schnell und einfach zusammengesteckt werden. Dadurch erhalten Sie&nbsp;<strong>h\u00f6chste Flexibilit\u00e4t<\/strong>&nbsp;und k\u00f6nnen das Produkt auch auf zwei oder drei Pl\u00e4tze aufteilen. Die <strong>11 cm hohen&nbsp;Spikes<\/strong>&nbsp;werden einfach&nbsp;in das Profil aus Kunststoff gesteckt. Pro Modulplatte k\u00f6nnen mehrere Spikes eingeh\u00e4ngt werden \u2013 Sie bestimmen somit die Dichte und Intensit\u00e4t.&nbsp;Durch die&nbsp;<strong>schlanke Bauweise<\/strong>&nbsp;(Breite 5,5 cm) kann das Produkt \u00fcberall angebracht werden, wo Tauben und andere V\u00f6gel gerne rasten, beispielsweise am Fensterbrett, Balkongel\u00e4nder, etc. Wichtig ist nur, dass Sie es auf festem Untergrund montieren (Marmor, Holz, Beton, etc.). Die Taubenabwehr hat hat bei vollst\u00e4ndigem Zusammenbau eine Gesamtbreite von 1m.&nbsp;<\/p>\n<p>Set-Inhalt:&nbsp;18 Modulplatten \u00e1 55 mm,&nbsp;36 Spikes,&nbsp;Schrauben, D\u00fcbel,&nbsp;Endkappe, Bodenkappen<\/p>\n<p><strong><a href=\"\/\/www.insektenschutz24.eu\/at\/shop\/Tier-und-Schaedlingsabwehr\/vogel-und-taubenabwehr-set-fuer-fensterbank-co-p66449?listName=shop&quot;\" title=\"&quot;Mit\">Taubenabwehr &#8211; Erweiterungset<\/a>:&nbsp;<\/strong><\/p>\n<p>Mit diesem Erweiterungsset kann das vorhandene Vogel- und Taubenabwehrsystem&nbsp;(Starterset) um <strong>bis zu 75cm<\/strong> <strong>verl\u00e4ngert<\/strong> werden. Das Set ist jedoch auch v\u00f6llig allein nutzbar. Die Taubenabwehr hat bei vollst\u00e4ndigem Zusammenbau eine Gesamtbreite von ca. 80 cm.<\/p>\n<p>Set-Inhalt:&nbsp;15&nbsp;Modulplatten \u00e1 55 mm,&nbsp;30&nbsp;Spikes<\/p>\n<p><strong><a href=\"\/\/www.insektenschutz24.eu\/at\/shop\/Tier-und-Schaedlingsabwehr\/vogel-und-taubenabwehr-set-fuer-fensterbank-co-p66450?listName=shop&quot;\" title=\"&quot;Zusatzset\">Taubenabwehr &#8211; Spikes-Set<\/a>:<\/strong><\/p>\n<p>Dieses Zusatzset macht es m\u00f6glich,&nbsp;dass Spikes noch dichter aneinander gesetzt werden und somit&nbsp;die Abwehrfunktion erh\u00f6ht wird. In die&nbsp;Modulplatten des Starter- oder Erweiterungssets k\u00f6nnen bis zu 6 Spikes eingeh\u00e4ngt werden. Die H\u00f6he der Spikes betr\u00e4gt 11 cm.<\/p>\n<p>Set-Inhalt:&nbsp;30&nbsp;Spikes<\/p>\n<p>Langlebige Nutzung&nbsp;<br \/>\nFlexible L\u00e4nge bis zu einer Abmessung von 1 m<br \/>\nEinfache Montage durch Stecksystem<br \/>\nH\u00f6he der Spikes: ca. 11 cm<br \/>\nInkl. Befestigungsmaterial: Schrauben und D\u00fcbel<br \/>\nVerl\u00e4ngerbar durch Zusatzsets (Artikel 07121 und 07122)<br \/>\nH\u00e4lt Tauben zuverl\u00e4ssig fern<br \/>\nEffektiver Schutz vor Vogelkot an unerw\u00fcnschten Pl\u00e4tzen<br \/>\nStabiles Material: Alu-Profile und Edelstahl-Spikes<br \/>\nMa\u00dfe: L\u00e4nge: 100cm; H\u00f6he: 11 cm (inkl. Spikes); Breite: 5,5 cm<\/p>\n","protected":false},"excerpt":{"rendered":"<p><UL><LI>Zuverl\u00e4ssige Abwehr von Tauben<\/LI><LI>Gegen Kot, Schmutz und laute Besucher<\/LI><LI>Einfaches Stecksystem aus Kunststoff<\/LI><LI>Flexibel: leichte Anpassung an \u00f6rtliche Gegebenheiten<\/LI><LI>Erweiterbar durch Zusatzsets<\/LI><\/UL><\/p>\n","protected":false},"featured_media":4428,"comment_status":"closed","ping_status":"closed","template":"","meta":[],"product_cat":[1115,1232],"product_tag":[],"wcpa_form_fields":null,"tiered_pricing_type":"fixed","tiered_pricing_fixed_rules":[],"_links":{"self":[{"href":"https:\/\/www.gardiso.eu\/at\/wp-json\/wp\/v2\/product\/3167"}],"collection":[{"href":"https:\/\/www.gardiso.eu\/at\/wp-json\/wp\/v2\/product"}],"about":[{"href":"https:\/\/www.gardiso.eu\/at\/wp-json\/wp\/v2\/types\/product"}],"replies":[{"embeddable":true,"href":"https:\/\/www.gardiso.eu\/at\/wp-json\/wp\/v2\/comments?post=3167"}],"wp:featuredmedia":[{"embeddable":true,"href":"https:\/\/www.gardiso.eu\/at\/wp-json\/wp\/v2\/media\/4428"}],"wp:attachment":[{"href":"https:\/\/www.gardiso.eu\/at\/wp-json\/wp\/v2\/media?parent=3167"}],"wp:term":[{"taxonomy":"product_cat","embeddable":true,"href":"https:\/\/www.gardiso.eu\/at\/wp-json\/wp\/v2\/product_cat?post=3167"},{"taxonomy":"product_tag","embeddable":true,"href":"https:\/\/www.gardiso.eu\/at\/wp-json\/wp\/v2\/product_tag?post=3167"}],"curies":[{"name":"wp","href":"https:\/\/api.w.org\/{rel}","templated":true}]}}