{"id":3161,"date":"2022-08-04T17:45:58","date_gmt":"2022-08-04T15:45:58","guid":{"rendered":"https:\/\/gardiso.insektenschutz365.eu\/p\/schnecken-abwehrband-aus-kupfer-5m\/"},"modified":"2025-12-30T06:38:33","modified_gmt":"2025-12-30T05:38:33","slug":"schnecken-abwehrband-aus-kupfer-5m","status":"publish","type":"product","link":"https:\/\/www.gardiso.eu\/at\/p\/schnecken-abwehrband-aus-kupfer-5m\/","title":{"rendered":"Schnecken Abwehrband aus Kupfer, 5m"},"content":{"rendered":"<h4><strong>Schnecken Abwehrband aus Kupfer<\/strong><\/h4>\n<p>Dieses Abwehrband aus Kupfer\u00a0m\u00f6gen Schnecken nicht. Das ist vorteilhaft f\u00fcr alle Pflanzen, die dadurch gesch\u00fctzt werden k\u00f6nnen.<\/p>\n<p>Das selbstklebende Kupferband kann an Blument\u00f6pfen und Beeten unterschiedlicher Gr\u00f6\u00dfe schnell und ohne gro\u00dfen Aufwand angebracht werden.\u00a0Nach dem Anbringen das Band gut n\u00e4ssen, damit sich die Oxidationsschicht optimal bildet. Die Schnecken werden den Kontakt mit dieser Schutzschicht meiden und die Pflanzen k\u00f6nnen ungest\u00f6rt weiterwachsen.<\/p>\n<p>&nbsp;<\/p>\n<p><strong>Eckdaten<\/strong><\/p>\n<ul>\n<li>L\u00e4nge: 5 m<\/li>\n<li>Breite: 3 cm<\/li>\n<li>Material: Kupfer<\/li>\n<\/ul>\n<p>&nbsp;<\/p>\n<h4>Schnecken ad\u00e9<\/h4>\n<p>Wir sind Ihnen nicht komplett hilflos ausgeliefert&#8230; Es gibt einige <a title=\"&quot;Schnecken\" href=\"\/\/www.gardiso.eu\/at\/shop\/Schaedlingsabwehr\/Schnecken-c62120&quot;\" target=\"&quot;_blank&quot;\" rel=\"noopener\">Schnecken-Abwehrprodukte<\/a>, um die unbeliebten Besucher chemiefrei von den\u00a0Beeten fernzuhalten.\u00a0Schneckenz\u00e4une\u00a0schaffen einen sch\u00fctzende Barriere zwischen den Schnecken und den Pfl\u00e4nzchen. Eine Kombination aus\u00a0<strong>Pflanzenhaube und Schneckenschutzring<\/strong>\u00a0verhindert, dass die Schnecken die Salatk\u00f6pfe\u00a0erreichen.<\/p>\n","protected":false},"excerpt":{"rendered":"<ul>\n<li>Selbstklebendes Kupferband als Pflanzenschutz<\/li>\n<li>Giftfreie Barrierewirkung gegen Schnecken<\/li>\n<li>Selbstklebend auf glatten und rauen Oberfl\u00e4chen<\/li>\n<li>Passend f\u00fcr Pflanzt\u00f6pfe und Beete<\/li>\n<\/ul>\n","protected":false},"featured_media":3893,"comment_status":"closed","ping_status":"closed","template":"","meta":[],"product_cat":[1115,1233],"product_tag":[],"wcpa_form_fields":null,"tiered_pricing_type":"fixed","tiered_pricing_fixed_rules":[],"_links":{"self":[{"href":"https:\/\/www.gardiso.eu\/at\/wp-json\/wp\/v2\/product\/3161"}],"collection":[{"href":"https:\/\/www.gardiso.eu\/at\/wp-json\/wp\/v2\/product"}],"about":[{"href":"https:\/\/www.gardiso.eu\/at\/wp-json\/wp\/v2\/types\/product"}],"replies":[{"embeddable":true,"href":"https:\/\/www.gardiso.eu\/at\/wp-json\/wp\/v2\/comments?post=3161"}],"wp:featuredmedia":[{"embeddable":true,"href":"https:\/\/www.gardiso.eu\/at\/wp-json\/wp\/v2\/media\/3893"}],"wp:attachment":[{"href":"https:\/\/www.gardiso.eu\/at\/wp-json\/wp\/v2\/media?parent=3161"}],"wp:term":[{"taxonomy":"product_cat","embeddable":true,"href":"https:\/\/www.gardiso.eu\/at\/wp-json\/wp\/v2\/product_cat?post=3161"},{"taxonomy":"product_tag","embeddable":true,"href":"https:\/\/www.gardiso.eu\/at\/wp-json\/wp\/v2\/product_tag?post=3161"}],"curies":[{"name":"wp","href":"https:\/\/api.w.org\/{rel}","templated":true}]}}