{"id":3159,"date":"2022-08-04T17:45:58","date_gmt":"2022-08-04T15:45:58","guid":{"rendered":"https:\/\/gardiso.insektenschutz365.eu\/p\/wuehlmaus-maulwurf-abwehr-alu-batterie-900m%c2%b2\/"},"modified":"2025-12-30T06:38:30","modified_gmt":"2025-12-30T05:38:30","slug":"wuehlmaus-maulwurf-abwehr-alu-batterie-900m%c2%b2","status":"publish","type":"product","link":"https:\/\/www.gardiso.eu\/at\/p\/wuehlmaus-maulwurf-abwehr-alu-batterie-900m%c2%b2\/","title":{"rendered":"W\u00fchlmaus &amp; Maulwurf Abwehr Alu BATTERIE &#8211; 900m\u00b2"},"content":{"rendered":"<p><h4><strong>W\u00fchlmaus Abwehrger\u00e4t&nbsp; f\u00fcr den Garten<\/strong><\/h4>\n<p>Das Ger\u00e4t&nbsp;sch\u00fctzt den Garten durch Resonanzschwingungen vor Maulw\u00fcrfen und W\u00fchlm\u00e4usen. Es sorgt so f\u00fcr eine nat\u00fcrliche Abwehr ganz ohne Chemie!<\/p>\n<p>Die genaue Reichweite ergibt sich aus der Bodenbeschaffenheit Ihres Gartens. Es gilt die Faustregel: Je fester der Boden, desto h\u00f6her die Reichweite. Der W\u00fchlmausvertreiber aus Aluminium&nbsp;wird einfach in die Erde gesteckt. Durch seine glatte Oberfl\u00e4che&nbsp;geht dies besonders leicht von der Hand.&nbsp;Die Resonanzschwingungen in Kombination mit Ultraschall breiten sich radial um das Ger\u00e4t aus und vertreiben W\u00fchlm\u00e4use, Feldm\u00e4use und Spitzm\u00e4use.&nbsp;Die Schwingungen wirken im Radius bis ca. 17 m rund um das Ger\u00e4t, was einer Fl\u00e4che von bis zu 900 m\u00b2 entspricht.&nbsp;Die tiefen Schwingungen&nbsp;sind&nbsp;f\u00fcr das menschliche Geh\u00f6r so gut wie nicht wahrnehmbar. Das hochwertige Aluminium-Geh\u00e4use ist witterungsbest\u00e4ndig und f\u00fcr einen langj\u00e4hrigen Einsatz konzipiert. Das edle, minimalistische Design f\u00fcgt sich diskret in die Gartenumgebung ein.<\/p>\n<p>&nbsp;<\/p>\n<p><strong>Eckdaten zum Produkt<\/strong><\/p>\n<ul>\n<li>Einsatzgebiet: Gartenbereich mit festem Boden<\/li>\n<li>Reichweite: bis 900 m\u00b2<\/li>\n<li>Energieversorgung: Batterien<\/li>\n<li>Material: Aluminium-Geh\u00e4use<\/li>\n<\/ul>\n<p>&nbsp;<\/p>\n<p><strong>Lieferumfang<\/strong><\/p>\n<ul>\n<li>1 Abwehrger\u00e4t ohne Batterien<\/li>\n<\/ul>\n","protected":false},"excerpt":{"rendered":"<p><UL><LI>Effizientes Abwehrger\u00e4te gegen W\u00fchl-, Spitz- und Feldm\u00e4use<\/LI><LI>Arbeitet mit Resonanzschwingungen und Ultraschall<\/LI><LI>Stabiles Aluminium-Geh\u00e4use mit Power-Motor<\/LI><LI>Wirkungsbereich bis zu 900 m\u00b2<\/LI><LI>Energieversorgung mit Batterien<\/LI><\/UL><\/p>\n","protected":false},"featured_media":3887,"comment_status":"closed","ping_status":"closed","template":"","meta":[],"product_cat":[1116,1115],"product_tag":[],"wcpa_form_fields":null,"tiered_pricing_type":"fixed","tiered_pricing_fixed_rules":[],"_links":{"self":[{"href":"https:\/\/www.gardiso.eu\/at\/wp-json\/wp\/v2\/product\/3159"}],"collection":[{"href":"https:\/\/www.gardiso.eu\/at\/wp-json\/wp\/v2\/product"}],"about":[{"href":"https:\/\/www.gardiso.eu\/at\/wp-json\/wp\/v2\/types\/product"}],"replies":[{"embeddable":true,"href":"https:\/\/www.gardiso.eu\/at\/wp-json\/wp\/v2\/comments?post=3159"}],"wp:featuredmedia":[{"embeddable":true,"href":"https:\/\/www.gardiso.eu\/at\/wp-json\/wp\/v2\/media\/3887"}],"wp:attachment":[{"href":"https:\/\/www.gardiso.eu\/at\/wp-json\/wp\/v2\/media?parent=3159"}],"wp:term":[{"taxonomy":"product_cat","embeddable":true,"href":"https:\/\/www.gardiso.eu\/at\/wp-json\/wp\/v2\/product_cat?post=3159"},{"taxonomy":"product_tag","embeddable":true,"href":"https:\/\/www.gardiso.eu\/at\/wp-json\/wp\/v2\/product_tag?post=3159"}],"curies":[{"name":"wp","href":"https:\/\/api.w.org\/{rel}","templated":true}]}}