{"id":3155,"date":"2022-08-04T17:45:58","date_gmt":"2022-08-04T15:45:58","guid":{"rendered":"https:\/\/gardiso.insektenschutz365.eu\/p\/wassersprinkler-zur-tierabwehr-120m%c2%b2\/"},"modified":"2025-12-23T16:38:33","modified_gmt":"2025-12-23T15:38:33","slug":"wassersprinkler-zur-tierabwehr-120m%c2%b2","status":"publish","type":"product","link":"https:\/\/www.gardiso.eu\/at\/p\/wassersprinkler-zur-tierabwehr-120m%c2%b2\/","title":{"rendered":"Wassersprinkler zur Tierabwehr | 120m\u00b2"},"content":{"rendered":"<p><h4>Wassersprinkler zur Vertreibung ungebetener G\u00e4ste<\/h4>\n<p>Ein gro\u00dfer Schreck f\u00fcr vierbeinige St\u00f6renfriede. Ein Abwehrger\u00e4t zur umweltfreundlichen Vertreibung von Hunden, Katzen, Marder, Waschb\u00e4ren, Reiher, Wildtieren und zudem ungebetene menschliche G\u00e4ste. Gefahren durch Rotwildwanderungen im Stra\u00dfenverkehr, Fischraub durch V\u00f6gel wie Reiher an Ihrem gepflegten Gartenteich und markierende Katzen geh\u00f6ren der Vergangenheit an.<\/p>\n<p>Der solarbetriebene Garten-W\u00e4chter verf\u00fcgt dank Wasserstrahl \u00fcber eine Reichweite bis zu 10 m in einem Erfassungsbereich von \u00fcber 110\u00b0 zur Sicherung von bis zu 90 m\u00b2 geeignet. Im Grunde funktioniert der Guard wie eine Rasensprinkleranlage, der aber die Aufgabe hat Eindringlinge tierischer und menschlicher Art abzuschrecken und fernzuhalten. Wasser ist f\u00fcr die tierischen St\u00f6renfriede ein Graus und Sie nehmen schnell Rei\u00dfaus.<\/p>\n<p><strong>Clever<\/strong>. Kein Ultraschallton ist zu h\u00f6ren was Ihre Nerven und die ihrer Haustiere schont. Der Vertreiber reduziert Tiersch\u00e4den, L\u00e4rm- und Geruchsbel\u00e4stigung durch markierende oder wildernde Tiere auf ein Minimum. Die Tiere werden mittels starkem Wasserstrahl vom Grundst\u00fcck verjagt und langfristig ferngehalten. Abwehrger\u00e4t besteht aus einem witterungsbest\u00e4ndigen Geh\u00e4use.<\/p>\n<p><strong>Schnelle Montage<\/strong>. Das Abwehrger\u00e4t wird mithilfe des mitgelieferten Erdspie\u00df im Boden fixiert und an Wasser angeschlossen. Der integrierte Infrarot Bewegungsmelder l\u00f6st einen starken Wasserstrahl aus dessen Reichweite und Intensit\u00e4tsstufe manuell variiert werden kann.<\/p>\n<p><strong>Hinweis<\/strong>: Solarenergiebetrieb. Die Solarzelle l\u00e4dt den mitgelieferten Akku im laufenden Betrieb wieder auf. Achten Sie beim Platzieren des Ger\u00e4ts auf den potenziellen Eintrittswinkel, wie ein Eindringling in den \u00fcberwachten Bereich tritt, prim\u00e4r sollte dies seitlich geschehen um effizient arbeiten zu k\u00f6nnen.<\/p><\/p>\n","protected":false},"excerpt":{"rendered":"<p><UL><LI>Umweltfreundliche Vertreibung von Katzen, Marder &amp;\u00a0Co<\/LI><LI>Bewegungsmelder aktiviert starken Wasserstrahl<\/LI><LI>Wirkungsbereich bis zu 10 m und Radius von 90 m\u00b2<\/LI><LI>Intensit\u00e4t und Reichweite einstellbar<\/LI><LI>Solarenergie, inkl. Erdspie\u00df und Wasseranschluss<\/LI><\/UL><\/p>\n","protected":false},"featured_media":5044,"comment_status":"closed","ping_status":"closed","template":"","meta":[],"product_cat":[1115],"product_tag":[],"wcpa_form_fields":null,"tiered_pricing_type":"fixed","tiered_pricing_fixed_rules":[],"_links":{"self":[{"href":"https:\/\/www.gardiso.eu\/at\/wp-json\/wp\/v2\/product\/3155"}],"collection":[{"href":"https:\/\/www.gardiso.eu\/at\/wp-json\/wp\/v2\/product"}],"about":[{"href":"https:\/\/www.gardiso.eu\/at\/wp-json\/wp\/v2\/types\/product"}],"replies":[{"embeddable":true,"href":"https:\/\/www.gardiso.eu\/at\/wp-json\/wp\/v2\/comments?post=3155"}],"wp:featuredmedia":[{"embeddable":true,"href":"https:\/\/www.gardiso.eu\/at\/wp-json\/wp\/v2\/media\/5044"}],"wp:attachment":[{"href":"https:\/\/www.gardiso.eu\/at\/wp-json\/wp\/v2\/media?parent=3155"}],"wp:term":[{"taxonomy":"product_cat","embeddable":true,"href":"https:\/\/www.gardiso.eu\/at\/wp-json\/wp\/v2\/product_cat?post=3155"},{"taxonomy":"product_tag","embeddable":true,"href":"https:\/\/www.gardiso.eu\/at\/wp-json\/wp\/v2\/product_tag?post=3155"}],"curies":[{"name":"wp","href":"https:\/\/api.w.org\/{rel}","templated":true}]}}