{"id":3153,"date":"2022-08-04T17:45:58","date_gmt":"2022-08-04T15:45:58","guid":{"rendered":"https:\/\/gardiso.insektenschutz365.eu\/p\/wuehlmaus-maulwurf-abwehr-batterie-1000m%c2%b2\/"},"modified":"2025-10-23T11:38:17","modified_gmt":"2025-10-23T09:38:17","slug":"wuehlmaus-maulwurf-abwehr-batterie-1000m%c2%b2","status":"publish","type":"product","link":"https:\/\/www.gardiso.eu\/at\/p\/wuehlmaus-maulwurf-abwehr-batterie-1000m%c2%b2\/","title":{"rendered":"W\u00fchlmaus &amp; Maulwurf Abwehr BATTERIE &#8211; 1000m\u00b2"},"content":{"rendered":"<p><h4><strong>W\u00fchlmaus Abwehrger\u00e4t f\u00fcr den Garten<\/strong><\/h4>\n<p>Das Ger\u00e4t&nbsp;sch\u00fctzt den Garten durch Resonanzschwingungen vor Maulw\u00fcrfen und W\u00fchlm\u00e4usen.&nbsp;Es sorgt so f\u00fcr eine nat\u00fcrliche Abwehr ganz ohne Chemie!<\/p>\n<p>Die lang bew\u00e4hrte Technologie des Resonanz-Steckers erm\u00f6glicht eine stufenlose Einstellung der Frequenz und wirkt dadurch besonders effizient. Die tiefen Resonanzschwingungen werden durch eine gro\u00dfe Erdschraube unterirdisch weitergeleitet und sind so f\u00fcr das menschliche Geh\u00f6r \u00e4u\u00dferst gering wahrnehmbar. Die genaue Reichweite ergibt sich aus der Bodenbeschaffenheit Ihres Gartens. Es gilt die Faustregel: Je fester der Boden, desto h\u00f6her die Reichweite. Der Stecker ist mit den inkludierten Batterien sofort einsatzbereit.<\/p>\n<p>&nbsp;<\/p>\n<p><strong>Eckdaten zum Produkt<\/strong><\/p>\n<ul>\n<li>Einsatzgebiet: Gartenbereich mit festem Boden<\/li>\n<li>Reichweite: bis 1.000 m\u00b2, Radius ca. 18 m<\/li>\n<li>Energieversorgung: Batterien<\/li>\n<li>Material: Kunststoff-Geh\u00e4use<\/li>\n<\/ul>\n<p>&nbsp;<\/p>\n<p><strong>Lieferumfang<\/strong><\/p>\n<ul>\n<li>1 W\u00fchlmaus-Abwehrger\u00e4t<\/li>\n<li>4 Batterien<\/li>\n<\/ul>\n","protected":false},"excerpt":{"rendered":"<p><UL><LI>Ger\u00e4t zur Abwehr vor W\u00fchlm\u00e4usen und Maulw\u00fcrfen<\/LI><LI>Stufenlose Feineinstellung der Resonanzschwingungen f\u00fcr besondere Effizienz<\/LI><LI>Reichweite bis zu 1000 m\u00b2 je nach Bodenbeschaffenheit<\/LI><LI>Energieversorgung mit Batterien<\/LI><\/UL><\/p>\n","protected":false},"featured_media":9503,"comment_status":"closed","ping_status":"closed","template":"","meta":[],"product_cat":[1116,1115],"product_tag":[],"wcpa_form_fields":null,"tiered_pricing_type":"fixed","tiered_pricing_fixed_rules":[],"_links":{"self":[{"href":"https:\/\/www.gardiso.eu\/at\/wp-json\/wp\/v2\/product\/3153"}],"collection":[{"href":"https:\/\/www.gardiso.eu\/at\/wp-json\/wp\/v2\/product"}],"about":[{"href":"https:\/\/www.gardiso.eu\/at\/wp-json\/wp\/v2\/types\/product"}],"replies":[{"embeddable":true,"href":"https:\/\/www.gardiso.eu\/at\/wp-json\/wp\/v2\/comments?post=3153"}],"wp:featuredmedia":[{"embeddable":true,"href":"https:\/\/www.gardiso.eu\/at\/wp-json\/wp\/v2\/media\/9503"}],"wp:attachment":[{"href":"https:\/\/www.gardiso.eu\/at\/wp-json\/wp\/v2\/media?parent=3153"}],"wp:term":[{"taxonomy":"product_cat","embeddable":true,"href":"https:\/\/www.gardiso.eu\/at\/wp-json\/wp\/v2\/product_cat?post=3153"},{"taxonomy":"product_tag","embeddable":true,"href":"https:\/\/www.gardiso.eu\/at\/wp-json\/wp\/v2\/product_tag?post=3153"}],"curies":[{"name":"wp","href":"https:\/\/api.w.org\/{rel}","templated":true}]}}