{"id":3151,"date":"2022-08-04T17:45:47","date_gmt":"2022-08-04T15:45:47","guid":{"rendered":"https:\/\/gardiso.insektenschutz365.eu\/p\/wuehlmaus-maulwurf-abwehr-solar-1000m%c2%b2\/"},"modified":"2025-10-23T11:38:19","modified_gmt":"2025-10-23T09:38:19","slug":"wuehlmaus-maulwurf-abwehr-solar-1000m%c2%b2","status":"publish","type":"product","link":"https:\/\/www.gardiso.eu\/at\/p\/wuehlmaus-maulwurf-abwehr-solar-1000m%c2%b2\/","title":{"rendered":"W\u00fchlmaus &amp; Maulwurf Abwehr SOLAR &#8211; 1000m\u00b2"},"content":{"rendered":"<p><h4><strong>W\u00fchlmaus Abwehrger\u00e4t mit Solar f\u00fcr den Garten<\/strong><\/h4>\n<p>Das Ger\u00e4t&nbsp;sch\u00fctzt den Garten durch Resonanzschwingungen vor Maulw\u00fcrfen und W\u00fchlm\u00e4usen. Es sorgt so f\u00fcr eine nat\u00fcrliche Abwehr ganz ohne Chemie!<\/p>\n<p>Die lang bew\u00e4hrte Technologie des Resonanz-Steckers erm\u00f6glicht eine stufenlose Einstellung der Frequenz und wirkt dadurch besonders effizient. Die tiefen Resonanzschwingungen werden durch eine gro\u00dfe Erdschraube unterirdisch weitergeleitet und sind so f\u00fcr das menschliche Geh\u00f6r \u00e4u\u00dferst gering wahrnehmbar. Die genaue Reichweite ergibt sich aus der Bodenbeschaffenheit Ihres Gartens. Es gilt die Faustregel: Je fester der Boden, desto h\u00f6her die Reichweite. Mit Solar-Akku ausgestattet ist der Stecker umweltfreundlich und ressourcenschonend&nbsp;konzipiert.<\/p>\n<p>&nbsp;<\/p>\n<p><strong>Eckdaten zum Produkt<\/strong><\/p>\n<ul>\n<li>Einsatzgebiet: Gartenbereich mit festem Boden<\/li>\n<li>Reichweite: bis 1.000m\u00b2;&nbsp;Radius ca. 18 m<\/li>\n<li>Energieversorgung: Solar<\/li>\n<li>Frequenz: unter 100 Hz<\/li>\n<li>Material: Kunststoff-Geh\u00e4use<\/li>\n<\/ul>\n<p>&nbsp;<\/p>\n<p><strong>Lieferumfang<\/strong><\/p>\n<ul>\n<li>1 W\u00fchlmaus-Abwehrger\u00e4t<\/li>\n<li>1 Solarpanel mit Erspie\u00df und 2m Kabel<\/li>\n<\/ul>\n<p>&nbsp;<\/p>\n<p><strong>Hinweis<\/strong><\/p>\n<p>Ein Adapter 230\/9 V zur sicheren Energieversorgung ist als Zubeh\u00f6r erh\u00e4ltlich.<\/p><\/p>\n","protected":false},"excerpt":{"rendered":"<p><UL><LI>Bew\u00e4hrte Technologie zur nat\u00fcrlichen Abwehr vor W\u00fchlm\u00e4usen und Maulw\u00fcrfen<\/LI><LI>Stufenlose Feineinstellung der Resonanzschwingungen f\u00fcr besondere Effizienz<\/LI><LI>Reichweite bis zu 1000 m\u00b2 je nach Bodenbeschaffenheit<\/LI><LI>Umweltfreundlich und ressourcenschonend<\/LI><\/UL><\/p>\n","protected":false},"featured_media":9511,"comment_status":"closed","ping_status":"closed","template":"","meta":[],"product_cat":[1116,1115],"product_tag":[],"wcpa_form_fields":null,"tiered_pricing_type":"fixed","tiered_pricing_fixed_rules":[],"_links":{"self":[{"href":"https:\/\/www.gardiso.eu\/at\/wp-json\/wp\/v2\/product\/3151"}],"collection":[{"href":"https:\/\/www.gardiso.eu\/at\/wp-json\/wp\/v2\/product"}],"about":[{"href":"https:\/\/www.gardiso.eu\/at\/wp-json\/wp\/v2\/types\/product"}],"replies":[{"embeddable":true,"href":"https:\/\/www.gardiso.eu\/at\/wp-json\/wp\/v2\/comments?post=3151"}],"wp:featuredmedia":[{"embeddable":true,"href":"https:\/\/www.gardiso.eu\/at\/wp-json\/wp\/v2\/media\/9511"}],"wp:attachment":[{"href":"https:\/\/www.gardiso.eu\/at\/wp-json\/wp\/v2\/media?parent=3151"}],"wp:term":[{"taxonomy":"product_cat","embeddable":true,"href":"https:\/\/www.gardiso.eu\/at\/wp-json\/wp\/v2\/product_cat?post=3151"},{"taxonomy":"product_tag","embeddable":true,"href":"https:\/\/www.gardiso.eu\/at\/wp-json\/wp\/v2\/product_tag?post=3151"}],"curies":[{"name":"wp","href":"https:\/\/api.w.org\/{rel}","templated":true}]}}