{"id":3147,"date":"2022-08-04T17:45:47","date_gmt":"2022-08-04T15:45:47","guid":{"rendered":"https:\/\/gardiso.insektenschutz365.eu\/p\/wuehlmaus-maulwurf-abwehr-solar-750m%c2%b2\/"},"modified":"2025-12-30T06:38:26","modified_gmt":"2025-12-30T05:38:26","slug":"wuehlmaus-maulwurf-abwehr-solar-750m%c2%b2","status":"publish","type":"product","link":"https:\/\/www.gardiso.eu\/at\/p\/wuehlmaus-maulwurf-abwehr-solar-750m%c2%b2\/","title":{"rendered":"W\u00fchlmaus &amp; Maulwurf Abwehr SOLAR &#8211; 750m\u00b2"},"content":{"rendered":"<p><h4><strong>W\u00fchlmaus Abwehrger\u00e4t mit SOLAR f\u00fcr den Garten<\/strong><\/h4>\n<p>Das Ger\u00e4t&nbsp;sch\u00fctzt den Garten durch Resonanzschwingungen vor Maulw\u00fcrfen und W\u00fchlm\u00e4usen. Es sorgt so f\u00fcr eine nat\u00fcrliche Abwehr ganz ohne Chemie!<\/p>\n<p>Die lang bew\u00e4hrte Technologie des Resonanz-Steckers erm\u00f6glicht eine stufenlose Einstellung der Frequenz und wirkt dadurch besonders effizient. Die genaue Reichweite ergibt sich aus der Bodenbeschaffenheit Ihres Gartens. Es gilt die Faustregel: Je fester der Boden&nbsp;desto h\u00f6her die Reichweite.&nbsp;Die niederfrequenten Resonanzschwingungen breiten sich radial um das Ger\u00e4t aus. Die Schwingungen wirken im Radius von 16 m rund um das Ger\u00e4t, was einer Fl\u00e4che von bis zu 750 m\u00b2 entspricht.&nbsp;Die tiefen Schwingungen&nbsp;sind&nbsp;f\u00fcr das menschliche Geh\u00f6r so gut wie nicht wahrnehmbar. Mit Solar-Akku ausgestattet ist der Stecker umweltfreundlich und ressourcenschonend konzipiert. Ein Batteriebetrieb ist ebenfalls m\u00f6glich.<\/p>\n<p>&nbsp;<\/p>\n<p><strong>Eckdaten zum Produkt<\/strong><\/p>\n<ul>\n<li>Einsatzgebiet: Gartenbereich mit festem Boden<\/li>\n<li>Reichweite: bis 750 m\u00b2. Radius 16 m<\/li>\n<li>Energieversorgung: Solar-Akku<\/li>\n<li>Material: Aluminium-Kunststoff-Geh\u00e4use<\/li>\n<\/ul>\n<p>&nbsp;<\/p>\n<p><strong>Lieferumfang<\/strong><\/p>\n<ul>\n<li>1 Abwehrger\u00e4t mit Solar-Modul<\/li>\n<\/ul>\n","protected":false},"excerpt":{"rendered":"<p><UL><LI>Alu-Steckrohr zur Abwehr vor W\u00fchlm\u00e4usen und Maulw\u00fcrfen<\/LI><LI>Wirkungsbereich bis zu 750 m\u00b2 je nach Boden<\/LI><LI>Schallwellen f\u00fcr menschliches Geh\u00f6r fast nicht wahrnehmbar<\/LI><LI>Umweltfreundlicher Solar-Akku<\/LI><\/UL><\/p>\n","protected":false},"featured_media":9510,"comment_status":"closed","ping_status":"closed","template":"","meta":[],"product_cat":[1116,1115],"product_tag":[],"wcpa_form_fields":null,"tiered_pricing_type":"fixed","tiered_pricing_fixed_rules":[],"_links":{"self":[{"href":"https:\/\/www.gardiso.eu\/at\/wp-json\/wp\/v2\/product\/3147"}],"collection":[{"href":"https:\/\/www.gardiso.eu\/at\/wp-json\/wp\/v2\/product"}],"about":[{"href":"https:\/\/www.gardiso.eu\/at\/wp-json\/wp\/v2\/types\/product"}],"replies":[{"embeddable":true,"href":"https:\/\/www.gardiso.eu\/at\/wp-json\/wp\/v2\/comments?post=3147"}],"wp:featuredmedia":[{"embeddable":true,"href":"https:\/\/www.gardiso.eu\/at\/wp-json\/wp\/v2\/media\/9510"}],"wp:attachment":[{"href":"https:\/\/www.gardiso.eu\/at\/wp-json\/wp\/v2\/media?parent=3147"}],"wp:term":[{"taxonomy":"product_cat","embeddable":true,"href":"https:\/\/www.gardiso.eu\/at\/wp-json\/wp\/v2\/product_cat?post=3147"},{"taxonomy":"product_tag","embeddable":true,"href":"https:\/\/www.gardiso.eu\/at\/wp-json\/wp\/v2\/product_tag?post=3147"}],"curies":[{"name":"wp","href":"https:\/\/api.w.org\/{rel}","templated":true}]}}