{"id":3139,"date":"2022-08-04T17:45:47","date_gmt":"2022-08-04T15:45:47","guid":{"rendered":"https:\/\/gardiso.insektenschutz365.eu\/p\/runde-rasenkantensteine-grau\/"},"modified":"2025-05-27T06:38:39","modified_gmt":"2025-05-27T04:38:39","slug":"rasenkante-in-steinoptik-grau","status":"publish","type":"product","link":"https:\/\/www.gardiso.eu\/at\/p\/rasenkante-in-steinoptik-grau\/","title":{"rendered":"Rasenkante in Steinoptik grau"},"content":{"rendered":"<h4>Rasenkantensteine kinderleicht montiert<\/h4>\n<p>Die hellgrauen Rasenkantensteine sind&nbsp;flexibel und problemlos im Garten&nbsp;zu verlegen. Durch das <strong>simple Stecksystem<\/strong> ist nahezu jede Form der Raseneinfassung oder Beeteinfassung m\u00f6glich: Ecken, Kurven, Wellenlinien,&nbsp;Rundungen von 0\u00b0 bis 90\u00b0 sind kein Thema &#8211; toben Sie sich aus. Die Einzelelemente werden einfach aneinander gesteckt, halten sich gegenseitig fest&nbsp;und k\u00f6nnen dadurch <strong>nicht verrutschen<\/strong>.&nbsp;Die Steine&nbsp;werden mit dem<strong> Gummihammer eingeschlagen<\/strong> &#8211; ein graben oder vorstechen ist nicht erforderlich.&nbsp;<\/p>\n<p>&nbsp;<\/p>\n<p><strong>Eckdaten<\/strong><\/p>\n<ul>\n<li>L\u00e4nge: 185&nbsp;cm<\/li>\n<li>H\u00f6he: 10 cm<\/li>\n<li>Durchmesser: 5 cm<\/li>\n<li>Farbe: hellgrau<\/li>\n<\/ul>\n<p>&nbsp;<\/p>\n<p><strong>Lieferumfang<\/strong><\/p>\n<ul>\n<li>Steckelemente (11+1)&nbsp;f\u00fcr 1,85m Rasenkante<\/li>\n<\/ul>\n<p>&nbsp;<\/p>\n<p>&nbsp;<\/p>\n<p><a data-tabindex-counter=\"&quot;1&quot;\" data-tabindex-value=\"&quot;none&quot;\" href=\"\/\/www.gardiso.eu\/at\/shop\/Pflanzenschutz\/Rasenkanten-c62119&quot;\">Rasenkanten<\/a> halten das Gras zuverl\u00e4ssig fern von Beeten und Fl\u00e4chen mit Mulch, Kies, Sand &amp; Co. Verschaffen Sie sich einen \u00dcberblick im Shop.&nbsp;<\/p>\n","protected":false},"excerpt":{"rendered":"<p><UL><LI>Runde Rasenkantensteine\u00a0in modernem grau<\/LI><LI>Einfassen von Rasenfl\u00e4chen leicht gemacht<\/LI><LI>Ecken und Rundungen sind m\u00f6glich<\/LI><LI>Einfache Montage durch Einschlagen mit dem Gummihammer<\/LI><LI>Material aus witterungsbest\u00e4ndigem WPC-Verbundstoff<\/LI><\/UL><\/p>\n","protected":false},"featured_media":9523,"comment_status":"closed","ping_status":"closed","template":"","meta":[],"product_cat":[1227,1181],"product_tag":[],"wcpa_form_fields":null,"tiered_pricing_type":"fixed","tiered_pricing_fixed_rules":[],"_links":{"self":[{"href":"https:\/\/www.gardiso.eu\/at\/wp-json\/wp\/v2\/product\/3139"}],"collection":[{"href":"https:\/\/www.gardiso.eu\/at\/wp-json\/wp\/v2\/product"}],"about":[{"href":"https:\/\/www.gardiso.eu\/at\/wp-json\/wp\/v2\/types\/product"}],"replies":[{"embeddable":true,"href":"https:\/\/www.gardiso.eu\/at\/wp-json\/wp\/v2\/comments?post=3139"}],"wp:featuredmedia":[{"embeddable":true,"href":"https:\/\/www.gardiso.eu\/at\/wp-json\/wp\/v2\/media\/9523"}],"wp:attachment":[{"href":"https:\/\/www.gardiso.eu\/at\/wp-json\/wp\/v2\/media?parent=3139"}],"wp:term":[{"taxonomy":"product_cat","embeddable":true,"href":"https:\/\/www.gardiso.eu\/at\/wp-json\/wp\/v2\/product_cat?post=3139"},{"taxonomy":"product_tag","embeddable":true,"href":"https:\/\/www.gardiso.eu\/at\/wp-json\/wp\/v2\/product_tag?post=3139"}],"curies":[{"name":"wp","href":"https:\/\/api.w.org\/{rel}","templated":true}]}}