{"id":3124,"date":"2022-08-04T17:45:26","date_gmt":"2022-08-04T15:45:26","guid":{"rendered":"https:\/\/gardiso.insektenschutz365.eu\/p\/tomatenhaus-mit-aufrollbarer-tuer\/"},"modified":"2025-12-29T11:39:18","modified_gmt":"2025-12-29T10:39:18","slug":"tomatengewaechshaus-mit-aufrollbarer-tuer","status":"publish","type":"product","link":"https:\/\/www.gardiso.eu\/at\/p\/tomatengewaechshaus-mit-aufrollbarer-tuer\/","title":{"rendered":"Tomatengew\u00e4chshaus mit aufrollbarer T\u00fcr, 200 x 195 x 60 cm"},"content":{"rendered":"<h4><strong>Tomatengew\u00e4chshaus f\u00fcr eine gute Ernte<\/strong><\/h4>\n<p>Endlich ist es soweit!\u00a0Die Eisheiligen sind vorbei und die Tomaten k\u00f6nnen ins Freie.<\/p>\n<p>Die w\u00e4rmeliebenden Pflanzen f\u00fchlen sich in einem <strong>Gew\u00e4chshaus<\/strong> sehr wohl, da sie gesch\u00fctzt vor N\u00e4sse, K\u00e4lte, Braunf\u00e4ule\u00a0und Sch\u00e4dlingen wunderbar wachsen und reifen k\u00f6nnen. Das <strong>Tomatenhaus<\/strong> besteht aus einem Metallgest\u00e4nge und einer transparenten Gitterfolie, damit <strong>w\u00e4rmendes Sonnenlicht<\/strong> ins Innere gelangen kann. F\u00fcr <strong>regelm\u00e4\u00dfige Bel\u00fcftung <\/strong>verf\u00fcgt es \u00fcber zwei seitliche Fenster, die Vorderseite wird mit einem Rei\u00dfverschluss ge\u00f6ffnet bzw. verschlossen. Das Tomatengew\u00e4chshaus hat keinen Boden, damit die Luft besser zirkulieren kann und sich kein Wasser ansammelt. Es ist dank <strong>Stecksystem<\/strong> schnell zusammengebaut, einfach zu reinigen und wiederverwendbar f\u00fcr die n\u00e4chste Saison.<br \/>\n<strong>Eckdaten<\/strong><\/p>\n<ul>\n<li>Gr\u00f6\u00dfe: 200 x 195 x 60 cm (HxBxT)<\/li>\n<li>Farbe: gr\u00fcn \/ gr\u00fcn-transparent<\/li>\n<li>St\u00e4rke Gittergewebefolie: 135 g\/m\u00b2<\/li>\n<li>Metallgest\u00e4nge pulverbeschichtet<\/li>\n<\/ul>\n<p>&nbsp;<\/p>\n<p><strong>Lieferumfang<\/strong><\/p>\n<ul>\n<li>1 Tomatengew\u00e4chshaus<\/li>\n<\/ul>\n<p><strong>Tipp<\/strong><br \/>\nDie empfindlichen Tomaten k\u00f6nnen auch mit <a title=\"&quot;K\u00e4lteschutzfolie\" href=\"\/\/www.gardiso.eu\/at\/shop\/Pflanzenanzucht\/Anzucht-Outdoor\/tomaten-vlieshaube-fuer-5-7-tomatenstoecke-gruen-p51398?listName=shop&quot;\" target=\"&quot;_blank&quot;\" rel=\"noopener\">Tomatenhauben<\/a> zuverl\u00e4ssig gesch\u00fctzt werden.<\/p>\n","protected":false},"excerpt":{"rendered":"<ul>\n<li>Tomatengew\u00e4chshaus zum Schutz vor N\u00e4sse und K\u00e4lte<\/li>\n<li>Stabiler Halt dank Metallgest\u00e4nge und fester Gewebefolie<\/li>\n<li>Gew\u00e4chshausfolie l\u00e4sst Licht und W\u00e4rme der Sonne hindurch<\/li>\n<li>Aufrollbare Rei\u00dfverschlusst\u00fcr zur regelm\u00e4\u00dfigen Bel\u00fcftung<\/li>\n<li>Einfacher Zusammenbau dank Stecksystem<\/li>\n<\/ul>\n","protected":false},"featured_media":9531,"comment_status":"closed","ping_status":"closed","template":"","meta":[],"product_cat":[1211,1212],"product_tag":[],"wcpa_form_fields":null,"tiered_pricing_type":"fixed","tiered_pricing_fixed_rules":[],"_links":{"self":[{"href":"https:\/\/www.gardiso.eu\/at\/wp-json\/wp\/v2\/product\/3124"}],"collection":[{"href":"https:\/\/www.gardiso.eu\/at\/wp-json\/wp\/v2\/product"}],"about":[{"href":"https:\/\/www.gardiso.eu\/at\/wp-json\/wp\/v2\/types\/product"}],"replies":[{"embeddable":true,"href":"https:\/\/www.gardiso.eu\/at\/wp-json\/wp\/v2\/comments?post=3124"}],"wp:featuredmedia":[{"embeddable":true,"href":"https:\/\/www.gardiso.eu\/at\/wp-json\/wp\/v2\/media\/9531"}],"wp:attachment":[{"href":"https:\/\/www.gardiso.eu\/at\/wp-json\/wp\/v2\/media?parent=3124"}],"wp:term":[{"taxonomy":"product_cat","embeddable":true,"href":"https:\/\/www.gardiso.eu\/at\/wp-json\/wp\/v2\/product_cat?post=3124"},{"taxonomy":"product_tag","embeddable":true,"href":"https:\/\/www.gardiso.eu\/at\/wp-json\/wp\/v2\/product_tag?post=3124"}],"curies":[{"name":"wp","href":"https:\/\/api.w.org\/{rel}","templated":true}]}}