{"id":3122,"date":"2022-08-04T17:45:26","date_gmt":"2022-08-04T15:45:26","guid":{"rendered":"https:\/\/gardiso.insektenschutz365.eu\/p\/lichtschacht-abdeckung-alu-rahmen\/"},"modified":"2025-12-23T15:11:17","modified_gmt":"2025-12-23T14:11:17","slug":"lichtschacht-abdeckung-alu-rahmen","status":"publish","type":"product","link":"https:\/\/www.gardiso.eu\/at\/p\/lichtschacht-abdeckung-alu-rahmen\/","title":{"rendered":"Lichtschacht-Abdeckung Alu-Rahmen"},"content":{"rendered":"<p><strong>Abdeckung f\u00fcr Licht- und Kellersch\u00e4chte 44&#215;106 cm &#8211; Set aus Aluminium Rahmensystem und Aluminium-Gewebe<\/strong><\/p>\n<p>Mit dem <strong>Komplett-Set aus Rahmenprofilen, Gewebe und Klammern<\/strong> geh\u00f6ren Laub und Ungeziefer in Ihrem Lichtschacht der Vergangenheit an. Mit der Lichtschachtabdeckung k\u00f6nnen Sie Ihre Kellersch\u00e4chte perfekt abdecken. Das Produkt besteht aus qualitativen Materialien und h\u00e4lt Wind und Wetter locker stand. Das&nbsp;<strong>Gewebe aus ALUMINIUM<\/strong> ist sehr robust und stabil. Die Rahmenprofile sind leicht abgerundet und werden dadurch nicht zur Stolperfalle.&nbsp;<\/p>\n<p>Mithilfe des mitgelieferten Befestigungsmaterial l\u00e4sst sich das Rahmensystem schnell und einfach am Gitterrost montieren. Die <strong>umlaufende Dichtungsb\u00fcrste<\/strong>&nbsp;sorgt f\u00fcr zus\u00e4tzliche Abdichtung. Somit haben Sie einen zuverl\u00e4ssigen Schutz vor Laub, Ungeziefern und Schmutz, welchen Sie vor allem im Herbst keinesfalls missen m\u00f6chten. Sie k\u00f6nnen dieses Produkt <strong>unbedenklich betreten<\/strong>, da es \u00fcber h\u00f6chste Stabilit\u00e4t verf\u00fcgt.<br \/>\nF\u00fcr Lichtsch\u00e4chte bis zu einer Gr\u00f6\u00dfe von max. 44&#215;106&nbsp;cm geeignet.<\/p>\n","protected":false},"excerpt":{"rendered":"<p><UL><LI>Hochwertiges Aluminium Rahmensystem<\/LI><LI>Qualitatives Gewebe aus Aluminium<\/LI><LI>Ecken aus Kunststoff<\/LI><LI>Zuverl\u00e4ssiger Schutz vor Laub, Ungeziefer und Schmutz<\/LI><LI>Licht- und Luftdurchl\u00e4ssig<\/LI><LI>Umlaufende Dichtungsb\u00fcrste f\u00fcr optimalen Schutz<\/LI><LI>F\u00fcr Rostgr\u00f6\u00dfen bis 44&#215;106 cm<\/LI><\/UL><\/p>\n","protected":false},"featured_media":3801,"comment_status":"closed","ping_status":"closed","template":"","meta":[],"product_cat":[1235,1115],"product_tag":[],"wcpa_form_fields":null,"tiered_pricing_type":"fixed","tiered_pricing_fixed_rules":[],"_links":{"self":[{"href":"https:\/\/www.gardiso.eu\/at\/wp-json\/wp\/v2\/product\/3122"}],"collection":[{"href":"https:\/\/www.gardiso.eu\/at\/wp-json\/wp\/v2\/product"}],"about":[{"href":"https:\/\/www.gardiso.eu\/at\/wp-json\/wp\/v2\/types\/product"}],"replies":[{"embeddable":true,"href":"https:\/\/www.gardiso.eu\/at\/wp-json\/wp\/v2\/comments?post=3122"}],"wp:featuredmedia":[{"embeddable":true,"href":"https:\/\/www.gardiso.eu\/at\/wp-json\/wp\/v2\/media\/3801"}],"wp:attachment":[{"href":"https:\/\/www.gardiso.eu\/at\/wp-json\/wp\/v2\/media?parent=3122"}],"wp:term":[{"taxonomy":"product_cat","embeddable":true,"href":"https:\/\/www.gardiso.eu\/at\/wp-json\/wp\/v2\/product_cat?post=3122"},{"taxonomy":"product_tag","embeddable":true,"href":"https:\/\/www.gardiso.eu\/at\/wp-json\/wp\/v2\/product_tag?post=3122"}],"curies":[{"name":"wp","href":"https:\/\/api.w.org\/{rel}","templated":true}]}}