{"id":3117,"date":"2022-08-04T17:45:26","date_gmt":"2022-08-04T15:45:26","guid":{"rendered":"https:\/\/gardiso.insektenschutz365.eu\/p\/gitterspalier-aus-metall\/"},"modified":"2023-12-01T17:51:34","modified_gmt":"2023-12-01T16:51:34","slug":"gitterspalier-aus-metall","status":"publish","type":"product","link":"https:\/\/www.gardiso.eu\/at\/p\/gitterspalier-aus-metall\/","title":{"rendered":"Gitterspalier aus Metall"},"content":{"rendered":"<p><h4>Gitterspalier f\u00fcr hochwachsende Pflanzen<\/h4>\n<p>Rankpflanzen werden an diesem Gitterspalier&nbsp;liebend gerne hochklettern! Diese&nbsp;Rankst\u00fctze aus Metall wurde mit Kunststoff beschichtet und&nbsp;ist damit f\u00fcr eine lange Zeit im Au\u00dfeneinsatz konzipiert. Mit der passenden Befestigung kann sie an der sonnigen Hauswand angebracht werden.&nbsp;<\/p>\n<p>&nbsp;<\/p>\n<p><strong>Eckdaten<\/strong><\/p>\n<ul>\n<li>Gr\u00f6\u00dfe: 75&#215;150 cm<\/li>\n<li>Farbe: wei\u00df<\/li>\n<li>Form: rechteckig<\/li>\n<li>Material: Metall, mit Kunststoff&nbsp;beschichtet<\/li>\n<\/ul>\n<p>&nbsp;<\/p>\n<p><strong>Lieferumfang<\/strong><\/p>\n<ul>\n<li>1 Gitterspalier mit Wandbefestigungen<\/li>\n<\/ul>\n","protected":false},"excerpt":{"rendered":"<p><UL><LI>Gitterspalier aus Metall f\u00fcr Kletterpflanzen<\/LI><LI>Komplett-Set zur Befestigung an Hausw\u00e4nden<\/LI><LI>Rostfrei durch Beschichtung f\u00fcr eine lange Lebensdauer<\/LI><LI>Geeignet f\u00fcr den Au\u00dfenbereich<\/LI><\/UL><\/p>\n","protected":false},"featured_media":9530,"comment_status":"closed","ping_status":"closed","template":"","meta":[],"product_cat":[1181,1242],"product_tag":[],"wcpa_form_fields":null,"tiered_pricing_type":"fixed","tiered_pricing_fixed_rules":[],"_links":{"self":[{"href":"https:\/\/www.gardiso.eu\/at\/wp-json\/wp\/v2\/product\/3117"}],"collection":[{"href":"https:\/\/www.gardiso.eu\/at\/wp-json\/wp\/v2\/product"}],"about":[{"href":"https:\/\/www.gardiso.eu\/at\/wp-json\/wp\/v2\/types\/product"}],"replies":[{"embeddable":true,"href":"https:\/\/www.gardiso.eu\/at\/wp-json\/wp\/v2\/comments?post=3117"}],"wp:featuredmedia":[{"embeddable":true,"href":"https:\/\/www.gardiso.eu\/at\/wp-json\/wp\/v2\/media\/9530"}],"wp:attachment":[{"href":"https:\/\/www.gardiso.eu\/at\/wp-json\/wp\/v2\/media?parent=3117"}],"wp:term":[{"taxonomy":"product_cat","embeddable":true,"href":"https:\/\/www.gardiso.eu\/at\/wp-json\/wp\/v2\/product_cat?post=3117"},{"taxonomy":"product_tag","embeddable":true,"href":"https:\/\/www.gardiso.eu\/at\/wp-json\/wp\/v2\/product_tag?post=3117"}],"curies":[{"name":"wp","href":"https:\/\/api.w.org\/{rel}","templated":true}]}}