{"id":3114,"date":"2022-08-04T17:45:26","date_gmt":"2022-08-04T15:45:26","guid":{"rendered":"https:\/\/gardiso.insektenschutz365.eu\/p\/gartenvlies-fuer-fruehbeete-2\/"},"modified":"2025-03-16T11:51:31","modified_gmt":"2025-03-16T10:51:31","slug":"gartenvlies-fuer-fruehbeete-2","status":"publish","type":"product","link":"https:\/\/www.gardiso.eu\/at\/p\/gartenvlies-fuer-fruehbeete-2\/","title":{"rendered":"Gartenvlies f\u00fcr Fr\u00fchbeete"},"content":{"rendered":"<p><h4><strong>Leichtes Gartenvlies zum Schutz von Jungpflanzen vor Frost<\/strong><\/h4>\n<p>Ein Wachstumsvlies ist ein wertvoller Helfer und das optimale Basisprodukt zum Beginn der Gartensaison. Das Fr\u00fchbeetvlies ist schnell \u00fcber Gem\u00fcse Pfl\u00e4nzchen, Blumenbeete oder Balkonpflanzen geworfen und h\u00e4lt warm. Dadurch entsteht ein <strong>wachstumsf\u00f6rderndes<\/strong> Klima unter dem Vlies, was den Jungpflanzen einen Reifevorsprung von 2 bis 3 Wochen verschafft. Gleichzeitig <strong>sch\u00fctzt<\/strong> es optimal vor<strong> frostigen<\/strong> N\u00e4chten, die&nbsp;gerade im Fr\u00fchjahr noch h\u00e4ufig herrschen. Durch die <strong>wasserdurchl\u00e4ssige<\/strong> Eigenschaft des Gartenvlies k\u00f6nnen die Pfl\u00e4nzchen direkt gegossen werden.<\/p>\n<p>\n<strong>Eckdaten<\/strong><\/p>\n<ul>\n<li>Gr\u00f6\u00dfe: 5 x 1,5 m<\/li>\n<li>St\u00e4rke: 17 g\/m\u00b2<\/li>\n<li>Farbe: wei\u00df<\/li>\n<\/ul>\n<p>&nbsp;<\/p>\n<p><strong>Lieferumfang<\/strong><\/p>\n<ul>\n<li>1 Gartenvlies<\/li>\n<\/ul>\n","protected":false},"excerpt":{"rendered":"<p><UL><LI>Leichtes Gartenvlies f\u00fcr Fr\u00fchbeete<\/LI><LI>Unterst\u00fctzt die Setzlinge beim Wachstum<\/LI><LI>Sch\u00fctzt Jungpflanzen vor Frost im Fr\u00fchjahr<\/LI><LI>Direktes Gie\u00dfen m\u00f6glich<\/LI><\/UL><\/p>\n","protected":false},"featured_media":9527,"comment_status":"closed","ping_status":"closed","template":"","meta":[],"product_cat":[1241,1181],"product_tag":[],"wcpa_form_fields":null,"tiered_pricing_type":"fixed","tiered_pricing_fixed_rules":[],"_links":{"self":[{"href":"https:\/\/www.gardiso.eu\/at\/wp-json\/wp\/v2\/product\/3114"}],"collection":[{"href":"https:\/\/www.gardiso.eu\/at\/wp-json\/wp\/v2\/product"}],"about":[{"href":"https:\/\/www.gardiso.eu\/at\/wp-json\/wp\/v2\/types\/product"}],"replies":[{"embeddable":true,"href":"https:\/\/www.gardiso.eu\/at\/wp-json\/wp\/v2\/comments?post=3114"}],"wp:featuredmedia":[{"embeddable":true,"href":"https:\/\/www.gardiso.eu\/at\/wp-json\/wp\/v2\/media\/9527"}],"wp:attachment":[{"href":"https:\/\/www.gardiso.eu\/at\/wp-json\/wp\/v2\/media?parent=3114"}],"wp:term":[{"taxonomy":"product_cat","embeddable":true,"href":"https:\/\/www.gardiso.eu\/at\/wp-json\/wp\/v2\/product_cat?post=3114"},{"taxonomy":"product_tag","embeddable":true,"href":"https:\/\/www.gardiso.eu\/at\/wp-json\/wp\/v2\/product_tag?post=3114"}],"curies":[{"name":"wp","href":"https:\/\/api.w.org\/{rel}","templated":true}]}}