{"id":3097,"date":"2022-08-04T17:45:05","date_gmt":"2022-08-04T15:45:05","guid":{"rendered":"https:\/\/gardiso.insektenschutz365.eu\/p\/vogelfutterhaus-bausatz-inkl-farben-pinsel-fuer-kinder\/"},"modified":"2025-12-18T16:38:35","modified_gmt":"2025-12-18T15:38:35","slug":"vogelfutterhaus-bausatz-inkl-farben-pinsel-fuer-kinder","status":"publish","type":"product","link":"https:\/\/www.gardiso.eu\/at\/p\/vogelfutterhaus-bausatz-inkl-farben-pinsel-fuer-kinder\/","title":{"rendered":"Vogelfutterhaus Bausatz inkl. Farben &amp; Pinsel f\u00fcr Kinder"},"content":{"rendered":"<h4><strong>Vogelfutterhaus selber bauen mit Kinder ab 3 Jahren<\/strong><\/h4>\n<p>Das Vogelfuttersilo ist wunderbar zum einfachen Selberbauen und Gestalten geeignet. Kinder k\u00f6nnen ihre Kreativit\u00e4t ausleben und einen Bezug zu Flora &amp; Fauna im eigenen Garten entwickeln. Gleichzeitig werden heimische Vogelarten in der kalten Jahreszeit unterst\u00fctzt.<\/p>\n<p>Alle Bausatzteile sind so vorgefertigt, dass <strong>nicht ges\u00e4gt oder gebohrt<\/strong> werden muss &#8211; man setzt die Elemente einfach zusammen. Zwei seitliche Sichtfenster erm\u00f6glichen die leichte Kontrolle des Futterstands. Das Set beinhaltet vier Farben und einen Pinsel zum fantasievollen Bemalen sowie kindgerechte Schablonen zum Ausschneiden (auf der Verpackung). Dieses Mini-Bauprojekt bietet Naturerlebnis und Spa\u00df f\u00fcr Jung und Alt.<br \/>\n<strong>Eckdaten<\/strong><\/p>\n<ul>\n<li>Gr\u00f6\u00dfe: ca. 22 x 17 x 19 cm<\/li>\n<li>Material: Holz<\/li>\n<li>Befestigung: h\u00e4ngend<\/li>\n<li>Bef\u00fcllung: durch seitliche \u00d6ffnungen<\/li>\n<\/ul>\n<p>&nbsp;<\/p>\n<p><strong>Lieferumfang<\/strong><\/p>\n<ul>\n<li>1 Vogelfutterhaus mit Aufh\u00e4ngeschnur<\/li>\n<li>1 Pinsel und 4 Farben (rot, gelb, blau, wei\u00df)<\/li>\n<\/ul>\n<p>&nbsp;<\/p>\n<p>&nbsp;<\/p>\n<h4>Lust auf weitere\u00a0Bastelprojekte\u00a0mit KINDERN?<\/h4>\n<p>Wie w\u00e4re es z.B. mit einem s\u00fc\u00dfen\u00a0<a title=\"&quot;Vogel-Nistkasten\" href=\"\/\/www.gardiso.eu\/at\/shop\/Nuetzlinge\/Voegel\/vogel-nistkasten-bausatz-inkl.-farben-pinsel-fuer-kinder-p54894?listName=shop&quot;\" target=\"&quot;_blank&quot;\" rel=\"noopener\">Vogel-Nistkasten<\/a>\u00a0oder einem\u00a0<a title=\"&quot;Insektenhaus-Bausatz\" href=\"\/\/www.gardiso.eu\/at\/shop\/Nuetzlinge\/Insekten-Bienen\/insektenhotel-pyramide--selbstbaukasten-fuer-kinder-p55014?listName=shop&quot;\" target=\"&quot;_blank&quot;\" rel=\"noopener\">Insektenhotel<\/a>\u00a0in Dreieck-Form?\u00a0Dank des klugen Stecksystems herrlich einfach im Zusammenbau und zum Bemalen nach Lust &amp; Laune!<\/p>\n<p>&nbsp;<\/p>\n<h4>Und f\u00fcr Erwachsene?<\/h4>\n<p>Neben einer sch\u00f6nen Auswahl\u00a0an\u00a0<a title=\"&quot;Vogelh\u00e4user\" href=\"\/\/www.gardiso.eu\/at\/shop\/Nuetzlinge\/Voegel-c62101&quot;\" target=\"&quot;_blank&quot;\" rel=\"noopener\">Vogelh\u00e4uschen und Nistk\u00e4sten<\/a>\u00a0finden sich bei uns auch verschiedene\u00a0<a title=\"&quot;Insektenhotels\" href=\"\/\/www.gardiso.eu\/at\/shop\/Nuetzlinge\/Insekten-Bienen-c62100&quot;\" target=\"&quot;_blank&quot;\" rel=\"noopener\">Insektenhotels<\/a>\u00a0zur Unterst\u00fctzung von\u00a0Wildbienen, Marienk\u00e4fer &amp;\u00a0Florfliegen. Ein paar hilfreiche Informationen dazu k\u00f6nnen in den <a title=\"&quot;Wissenwertes\" href=\"\/\/www.gardiso.eu\/at\/service-infos\/faq&quot;\" target=\"&quot;_blank&quot;\" rel=\"noopener\">N\u00fctzlinge-FAQ<\/a> nachgelesen werden.<\/p>\n","protected":false},"excerpt":{"rendered":"<ul>\n<li>Vogelfuttersilo zum Selberbauen und Gestalten<\/li>\n<li>Holzhaus mit 4 Farben, Pinsel und Schablonen<\/li>\n<li>Sichtfenster zur Futterstandskontrolle<\/li>\n<li>Einfaches Bastelprojekt f\u00fcr Kinder ab 3 Jahren<\/li>\n<\/ul>\n","protected":false},"featured_media":9538,"comment_status":"closed","ping_status":"closed","template":"","meta":[],"product_cat":[1222,1226],"product_tag":[],"wcpa_form_fields":null,"tiered_pricing_type":"fixed","tiered_pricing_fixed_rules":[],"_links":{"self":[{"href":"https:\/\/www.gardiso.eu\/at\/wp-json\/wp\/v2\/product\/3097"}],"collection":[{"href":"https:\/\/www.gardiso.eu\/at\/wp-json\/wp\/v2\/product"}],"about":[{"href":"https:\/\/www.gardiso.eu\/at\/wp-json\/wp\/v2\/types\/product"}],"replies":[{"embeddable":true,"href":"https:\/\/www.gardiso.eu\/at\/wp-json\/wp\/v2\/comments?post=3097"}],"wp:featuredmedia":[{"embeddable":true,"href":"https:\/\/www.gardiso.eu\/at\/wp-json\/wp\/v2\/media\/9538"}],"wp:attachment":[{"href":"https:\/\/www.gardiso.eu\/at\/wp-json\/wp\/v2\/media?parent=3097"}],"wp:term":[{"taxonomy":"product_cat","embeddable":true,"href":"https:\/\/www.gardiso.eu\/at\/wp-json\/wp\/v2\/product_cat?post=3097"},{"taxonomy":"product_tag","embeddable":true,"href":"https:\/\/www.gardiso.eu\/at\/wp-json\/wp\/v2\/product_tag?post=3097"}],"curies":[{"name":"wp","href":"https:\/\/api.w.org\/{rel}","templated":true}]}}