{"id":3086,"date":"2022-08-04T17:45:05","date_gmt":"2022-08-04T15:45:05","guid":{"rendered":"https:\/\/gardiso.insektenschutz365.eu\/p\/sichtschutz-bambusmatte-exklusiv\/"},"modified":"2026-03-26T08:41:01","modified_gmt":"2026-03-26T07:41:01","slug":"sichtschutz-bambusmatte-exklusiv","status":"publish","type":"product","link":"https:\/\/www.gardiso.eu\/at\/p\/sichtschutz-bambusmatte-exklusiv\/","title":{"rendered":"Sichtschutz Bambusmatte exklusiv"},"content":{"rendered":"<h4><strong>Stilvoller Bambus Sichtschutz f\u00fcr Asia-Flair in Ihrem Zuhause<\/strong><\/h4>\n<p>Mehr als nur einen Blick wirft man gerne auf diese auff\u00e4llige Sichtschutzmatte. Zwei angenehme Farbt\u00f6ne stehen zur Wahl, um Ihre Ruheoasen stilsicher zu verkleiden.<\/p>\n<p>Die <strong>naturbelassenen Bambusrohre<\/strong> gew\u00e4hrleisten eine hohe <strong>Stabilit\u00e4t<\/strong> und bieten gro\u00dffl\u00e4chigen Blickschutz. Durch die gleichm\u00e4\u00dfige Verarbeitung ist die Bambusmatte zugleich ein au\u00dfergew\u00f6hnliches Dekorationselement f\u00fcr den Innenbereich. Die \u00d825mm dicken Bambusrohre sind mit einem starken, verzinkten Stahldraht zu einer einheitlichen Matte verbunden und damit extrem widerstandsf\u00e4hig gegen\u00fcber Wind und Wetter.<\/p>\n<p>Dieser besondere Sichtschutzzaun ist Ihrem Zuhause sicherlich ein ansehnlicher und langj\u00e4hriger Begleiter.<br \/>\n<strong>Fakten rund ums Produkt<\/strong><\/p>\n<ul>\n<li>Ma\u00dfe: 1,8 x 1,8 m<\/li>\n<li>Gewicht: 19 kg<\/li>\n<li>Farbe: natur-hell<\/li>\n<\/ul>\n<p>&nbsp;<\/p>\n<p><strong>Lieferumfang<\/strong><\/p>\n<ul>\n<li>1 Sichtschutzmatte aus Bambus<\/li>\n<\/ul>\n","protected":false},"excerpt":{"rendered":"<ul>\n<li>Exklusive Bambusmatte in heller Optik<\/li>\n<li>90% Blickdichte<\/li>\n<li>Starkes Bambusvollrohr f\u00fcr hohe Stabilit\u00e4t<\/li>\n<li>Dekorativer Einsatz im Innen- und Au\u00dfenbereich<\/li>\n<\/ul>\n","protected":false},"featured_media":9534,"comment_status":"closed","ping_status":"closed","template":"","meta":[],"product_cat":[1228,1231],"product_tag":[],"wcpa_form_fields":null,"tiered_pricing_type":"fixed","tiered_pricing_fixed_rules":[],"_links":{"self":[{"href":"https:\/\/www.gardiso.eu\/at\/wp-json\/wp\/v2\/product\/3086"}],"collection":[{"href":"https:\/\/www.gardiso.eu\/at\/wp-json\/wp\/v2\/product"}],"about":[{"href":"https:\/\/www.gardiso.eu\/at\/wp-json\/wp\/v2\/types\/product"}],"replies":[{"embeddable":true,"href":"https:\/\/www.gardiso.eu\/at\/wp-json\/wp\/v2\/comments?post=3086"}],"wp:featuredmedia":[{"embeddable":true,"href":"https:\/\/www.gardiso.eu\/at\/wp-json\/wp\/v2\/media\/9534"}],"wp:attachment":[{"href":"https:\/\/www.gardiso.eu\/at\/wp-json\/wp\/v2\/media?parent=3086"}],"wp:term":[{"taxonomy":"product_cat","embeddable":true,"href":"https:\/\/www.gardiso.eu\/at\/wp-json\/wp\/v2\/product_cat?post=3086"},{"taxonomy":"product_tag","embeddable":true,"href":"https:\/\/www.gardiso.eu\/at\/wp-json\/wp\/v2\/product_tag?post=3086"}],"curies":[{"name":"wp","href":"https:\/\/api.w.org\/{rel}","templated":true}]}}