{"id":3074,"date":"2022-08-04T17:44:54","date_gmt":"2022-08-04T15:44:54","guid":{"rendered":"https:\/\/gardiso.insektenschutz365.eu\/p\/staudenstuetze-flexibel\/"},"modified":"2025-12-30T06:38:56","modified_gmt":"2025-12-30T05:38:56","slug":"staudenstuetze-flexibel","status":"publish","type":"product","link":"https:\/\/www.gardiso.eu\/at\/p\/staudenstuetze-flexibel\/","title":{"rendered":"Staudenst\u00fctze flexibel"},"content":{"rendered":"<p><h4>Staudenhalter&nbsp;f\u00fcr optimalen&nbsp;Pflanzenwuchs<\/h4>\n<p>Die runde, flexibel einsetzbare Pflanzenst\u00fctze bringt Ihre Blumen in die gew\u00fcnschte Form und gibt ihnen Halt.<\/p>\n<p>Der mit gr\u00fcnem Kunststoff \u00fcberzogene Staudenhalter&nbsp;f\u00fcgt sich fast unsichtbar in die Pflanzenwelt ein und leistet im Hintergrund wertvolle St\u00fctzhilfe. Durch ein Gelenk in der Mitte des Ringes ist die Gr\u00f6\u00dfe flexibel einstellbar.&nbsp;<\/p>\n<p>&nbsp;<\/p>\n<p><strong>Eckdaten<\/strong><\/p>\n<ul>\n<li>Gr\u00f6\u00dfe: 30&#215;70 cm<\/li>\n<li>Durchmesser: 6 mm<\/li>\n<li>Farbe: dunkelgr\u00fcn<\/li>\n<li>Form: rund<\/li>\n<\/ul>\n<p>&nbsp;<\/p>\n<p><strong>Lieferumfang<\/strong><\/p>\n<ul>\n<li>1 Pflanzenring<\/li>\n<\/ul>\n","protected":false},"excerpt":{"rendered":"<p><UL><LI>Runder Staudenhalter f\u00fcr den Einsatz im Garten<\/LI><LI>Gibt Pflanzen guten Halt f\u00fcrs Wachstum<\/LI><LI>Flexible Form m\u00f6glich durch mittiges Gelenk<\/LI><LI>St\u00fctze aus Metall mit Kunststoff \u00fcberzogen<\/LI><\/UL><\/p>\n","protected":false},"featured_media":9544,"comment_status":"closed","ping_status":"closed","template":"","meta":[],"product_cat":[1181,1242],"product_tag":[],"wcpa_form_fields":null,"tiered_pricing_type":"fixed","tiered_pricing_fixed_rules":[],"_links":{"self":[{"href":"https:\/\/www.gardiso.eu\/at\/wp-json\/wp\/v2\/product\/3074"}],"collection":[{"href":"https:\/\/www.gardiso.eu\/at\/wp-json\/wp\/v2\/product"}],"about":[{"href":"https:\/\/www.gardiso.eu\/at\/wp-json\/wp\/v2\/types\/product"}],"replies":[{"embeddable":true,"href":"https:\/\/www.gardiso.eu\/at\/wp-json\/wp\/v2\/comments?post=3074"}],"wp:featuredmedia":[{"embeddable":true,"href":"https:\/\/www.gardiso.eu\/at\/wp-json\/wp\/v2\/media\/9544"}],"wp:attachment":[{"href":"https:\/\/www.gardiso.eu\/at\/wp-json\/wp\/v2\/media?parent=3074"}],"wp:term":[{"taxonomy":"product_cat","embeddable":true,"href":"https:\/\/www.gardiso.eu\/at\/wp-json\/wp\/v2\/product_cat?post=3074"},{"taxonomy":"product_tag","embeddable":true,"href":"https:\/\/www.gardiso.eu\/at\/wp-json\/wp\/v2\/product_tag?post=3074"}],"curies":[{"name":"wp","href":"https:\/\/api.w.org\/{rel}","templated":true}]}}