{"id":3070,"date":"2022-08-04T17:44:54","date_gmt":"2022-08-04T15:44:54","guid":{"rendered":"https:\/\/gardiso.insektenschutz365.eu\/p\/beeteinfassung-aus-rattan-mit-boegen\/"},"modified":"2025-12-30T11:39:07","modified_gmt":"2025-12-30T10:39:07","slug":"beeteinfassung-aus-rattan-mit-boegen","status":"publish","type":"product","link":"https:\/\/www.gardiso.eu\/at\/p\/beeteinfassung-aus-rattan-mit-boegen\/","title":{"rendered":"Beeteinfassung aus Rattan mit B\u00f6gen"},"content":{"rendered":"<h4>Moderne Beeteinfassung aus grauem Rattan<\/h4>\n<p>Definitiv ein stilvoller Blickfang im Garten &#8211; und passend zu den Rattanm\u00f6bel auf der Terrasse.<\/p>\n<p>F\u00fcr diese&nbsp;Beeteinfassung wurde&nbsp;Kunststoff-<strong>Rattan<\/strong> in Handarbeit auf einen pulverbeschichteten Metallrahmen <strong>geflochten<\/strong>. Die Bogenform&nbsp;und die dunkelgraue Farbe geben dem Minizaun einen eleganten&nbsp;Touch. Dank der Fu\u00dfspitzen aus Metall wird dieser einfach in die Erde gesteckt. M\u00f6chten Sie eine gr\u00f6\u00dfere Fl\u00e4che einfassen bzw. abgrenzen (z.B. ein Blumenbeet oder einen Weg), k\u00f6nnen mehrere&nbsp;<strong>Rattan-Elemente<\/strong> ganz unkompliziert durch&nbsp;seitliche Haken <strong>miteinander verbunden<\/strong> werden.<\/p>\n<p>&nbsp;<\/p>\n<p><strong>Eckdaten<\/strong><\/p>\n<ul>\n<li>Gr\u00f6\u00dfe inkl. Steckf\u00fc\u00dfe: 100 x 35&nbsp;cm (L x H)<\/li>\n<li>Gr\u00f6\u00dfe ohne Steckf\u00fc\u00dfe: 100 x 20 cm&nbsp;(L x H)<\/li>\n<li>Material: Poly-Rattan<\/li>\n<li>Farbe: dunkelgrau \/ anthrazit<\/li>\n<\/ul>\n<p>&nbsp;<\/p>\n<p><strong>Lieferumfang<\/strong><\/p>\n<ul>\n<li>1 Beeteinfassung aus Rattan<\/li>\n<\/ul>\n<p>&nbsp;<\/p>\n<h4>Nat\u00fcrlichkeit ist gefragt?<\/h4>\n<p>St\u00f6bern Sie doch einfach durch unseren Shop und entdecken Sie unsere <a href=\"\/\/www.gardiso.eu\/at\/shop\/Garten\/Gartendekoration-c62109&quot;\">Beeteinfassungen<\/a> aus nachwachsenden Materialien wie Bambus, Weide oder&nbsp;Haselnuss.<\/p>\n","protected":false},"excerpt":{"rendered":"<p><UL><LI>Beeteinfassung aus geflochtenem Rattan in Bogenform<\/LI><LI>Moderne, dunkelgraue Beet- und Wegabgrenzung<\/LI><LI>UV-best\u00e4ndiges, wetterfestes und langlebiges Material<\/LI><LI>Seitliche Haken zum Verbinden mehrerer Elemente<\/LI><\/UL><\/p>\n","protected":false},"featured_media":9543,"comment_status":"closed","ping_status":"closed","template":"","meta":[],"product_cat":[1227,1181],"product_tag":[],"wcpa_form_fields":null,"tiered_pricing_type":"fixed","tiered_pricing_fixed_rules":[],"_links":{"self":[{"href":"https:\/\/www.gardiso.eu\/at\/wp-json\/wp\/v2\/product\/3070"}],"collection":[{"href":"https:\/\/www.gardiso.eu\/at\/wp-json\/wp\/v2\/product"}],"about":[{"href":"https:\/\/www.gardiso.eu\/at\/wp-json\/wp\/v2\/types\/product"}],"replies":[{"embeddable":true,"href":"https:\/\/www.gardiso.eu\/at\/wp-json\/wp\/v2\/comments?post=3070"}],"wp:featuredmedia":[{"embeddable":true,"href":"https:\/\/www.gardiso.eu\/at\/wp-json\/wp\/v2\/media\/9543"}],"wp:attachment":[{"href":"https:\/\/www.gardiso.eu\/at\/wp-json\/wp\/v2\/media?parent=3070"}],"wp:term":[{"taxonomy":"product_cat","embeddable":true,"href":"https:\/\/www.gardiso.eu\/at\/wp-json\/wp\/v2\/product_cat?post=3070"},{"taxonomy":"product_tag","embeddable":true,"href":"https:\/\/www.gardiso.eu\/at\/wp-json\/wp\/v2\/product_tag?post=3070"}],"curies":[{"name":"wp","href":"https:\/\/api.w.org\/{rel}","templated":true}]}}