{"id":3067,"date":"2022-08-04T17:44:54","date_gmt":"2022-08-04T15:44:54","guid":{"rendered":"https:\/\/gardiso.insektenschutz365.eu\/p\/jutesack-div-groessen-und-farben\/"},"modified":"2025-11-09T13:12:11","modified_gmt":"2025-11-09T12:12:11","slug":"jutesack-div-groessen-und-farben","status":"publish","type":"product","link":"https:\/\/www.gardiso.eu\/at\/p\/jutesack-div-groessen-und-farben\/","title":{"rendered":"Jutesack &#8211; div. Gr\u00f6\u00dfen und Farben"},"content":{"rendered":"<h4>Farbenfroher Jute Sack in kr\u00e4ftigem Rot<\/h4>\n<p>Der robuste Jutesack sch\u00fctzt Topfpflanzen &amp; und andere\u00a0k\u00e4ltempfindlichen Pflanzen vor Frost, Wind und Schnee. Der Sack aus reiner Jutefaser eignet sich auch optimal zur\u00a0<strong>Lagerung<\/strong>\u00a0von z. B. Kartoffeln und Zwiebeln im Keller.\u00a0Gerade in der Herbst-\/Winterzeit ist Jute ein wunderbares Material zur<strong>\u00a0Dekoration<\/strong>\u00a0von Haus und Terrasse.<\/p>\n<p>&nbsp;<\/p>\n<p><strong>Eckdaten<\/strong><\/p>\n<ul>\n<li>Gr\u00f6\u00dfe<strong>:\u00a0<\/strong>70 x 100 cm<\/li>\n<li>Farbe: rot<\/li>\n<\/ul>\n<p>&nbsp;<\/p>\n<p><strong>Basteltipp<\/strong><\/p>\n<p>Zaubern Sie aus Jutesack &amp; Juteb\u00e4ndern eine s\u00fc\u00dfe Jutemaus &#8211; 100% nat\u00fcrlich und absolut ungef\u00e4hrlich. Lassen Sie Ihrer Kreativit\u00e4t freien Lauf! Viel Freude beim Ausprobieren der <a tabindex=\"&quot;-1&quot;\" title=\"&quot;Jutemaus\" href=\"\/\/www.gardiso.eu\/at\/gartenwelt\/winterlicher-garten\/jutemaus-basteln&quot;\" target=\"&quot;_blank&quot;\" rel=\"noopener\">Jutemaus-Bastelanleitung<\/a><\/p>\n<p>&nbsp;<\/p>\n","protected":false},"excerpt":{"rendered":"<ul>\n<li>Gro\u00dfer und robuster Sack aus Jute<\/li>\n<li>Idealer Schutzmantel f\u00fcr Pflanzen vor K\u00e4lte &amp; Frost<\/li>\n<li>Auch f\u00fcr Lagerhaltung geeignet<\/li>\n<li>Tolles\u00a0Dekorationselement im Herbst\/Winter<\/li>\n<\/ul>\n","protected":false},"featured_media":9541,"comment_status":"closed","ping_status":"closed","template":"","meta":[],"product_cat":[1219,1244,1243],"product_tag":[],"wcpa_form_fields":null,"tiered_pricing_type":"fixed","tiered_pricing_fixed_rules":[],"_links":{"self":[{"href":"https:\/\/www.gardiso.eu\/at\/wp-json\/wp\/v2\/product\/3067"}],"collection":[{"href":"https:\/\/www.gardiso.eu\/at\/wp-json\/wp\/v2\/product"}],"about":[{"href":"https:\/\/www.gardiso.eu\/at\/wp-json\/wp\/v2\/types\/product"}],"replies":[{"embeddable":true,"href":"https:\/\/www.gardiso.eu\/at\/wp-json\/wp\/v2\/comments?post=3067"}],"wp:featuredmedia":[{"embeddable":true,"href":"https:\/\/www.gardiso.eu\/at\/wp-json\/wp\/v2\/media\/9541"}],"wp:attachment":[{"href":"https:\/\/www.gardiso.eu\/at\/wp-json\/wp\/v2\/media?parent=3067"}],"wp:term":[{"taxonomy":"product_cat","embeddable":true,"href":"https:\/\/www.gardiso.eu\/at\/wp-json\/wp\/v2\/product_cat?post=3067"},{"taxonomy":"product_tag","embeddable":true,"href":"https:\/\/www.gardiso.eu\/at\/wp-json\/wp\/v2\/product_tag?post=3067"}],"curies":[{"name":"wp","href":"https:\/\/api.w.org\/{rel}","templated":true}]}}