{"id":3065,"date":"2022-08-04T17:44:54","date_gmt":"2022-08-04T15:44:54","guid":{"rendered":"https:\/\/gardiso.insektenschutz365.eu\/p\/beeteinfassung-aus-weide-laenglich\/"},"modified":"2025-12-30T11:39:11","modified_gmt":"2025-12-30T10:39:11","slug":"beeteinfassung-aus-weide-laenglich","status":"publish","type":"product","link":"https:\/\/www.gardiso.eu\/at\/p\/beeteinfassung-aus-weide-laenglich\/","title":{"rendered":"Beeteinfassung aus Weide l\u00e4nglich"},"content":{"rendered":"<h4>Dunkler Weidenzaun in sch\u00f6ner L\u00e4ngsform<\/h4>\n<p>Einen&nbsp;<strong>nat\u00fcrlich-dekorativen&nbsp;<\/strong>Hauch&nbsp;bringt diese&nbsp;<strong>Beeteinfassung&nbsp;aus Weide<\/strong> in Ihren Garten. F\u00fcr die l\u00e4ngliche Optik sorgen die horizontal miteinander verwebten Weidenst\u00e4be. Der Mini-Zaun ist zur Umrandung eckiger Blumen- und Gem\u00fcsebeete bestens geeignet, aber auch als Abgrenzung zu Wegen und Terrassen leistet er gute Dienste. Die <strong>Steckf\u00fc\u00dfe<\/strong> erleichten das Verankern im Boden.&nbsp;<\/p>\n<p>\n<strong>Eckdaten<\/strong><\/p>\n<ul>\n<li>Gr\u00f6\u00dfe inkl. Steckf\u00fc\u00dfe:&nbsp;100 x 35&nbsp;cm&nbsp;<\/li>\n<li>Gr\u00f6\u00dfe ohne Steckf\u00fc\u00dfe: 100 x 20 cm<\/li>\n<li>Material: verwebte&nbsp;Weidenst\u00e4be<\/li>\n<li>Farbe: dunkelbraun<\/li>\n<\/ul>\n<p>&nbsp;<\/p>\n<p><strong>Lieferumfang<\/strong><\/p>\n<ul>\n<li>1 Weidenzaun<\/li>\n<\/ul>\n<p>&nbsp;<\/p>\n<p>\n<a href=\"\/\/www.gardiso.eu\/at\/shop\/Garten\/Gartendekoration-c62109&quot;\">Beetumrandungen und Raseneinfassungen<\/a>&nbsp;aus nachwachsenden Materialien wie Weide, Bambus oder Haselnuss unterstreichen&nbsp;den Nachhaltigkeitsgedanken im Garten. F\u00fcr einen modern-zeitgem\u00e4\u00dfgen Touch sorgen u.a. Mini-Z\u00e4une&nbsp;aus dunkelgrauem <strong>Rattan.<\/strong><\/p>\n","protected":false},"excerpt":{"rendered":"<p><UL><LI>Nat\u00fcrliche Beeteinfassung aus Weide<\/LI><LI>Dekorative Abgrenzung von eckigen Beeten &amp;\u00a0Fl\u00e4chen<\/LI><LI>L\u00e4ngliche Form durch horizontal verwebte Weidenst\u00e4be<\/LI><LI>Zwei F\u00fc\u00dfe f\u00fcr leichtes Einstecken in den Boden<\/LI><\/UL><\/p>\n","protected":false},"featured_media":9542,"comment_status":"closed","ping_status":"closed","template":"","meta":[],"product_cat":[1227,1181],"product_tag":[],"wcpa_form_fields":null,"tiered_pricing_type":"fixed","tiered_pricing_fixed_rules":[],"_links":{"self":[{"href":"https:\/\/www.gardiso.eu\/at\/wp-json\/wp\/v2\/product\/3065"}],"collection":[{"href":"https:\/\/www.gardiso.eu\/at\/wp-json\/wp\/v2\/product"}],"about":[{"href":"https:\/\/www.gardiso.eu\/at\/wp-json\/wp\/v2\/types\/product"}],"replies":[{"embeddable":true,"href":"https:\/\/www.gardiso.eu\/at\/wp-json\/wp\/v2\/comments?post=3065"}],"wp:featuredmedia":[{"embeddable":true,"href":"https:\/\/www.gardiso.eu\/at\/wp-json\/wp\/v2\/media\/9542"}],"wp:attachment":[{"href":"https:\/\/www.gardiso.eu\/at\/wp-json\/wp\/v2\/media?parent=3065"}],"wp:term":[{"taxonomy":"product_cat","embeddable":true,"href":"https:\/\/www.gardiso.eu\/at\/wp-json\/wp\/v2\/product_cat?post=3065"},{"taxonomy":"product_tag","embeddable":true,"href":"https:\/\/www.gardiso.eu\/at\/wp-json\/wp\/v2\/product_tag?post=3065"}],"curies":[{"name":"wp","href":"https:\/\/api.w.org\/{rel}","templated":true}]}}