{"id":3060,"date":"2022-08-04T17:44:43","date_gmt":"2022-08-04T15:44:43","guid":{"rendered":"https:\/\/gardiso.insektenschutz365.eu\/p\/gewaechshausfolie\/"},"modified":"2023-12-01T17:53:53","modified_gmt":"2023-12-01T16:53:53","slug":"gewaechshausfolie","status":"publish","type":"product","link":"https:\/\/www.gardiso.eu\/at\/p\/gewaechshausfolie\/","title":{"rendered":"Gew\u00e4chshausfolie"},"content":{"rendered":"<h4><\/h4>\n<h4>Robuste Abdeckung\u00a0f\u00fcr Hochbeete und den Einsatz im Garten<\/h4>\n<p>Rei\u00dffeste, staub- und wasserdichte <a tabindex=\"&quot;-1&quot;\" title=\"&quot;Abdeckungen\" href=\"\/\/www.gardiso.eu\/at\/shop\/Garten\/Abdeckungen-c62106&quot;\" target=\"&quot;_blank&quot;\" rel=\"noopener\">Abdeckfolien &amp; Planen<\/a> sind f\u00fcr vielf\u00e4ltige Anwendungen im Au\u00dfenbereich geeignet. Sie finden sowohl zur Abdeckung von Gew\u00e4chsh\u00e4usern oder Beeten als auch zum Schutz f\u00fcr Holzstapel oder Gartenm\u00f6bel Verwendung.<\/p>\n<p>Diese widerstandsf\u00e4hige\u00a0<strong>Gitterfolie<\/strong> st lichtdurchl\u00e4ssig und UV-stabil\u00a0und eignet sich\u00a0ideal als <strong>Abdeckung f\u00fcr Gew\u00e4chsh\u00e4user oder Hochbeete.\u00a0<\/strong><\/p>\n<p><strong>Eckdaten<\/strong><\/p>\n<ul>\n<li>St\u00e4rke: 100 g\/m\u00b2<\/li>\n<li>Farbe: wei\u00df-transparent<\/li>\n<li>Gr\u00f6\u00dfe: 6\u00a0x 2 m<\/li>\n<li>Preis\/m\u00b2: \u20ac 1,99<\/li>\n<\/ul>\n<p>&nbsp;<\/p>\n<p><strong>Einsatzbereiche<\/strong><\/p>\n<ul>\n<li>Garten- und Terrassenbereich<\/li>\n<li>Abdeckung von Gew\u00e4chsh\u00e4usern und Hochbeeten<\/li>\n<li>Kamin- und Grillabdeckung<\/li>\n<li>Wetterschutz f\u00fcr Rasenm\u00e4her<\/li>\n<li>Schutz f\u00fcr Gartenm\u00f6bel<\/li>\n<\/ul>\n<p>&nbsp;<\/p>\n<p><strong>Lieferumfang<\/strong><\/p>\n<ul>\n<li>1 Gew\u00e4chshausfolie \u00e0 6&#215;2 m<\/li>\n<\/ul>\n<h4><\/h4>\n<h4>Startklar f\u00fcr den Fr\u00fchling und die Aussaat im Garten?<\/h4>\n<p><strong>Spezielle Folienfr\u00fchbeete, Tomatenh\u00e4user &amp; Gartenvliese<\/strong> unterst\u00fctzen die Jungpflanzen beim Wachstum und\u00a0sch\u00fctzen sie vor Frost &amp; Insekten. Die richtigen Produkte zur richtigen Zeit angewendet, erh\u00f6hen die Chancen auf eine ertragreiche Ernte! St\u00f6bern Sie doch gem\u00fctlich durch unseren Shop und unser <a tabindex=\"&quot;-1&quot;\" title=\"&quot;Alles\" href=\"\/\/www.gardiso.eu\/at\/shop\/Pflanzenanzucht\/Anzucht-Outdoor-c62114&quot;\" target=\"&quot;_blank&quot;\" rel=\"noopener\">Pflanzenanzucht-Sortiment<\/a>.<\/p>\n","protected":false},"excerpt":{"rendered":"<ul>\n<li>Robuste Abdeckfolie f\u00fcr Gew\u00e4chsh\u00e4user &amp; Beete<\/li>\n<li>Rei\u00dffestes und widerstandsf\u00e4higes PE-Gewebe<\/li>\n<li>UV-stabile und wetterfeste Folie<\/li>\n<li>Abdeckfl\u00e4che von 12qm<\/li>\n<\/ul>\n","protected":false},"featured_media":9557,"comment_status":"closed","ping_status":"closed","template":"","meta":[],"product_cat":[1209],"product_tag":[],"wcpa_form_fields":null,"tiered_pricing_type":"fixed","tiered_pricing_fixed_rules":[],"_links":{"self":[{"href":"https:\/\/www.gardiso.eu\/at\/wp-json\/wp\/v2\/product\/3060"}],"collection":[{"href":"https:\/\/www.gardiso.eu\/at\/wp-json\/wp\/v2\/product"}],"about":[{"href":"https:\/\/www.gardiso.eu\/at\/wp-json\/wp\/v2\/types\/product"}],"replies":[{"embeddable":true,"href":"https:\/\/www.gardiso.eu\/at\/wp-json\/wp\/v2\/comments?post=3060"}],"wp:featuredmedia":[{"embeddable":true,"href":"https:\/\/www.gardiso.eu\/at\/wp-json\/wp\/v2\/media\/9557"}],"wp:attachment":[{"href":"https:\/\/www.gardiso.eu\/at\/wp-json\/wp\/v2\/media?parent=3060"}],"wp:term":[{"taxonomy":"product_cat","embeddable":true,"href":"https:\/\/www.gardiso.eu\/at\/wp-json\/wp\/v2\/product_cat?post=3060"},{"taxonomy":"product_tag","embeddable":true,"href":"https:\/\/www.gardiso.eu\/at\/wp-json\/wp\/v2\/product_tag?post=3060"}],"curies":[{"name":"wp","href":"https:\/\/api.w.org\/{rel}","templated":true}]}}