{"id":3044,"date":"2022-08-04T17:44:43","date_gmt":"2022-08-04T15:44:43","guid":{"rendered":"https:\/\/gardiso.insektenschutz365.eu\/p\/balkon-abdeckplane-mit-gummispanner\/"},"modified":"2025-12-29T15:11:46","modified_gmt":"2025-12-29T14:11:46","slug":"balkon-abdeckplane-mit-gummispanner","status":"publish","type":"product","link":"https:\/\/www.gardiso.eu\/at\/p\/balkon-abdeckplane-mit-gummispanner\/","title":{"rendered":"Balkon Abdeckplane mit Gummispanner"},"content":{"rendered":"<h4><strong>Sch\u00fctzende&nbsp;Abdeckplane f\u00fcr Balkone<\/strong><\/h4>\n<p>Balkone sind 365 Tage im Jahr jedem Wetter unerbittlich ausgesetzt. Das j\u00e4hrliche Wechselspiel auf Sonne, Hitze, Regen, Wind, Schnee und K\u00e4lte&nbsp;beansprucht&nbsp;jeden Balkon. <strong>Holzbalkone<\/strong> haben es unter ihren &quot;Artgenossen&quot;&nbsp;sicher am schwersten. Das nat\u00fcrliche Material ist zwar ein sch\u00f6ner Blickfang an der Hausfassade, muss aber nicht nur regelm\u00e4\u00dfig gepflegt, sondern auch gut gesch\u00fctzt&nbsp;werden.&nbsp;<\/p>\n<p>Wenn Sie Ihre Pflanzen und Gartenm\u00f6bel in den Winterschlaf schicken, denken Sie auch an Ihren Balkon. Eine <strong>Plane zur Abdeckung des&nbsp;Balkongel\u00e4nders<\/strong> ist eine kleine Investion, die sich vor allem in der kalten Jahreszeit auszahlt und das Material schont.&nbsp;Die <strong>Befestigung<\/strong> erfolgt ganz unkompliziert mit <strong>Gummispanner<\/strong>, die durch&nbsp;die Befestigungs\u00f6sen aus Metall gef\u00fchrt werden.<\/p>\n<p>&nbsp;<\/p>\n<p><strong>Eckdaten<\/strong><\/p>\n<ul>\n<li>St\u00e4rke: 210g\/m\u00b2<\/li>\n<li>Farbe: dunkelbraun<\/li>\n<li>Gr\u00f6\u00dfe:&nbsp;5 x 0,8 m<\/li>\n<li>Preis\/m\u00b2: \u20ac 4,37<\/li>\n<\/ul>\n<p>&nbsp;<\/p>\n<p><strong>Lieferumfang<\/strong><\/p>\n<ul>\n<li>1 Balkon-Abdeckung inkl. \u00d6sen und Gummispanner<\/li>\n<\/ul>\n<p>&nbsp;<\/p>\n<h4>Zuverl\u00e4ssig sch\u00fctzen<\/h4>\n<p>Ob vor Regen, Schnee, Laub, Verschmutzungen oder tierischen Besuchern&nbsp;&#8211; mit den <a href=\"\/\/www.gardiso.eu\/at\/shop\/garten\/abdeckungen-c62106&quot;\" target=\"&quot;_blank&quot;\" title=\"&quot;Abdeckungen\" rel=\"noopener\">passenden Abdeckungen<\/a>&nbsp;sch\u00fctzt man Sandkisten, Holzstapel, Balkongel\u00e4nder, Gartenm\u00f6bel und Lichtsch\u00e4chte.&nbsp;<\/p>\n","protected":false},"excerpt":{"rendered":"<p><UL><LI>Abdeckplane zum Schutz von Holzbalkonen<\/LI><LI>Optimaler Schutz vor Verwitterung in Schlechtwetter-Phasen<\/LI><LI>Rei\u00dffestes Gewebe mit Randverst\u00e4rkung &amp; Metall\u00f6sen<\/LI><LI>Einfache &amp; schnelle Befestigung dank Gummispanner<\/LI><\/UL><\/p>\n","protected":false},"featured_media":9550,"comment_status":"closed","ping_status":"closed","template":"","meta":[],"product_cat":[1209],"product_tag":[],"wcpa_form_fields":null,"tiered_pricing_type":"fixed","tiered_pricing_fixed_rules":[],"_links":{"self":[{"href":"https:\/\/www.gardiso.eu\/at\/wp-json\/wp\/v2\/product\/3044"}],"collection":[{"href":"https:\/\/www.gardiso.eu\/at\/wp-json\/wp\/v2\/product"}],"about":[{"href":"https:\/\/www.gardiso.eu\/at\/wp-json\/wp\/v2\/types\/product"}],"replies":[{"embeddable":true,"href":"https:\/\/www.gardiso.eu\/at\/wp-json\/wp\/v2\/comments?post=3044"}],"wp:featuredmedia":[{"embeddable":true,"href":"https:\/\/www.gardiso.eu\/at\/wp-json\/wp\/v2\/media\/9550"}],"wp:attachment":[{"href":"https:\/\/www.gardiso.eu\/at\/wp-json\/wp\/v2\/media?parent=3044"}],"wp:term":[{"taxonomy":"product_cat","embeddable":true,"href":"https:\/\/www.gardiso.eu\/at\/wp-json\/wp\/v2\/product_cat?post=3044"},{"taxonomy":"product_tag","embeddable":true,"href":"https:\/\/www.gardiso.eu\/at\/wp-json\/wp\/v2\/product_tag?post=3044"}],"curies":[{"name":"wp","href":"https:\/\/api.w.org\/{rel}","templated":true}]}}