{"id":3011,"date":"2022-08-04T17:44:22","date_gmt":"2022-08-04T15:44:22","guid":{"rendered":"https:\/\/gardiso.insektenschutz365.eu\/p\/gartenvlies-fuer-fruehbeete\/"},"modified":"2023-12-01T17:54:32","modified_gmt":"2023-12-01T16:54:32","slug":"gartenvlies-fuer-fruehbeete","status":"publish","type":"product","link":"https:\/\/www.gardiso.eu\/at\/p\/gartenvlies-fuer-fruehbeete\/","title":{"rendered":"Gartenvlies f\u00fcr Fr\u00fchbeete"},"content":{"rendered":"<h2>Gartenvlies zum Schutz von Jungpflanzen vor Frost &amp; Insekten<\/h2>\n<p>Ein Gartenvlies ist ein universeller Gartenhelfer, leicht in der Anwendung und stark in der Wirkung.&nbsp;Frische Aussaat, junge Gem\u00fcsepflanzen, Blumenbeete oder Balkonpflanzen werden einfach mit dem Vlies abgedeckt und damit warm gehalten. Frost, V\u00f6gel und Insekten kommen nicht durch den Stoff, und die Jungpflanzen k\u00f6nnen gesch\u00fctzt wachsen und reifen. Durch seine wasserdurchl\u00e4ssige Eigenschaft ist ein direktes Gie\u00dfen m\u00f6glich.<\/p>\n<p>&nbsp;<\/p>\n<p><strong>Eckdaten zum Fr\u00fchbeetvlies<\/strong><\/p>\n<ul>\n<li>Material: Vliesgewebe<\/li>\n<li>St\u00e4rke: 20 g\/m\u00b2<\/li>\n<li>Farbe: gr\u00fcn<\/li>\n<li>Verschiedene Gr\u00f6\u00dfen: 10&#215;1,5m, 10x2m,&nbsp;25x2m und 150x2m<\/li>\n<\/ul>\n<p>&nbsp;<\/p>\n<p><strong>Lieferumfang<\/strong><\/p>\n<ul>\n<li>1 Gartenvlies<\/li>\n<\/ul>\n","protected":false},"excerpt":{"rendered":"<p><UL><LI>Rei\u00dffestes, gr\u00fcnes Gartenvlies f\u00fcr Fr\u00fchbeete<\/LI><LI>Unterst\u00fctzt das Wachstum durch W\u00e4rme- und Luftaustausch<\/LI><LI>Optimaler Austausch von W\u00e4rme und Feuchtigkeit<\/LI><LI>Sch\u00fctzt Jungpflanzen vor Frost und Insekten<\/LI><LI>Direktes Gie\u00dfen m\u00f6glich<\/LI><\/UL><\/p>\n","protected":false},"featured_media":6765,"comment_status":"closed","ping_status":"closed","template":"","meta":[],"product_cat":[1244,1243],"product_tag":[],"wcpa_form_fields":null,"tiered_pricing_type":"fixed","tiered_pricing_fixed_rules":[],"_links":{"self":[{"href":"https:\/\/www.gardiso.eu\/at\/wp-json\/wp\/v2\/product\/3011"}],"collection":[{"href":"https:\/\/www.gardiso.eu\/at\/wp-json\/wp\/v2\/product"}],"about":[{"href":"https:\/\/www.gardiso.eu\/at\/wp-json\/wp\/v2\/types\/product"}],"replies":[{"embeddable":true,"href":"https:\/\/www.gardiso.eu\/at\/wp-json\/wp\/v2\/comments?post=3011"}],"wp:featuredmedia":[{"embeddable":true,"href":"https:\/\/www.gardiso.eu\/at\/wp-json\/wp\/v2\/media\/6765"}],"wp:attachment":[{"href":"https:\/\/www.gardiso.eu\/at\/wp-json\/wp\/v2\/media?parent=3011"}],"wp:term":[{"taxonomy":"product_cat","embeddable":true,"href":"https:\/\/www.gardiso.eu\/at\/wp-json\/wp\/v2\/product_cat?post=3011"},{"taxonomy":"product_tag","embeddable":true,"href":"https:\/\/www.gardiso.eu\/at\/wp-json\/wp\/v2\/product_tag?post=3011"}],"curies":[{"name":"wp","href":"https:\/\/api.w.org\/{rel}","templated":true}]}}