{"id":3001,"date":"2022-08-04T17:44:08","date_gmt":"2022-08-04T15:44:08","guid":{"rendered":"https:\/\/gardiso.insektenschutz365.eu\/p\/vogelfutterhaus-kunststoff-mit-rotem-dach-zum-haengen\/"},"modified":"2025-12-30T15:11:36","modified_gmt":"2025-12-30T14:11:36","slug":"vogelfutterhaus-kunststoff-mit-rotem-dach-zum-haengen","status":"publish","type":"product","link":"https:\/\/www.gardiso.eu\/at\/p\/vogelfutterhaus-kunststoff-mit-rotem-dach-zum-haengen\/","title":{"rendered":"Vogelfutterhaus Kunststoff mit rotem Dach zum H\u00e4ngen"},"content":{"rendered":"<h4><strong>Kompaktes Vogelfuttersilo mit rotem Dach<\/strong><\/h4>\n<p>Das Buffet ist er\u00f6ffnet! Dieses&nbsp;gro\u00dfe Vogelfuttersilo bietet viel Platz f\u00fcr leckeres Futter. Es verf\u00fcgt \u00fcber <strong>transparente Sichtw\u00e4nde<\/strong> und ein rotes Dach. Das Haus hat <strong>zwei Futter\u00f6ffnungen<\/strong> und wird \u00fcber eine \u00d6ffnung im Dach<strong>&nbsp;<\/strong>mit z.B. einer Wintermischung oder Sonnenblumenkernen bef\u00fcllt. Es kann&nbsp;ganz einfach&nbsp;<strong>h\u00e4ngend<\/strong>&nbsp;(dank mitgelieferter Aufh\u00e4ngeschnur), oder aber auf einem Standfu\u00df, Aufstellpfahl oder \u00e4hnl. befestigt werden.<br \/>\n&nbsp;<\/p>\n<p><strong>Eckdaten<\/strong><\/p>\n<ul>\n<li>Gr\u00f6\u00dfe: ca. 31 x 22 x 20 cm<\/li>\n<li>Material: Kunststoff<\/li>\n<li>Befestigung: h\u00e4ngend oder auf Standfu\u00df<\/li>\n<li>Bef\u00fcllung: durch die Dach\u00f6ffnung<\/li>\n<li>Fassungsverm\u00f6gen: 4,75 l<\/li>\n<\/ul>\n<p>&nbsp;<\/p>\n<p><strong>Lieferumfang<\/strong><\/p>\n<ul>\n<li>1 Vogelfutterhaus&nbsp;mit Aufh\u00e4ngeschnur<\/li>\n<\/ul>\n<p>&nbsp;<\/p>\n<p>&nbsp;<\/p>\n<h4>Entdecken Sie mehr &#8230;<\/h4>\n<p><a href=\"\/\/www.gardiso.eu\/at\/shop\/Nuetzlinge\/Voegel-c62101&quot;\" target=\"&quot;_blank&quot;\" title=\"&quot;Vogelh\u00e4user\" rel=\"noopener\">Vogelh\u00e4uschen aus Holz, Metall oder Kunststoff<\/a>&nbsp;und n\u00fctzliche&nbsp;<a href=\"\/\/www.gardiso.eu\/at\/shop\/Nuetzlinge\/Voegel\/vogel-nistkasten-fuer-kleiber-kohlmeise-gartenrotschwanz-p44652?listName=shop&quot;\" target=\"&quot;_blank&quot;\" title=\"&quot;Vogel-Nistk\u00e4sten\" rel=\"noopener\">Vogel-Nistk\u00e4sten<\/a>&nbsp;f\u00fcrs&nbsp;Fr\u00fchjahr,&nbsp;in denen der&nbsp;gefiederte&nbsp;Nachwuchs ungest\u00f6rt aufgezogen werden kann.&nbsp;<\/p>\n<p>&nbsp;<\/p>\n","protected":false},"excerpt":{"rendered":"<p><UL><LI>Gro\u00dfe Vogelfutterstation aus Kunststoff mit rotem Dach<\/LI><LI>Durchsichtiges Silo zur Futterstand Kontrolle<\/LI><LI>Einfache Bef\u00fcllung durch die Dach\u00f6ffnung<\/LI><LI>Zur H\u00e4nge- und St\u00e4ndermontage geeignet<\/LI><\/UL><\/p>\n","protected":false},"featured_media":6750,"comment_status":"closed","ping_status":"closed","template":"","meta":[],"product_cat":[1222,1226],"product_tag":[],"wcpa_form_fields":null,"tiered_pricing_type":"fixed","tiered_pricing_fixed_rules":[],"_links":{"self":[{"href":"https:\/\/www.gardiso.eu\/at\/wp-json\/wp\/v2\/product\/3001"}],"collection":[{"href":"https:\/\/www.gardiso.eu\/at\/wp-json\/wp\/v2\/product"}],"about":[{"href":"https:\/\/www.gardiso.eu\/at\/wp-json\/wp\/v2\/types\/product"}],"replies":[{"embeddable":true,"href":"https:\/\/www.gardiso.eu\/at\/wp-json\/wp\/v2\/comments?post=3001"}],"wp:featuredmedia":[{"embeddable":true,"href":"https:\/\/www.gardiso.eu\/at\/wp-json\/wp\/v2\/media\/6750"}],"wp:attachment":[{"href":"https:\/\/www.gardiso.eu\/at\/wp-json\/wp\/v2\/media?parent=3001"}],"wp:term":[{"taxonomy":"product_cat","embeddable":true,"href":"https:\/\/www.gardiso.eu\/at\/wp-json\/wp\/v2\/product_cat?post=3001"},{"taxonomy":"product_tag","embeddable":true,"href":"https:\/\/www.gardiso.eu\/at\/wp-json\/wp\/v2\/product_tag?post=3001"}],"curies":[{"name":"wp","href":"https:\/\/api.w.org\/{rel}","templated":true}]}}