{"id":2996,"date":"2022-08-04T17:44:08","date_gmt":"2022-08-04T15:44:08","guid":{"rendered":"https:\/\/gardiso.insektenschutz365.eu\/p\/anzucht-aussaatschale-38x24x6-cm-gelb-oder-gruen\/"},"modified":"2026-03-24T11:48:46","modified_gmt":"2026-03-24T10:48:46","slug":"anzucht-aussaatschale-38x24x6-cm-gelb-oder-gruen","status":"publish","type":"product","link":"https:\/\/www.gardiso.eu\/at\/p\/anzucht-aussaatschale-38x24x6-cm-gelb-oder-gruen\/","title":{"rendered":"Anzucht-\/Aussaatschale 38x24x6 cm, gelb oder gr\u00fcn"},"content":{"rendered":"<p><strong>Gem\u00fcse vorziehen in einer Aussaatschale<\/strong><\/p>\n<p>Sehnsucht nach frischem Gr\u00fcn in der kalten und tr\u00fcben Jahreszeit? Holen Sie sich den Fr\u00fchling vorzeitig nach Hause \u2013 mit der Aufzucht von Sprossen, feinen Kr\u00e4utern und Gem\u00fcse auf der\u00a0Fensterbank.<\/p>\n<p>In dieser praktischen\u00a0<strong>Anzuchtschale<\/strong>\u00a0(38x24x6 cm) k\u00f6nnen Sie bis zu\u00a0<strong>28 Pfl\u00e4nzchen\u00a0<\/strong>vorziehen.\u00a0Die Samen oder Setzlinge lassen sich direkt in Anzuchterde, Quelltabletten oder in Pflanzt\u00f6pfe setzen. Die Rinnen am Boden der Wanne sorgen f\u00fcr eine gleichm\u00e4\u00dfige Wasserverteilung. Die Schale\u00a0aus Kunststoff\u00a0ist leicht zu reinigen und durch ihre solide\u00a0Verarbeitung\u00a0mehrere Jahre verwendbar. Es gibt sie in den fr\u00fchlingshaften Farben gelb oder gr\u00fcn.<\/p>\n<p><strong>Hinweis<\/strong><br \/>\nIn Kombination mit einem\u00a0<a tabindex=\"&quot;-1&quot;\" title=\"&quot;Hier\" href=\"&quot;\/at\/shop\/pflanzenanzucht\/zimmergewaechshaus-deckel-gelb-38x24x13-p46981?listName=shop&quot;\" target=\"&quot;_blank&quot;\" rel=\"noopener\">stabilen, transparenten Deckel<\/a>\u00a0ensteht\u00a0im\u00a0Nu ein\u00a0<strong>Zimmergew\u00e4chshaus f\u00fcr die Fensterbank. <\/strong>Der Deckel ist separat erh\u00e4ltlich.<\/p>\n","protected":false},"excerpt":{"rendered":"<ul>\n<li>Wasserdichte Aussaatschale aus PAK-freiem Kunststoff<\/li>\n<li>Bietet Platz f\u00fcr bis zu 28 Setzlinge<\/li>\n<li>Einsetzbar mit Quelltabletten, Pflanzt\u00f6pfen oder Anzuchterde<\/li>\n<li>F\u00fcr eine mehrmalige Verwendung ausgelegt<\/li>\n<li>Passender Gew\u00e4chshausdeckel separat erh\u00e4ltlich<\/li>\n<\/ul>\n","protected":false},"featured_media":3641,"comment_status":"closed","ping_status":"closed","template":"","meta":[],"product_cat":[1211,1213],"product_tag":[],"wcpa_form_fields":null,"tiered_pricing_type":"fixed","tiered_pricing_fixed_rules":[],"_links":{"self":[{"href":"https:\/\/www.gardiso.eu\/at\/wp-json\/wp\/v2\/product\/2996"}],"collection":[{"href":"https:\/\/www.gardiso.eu\/at\/wp-json\/wp\/v2\/product"}],"about":[{"href":"https:\/\/www.gardiso.eu\/at\/wp-json\/wp\/v2\/types\/product"}],"replies":[{"embeddable":true,"href":"https:\/\/www.gardiso.eu\/at\/wp-json\/wp\/v2\/comments?post=2996"}],"wp:featuredmedia":[{"embeddable":true,"href":"https:\/\/www.gardiso.eu\/at\/wp-json\/wp\/v2\/media\/3641"}],"wp:attachment":[{"href":"https:\/\/www.gardiso.eu\/at\/wp-json\/wp\/v2\/media?parent=2996"}],"wp:term":[{"taxonomy":"product_cat","embeddable":true,"href":"https:\/\/www.gardiso.eu\/at\/wp-json\/wp\/v2\/product_cat?post=2996"},{"taxonomy":"product_tag","embeddable":true,"href":"https:\/\/www.gardiso.eu\/at\/wp-json\/wp\/v2\/product_tag?post=2996"}],"curies":[{"name":"wp","href":"https:\/\/api.w.org\/{rel}","templated":true}]}}