{"id":2968,"date":"2022-08-04T17:43:48","date_gmt":"2022-08-04T15:43:48","guid":{"rendered":"https:\/\/gardiso.insektenschutz365.eu\/p\/universelle-abdeckplane\/"},"modified":"2023-12-01T17:55:42","modified_gmt":"2023-12-01T16:55:42","slug":"universelle-abdeckplane","status":"publish","type":"product","link":"https:\/\/www.gardiso.eu\/at\/p\/universelle-abdeckplane\/","title":{"rendered":"Universelle Abdeckplane"},"content":{"rendered":"<h4>Plane f\u00fcr zuverl\u00e4ssigen Schutz vor Umwelteinfl\u00fcssen<\/h4>\n<p>Die robuste Abdeckplane mit \u00d6sen sch\u00fctzt zuverl\u00e4ssig vor Regen, K\u00e4lte, Schmutz und Verwitterung. Das wasserfeste &amp; UV-stabilisierte B\u00e4ndchengewebe ist durch die dichte Verarbeitung und beidseitige Beschichtung sehr widerstandsf\u00e4hig. Der Rand ist extra verst\u00e4rkt, die Metall\u00f6sen an den Kanten im Abstand von 1 m sorgen f\u00fcr eine stabile Befestigung. Die Plane kann mit\u00a0<a tabindex=\"&quot;-1&quot;\" title=\"&quot;Set\" href=\"\/\/www.gardiso.eu\/at\/shop\/Sonnenschutz\/Montagematerial\/zurrgurte-karabiner-als-4er-set-p59889?listName=shop&quot;\" target=\"&quot;_blank&quot;\" rel=\"noopener\">Zurrgurten<\/a>, Seilen oder\u00a0<a tabindex=\"&quot;-1&quot;\" title=\"&quot;Befestigungsset\" href=\"\/\/www.gardiso.eu\/at\/shop\/Garten\/Abdeckungen\/befestigungs-set-fuer-planen-sonnensegel-p59888?listName=shop&quot;\" target=\"&quot;_blank&quot;\" rel=\"noopener\">speziellen Clips<\/a>\u00a0windsicher befestigt weden.<\/p>\n<p>&nbsp;<\/p>\n<p><strong>Eckdaten<\/strong><\/p>\n<ul>\n<li>Farbe: gr\u00fcn<\/li>\n<li>St\u00e4rke: 100g\/m\u00b2<\/li>\n<li>Verf\u00fcgbare Gr\u00f6\u00dfen: von 2&#215;3\u00a0m bis 10&#215;12 m<\/li>\n<li>Material:\u00a0B\u00e4ndchengewebe aus umweltneutralem\u00a0Polyethylen, Aluminium-\u00d6sen<\/li>\n<\/ul>\n<p>&nbsp;<\/p>\n<p><strong>Vielf\u00e4ltige Einsatzbereiche<\/strong><\/p>\n<ul>\n<li>Abdeckung f\u00fcr Fahrrad, Motorrad &amp; Co<\/li>\n<li>Anh\u00e4ngerabdeckung &#8211; zum\u00a0Schutz von Gegenst\u00e4nden beim Transport<\/li>\n<li>Abdeckung von Gartenm\u00f6beln<\/li>\n<li>Abdeckung von Holz<\/li>\n<li>Abdeckung von Gegenst\u00e4nden in Keller und Garage<\/li>\n<li>Zeltplane oder als Unterlage beim Campieren<\/li>\n<li>Tropfschutz bei Malerarbeiten<\/li>\n<\/ul>\n<p>&nbsp;<\/p>\n<p><strong>Lieferumfang<\/strong><\/p>\n<ul>\n<li>1 Abdeckplane mit \u00d6sen<\/li>\n<\/ul>\n<p>&nbsp;<\/p>\n<h4>Zuverl\u00e4ssig sch\u00fctzen<\/h4>\n<p>Sandkisten, Brennholzstapel, Gartenm\u00f6bel, Holzbalkone oder Lichtsch\u00e4chte vor Wettereinfl\u00fcssen sch\u00fctzen mit\u00a0<a tabindex=\"&quot;-1&quot;\" title=\"&quot;Abdeckungen\" href=\"https:\/\/www.gardiso.eu\/at\/c\/abdeckplanen-at\/\" target=\"&quot;_blank&quot;\" rel=\"noopener\">passenden Abdeckungen<\/a>.<\/p>\n","protected":false},"excerpt":{"rendered":"<ul>\n<li>Wasserfeste Abdeckplane f\u00fcr Anh\u00e4nger, M\u00f6bel, Zelte &amp; Co<\/li>\n<li>Rei\u00dffestes Gewebe mit Randverst\u00e4rkung &amp; Metall\u00f6sen<\/li>\n<li>Verschiedene Gr\u00f6\u00dfen verf\u00fcgbar, f\u00fcr Abdeckfl\u00e4chen von 6qm bis 120qm<\/li>\n<li>Zubeh\u00f6r f\u00fcr sichere Befestigung extra erh\u00e4ltlich<\/li>\n<\/ul>\n","protected":false},"featured_media":6718,"comment_status":"closed","ping_status":"closed","template":"","meta":[],"product_cat":[1209],"product_tag":[],"wcpa_form_fields":null,"tiered_pricing_type":"fixed","tiered_pricing_fixed_rules":[],"_links":{"self":[{"href":"https:\/\/www.gardiso.eu\/at\/wp-json\/wp\/v2\/product\/2968"}],"collection":[{"href":"https:\/\/www.gardiso.eu\/at\/wp-json\/wp\/v2\/product"}],"about":[{"href":"https:\/\/www.gardiso.eu\/at\/wp-json\/wp\/v2\/types\/product"}],"replies":[{"embeddable":true,"href":"https:\/\/www.gardiso.eu\/at\/wp-json\/wp\/v2\/comments?post=2968"}],"wp:featuredmedia":[{"embeddable":true,"href":"https:\/\/www.gardiso.eu\/at\/wp-json\/wp\/v2\/media\/6718"}],"wp:attachment":[{"href":"https:\/\/www.gardiso.eu\/at\/wp-json\/wp\/v2\/media?parent=2968"}],"wp:term":[{"taxonomy":"product_cat","embeddable":true,"href":"https:\/\/www.gardiso.eu\/at\/wp-json\/wp\/v2\/product_cat?post=2968"},{"taxonomy":"product_tag","embeddable":true,"href":"https:\/\/www.gardiso.eu\/at\/wp-json\/wp\/v2\/product_tag?post=2968"}],"curies":[{"name":"wp","href":"https:\/\/api.w.org\/{rel}","templated":true}]}}