{"id":2954,"date":"2022-08-04T17:43:34","date_gmt":"2022-08-04T15:43:34","guid":{"rendered":"https:\/\/gardiso.insektenschutz365.eu\/p\/gewaechshausfolie-gruen\/"},"modified":"2023-12-01T17:55:47","modified_gmt":"2023-12-01T16:55:47","slug":"gewaechshausfolie-gruen","status":"publish","type":"product","link":"https:\/\/www.gardiso.eu\/at\/p\/gewaechshausfolie-gruen\/","title":{"rendered":"Gew\u00e4chshausfolie gr\u00fcn"},"content":{"rendered":"<h4>Starke Abdeckfolie\u00a0f\u00fcr Hochbeete und den Einsatz im Garten<\/h4>\n<p>Rei\u00dffeste, staub- und wasserdichte <a tabindex=\"&quot;-1&quot;\" title=\"&quot;Abdeckungen\" href=\"\/\/www.gardiso.eu\/at\/shop\/Garten\/Abdeckungen-c62106&quot;\" target=\"&quot;_blank&quot;\" rel=\"noopener\">Abdeckfolien &amp; Planen<\/a> sind f\u00fcr vielf\u00e4ltige Anwendungen im Au\u00dfenbereich geeignet. Sie finden sowohl zur Abdeckung von Gew\u00e4chsh\u00e4usern oder Beeten als auch zum Schutz f\u00fcr Brennholz Stapel\u00a0oder Gartenm\u00f6bel Verwendung.<\/p>\n<p>Diese extra starke\u00a0<strong>Gitterfolie<\/strong> ist\u00a0lichtdurchl\u00e4ssig und UV-stabil. Durch die Verst\u00e4rkung mit einem Kunststoffgitter und dem umlaufenden Nagelrand ist sie besonders widerstandsf\u00e4hig\u00a0und eignet sich optimal\u00a0als <strong>Abdeckung f\u00fcr Gew\u00e4chsh\u00e4user oder Hochbeete.\u00a0<\/strong><\/p>\n<p><strong>Eckdaten<\/strong><\/p>\n<ul>\n<li>St\u00e4rke: 250 g\/m\u00b2<\/li>\n<li>Farbe: gr\u00fcn-transparent<\/li>\n<li>Gr\u00f6\u00dfe: 3 x 2 m<\/li>\n<li>Preis\/m\u00b2: \u20ac 3,83<\/li>\n<\/ul>\n<p>&nbsp;<\/p>\n<p><strong>Einsatzbereiche<\/strong><\/p>\n<ul>\n<li>Garten- und Terrassenbereich<\/li>\n<li>Abdeckung von Gew\u00e4chsh\u00e4usern und Hochbeeten<\/li>\n<li>Kamin- und Grillabdeckung<\/li>\n<li>Wetterschutz f\u00fcr Rasenm\u00e4her<\/li>\n<li>Abdeckung von Gartenm\u00f6bel<\/li>\n<\/ul>\n<p>&nbsp;<\/p>\n<p><strong>Lieferumfang<\/strong><\/p>\n<ul>\n<li>1 Gew\u00e4chshausfolie \u00e0 3&#215;2 m<\/li>\n<\/ul>\n<h4><\/h4>\n<h4>Startklar f\u00fcr den Fr\u00fchling und die Aussaat im Garten?<\/h4>\n<p><strong>Spezielle Folienfr\u00fchbeete, Tomatenh\u00e4user &amp; Gartenvliese<\/strong> unterst\u00fctzen die Jungpflanzen beim Wachstum und\u00a0sch\u00fctzen sie vor Frost &amp; Insekten. Die richtigen Produkte zur richtigen Zeit angewendet, erh\u00f6hen die Chancen auf eine ertragreiche Ernte! St\u00f6bern Sie doch gem\u00fctlich durch unseren Shop und unser <a tabindex=\"&quot;-1&quot;\" title=\"&quot;Alles\" href=\"\/\/www.gardiso.eu\/at\/shop\/Pflanzenanzucht\/Anzucht-Outdoor-c62114&quot;\" target=\"&quot;_blank&quot;\" rel=\"noopener\">Pflanzenanzucht-Sortiment<\/a>.<\/p>\n","protected":false},"excerpt":{"rendered":"<ul>\n<li>Gew\u00e4chshausfolie f\u00fcr vielseitige Einsatzbereiche<\/li>\n<li>Besonders rei\u00dffestes Gewebe, UV-stabilisiert<\/li>\n<li>Umlaufender Nagelrand f\u00fcr lange Haltbarkeit<\/li>\n<li>F\u00fcr eine Abdeckfl\u00e4che von 6 qm<\/li>\n<\/ul>\n","protected":false},"featured_media":6688,"comment_status":"closed","ping_status":"closed","template":"","meta":[],"product_cat":[1209,1241,1181],"product_tag":[],"wcpa_form_fields":null,"tiered_pricing_type":"fixed","tiered_pricing_fixed_rules":[],"_links":{"self":[{"href":"https:\/\/www.gardiso.eu\/at\/wp-json\/wp\/v2\/product\/2954"}],"collection":[{"href":"https:\/\/www.gardiso.eu\/at\/wp-json\/wp\/v2\/product"}],"about":[{"href":"https:\/\/www.gardiso.eu\/at\/wp-json\/wp\/v2\/types\/product"}],"replies":[{"embeddable":true,"href":"https:\/\/www.gardiso.eu\/at\/wp-json\/wp\/v2\/comments?post=2954"}],"wp:featuredmedia":[{"embeddable":true,"href":"https:\/\/www.gardiso.eu\/at\/wp-json\/wp\/v2\/media\/6688"}],"wp:attachment":[{"href":"https:\/\/www.gardiso.eu\/at\/wp-json\/wp\/v2\/media?parent=2954"}],"wp:term":[{"taxonomy":"product_cat","embeddable":true,"href":"https:\/\/www.gardiso.eu\/at\/wp-json\/wp\/v2\/product_cat?post=2954"},{"taxonomy":"product_tag","embeddable":true,"href":"https:\/\/www.gardiso.eu\/at\/wp-json\/wp\/v2\/product_tag?post=2954"}],"curies":[{"name":"wp","href":"https:\/\/api.w.org\/{rel}","templated":true}]}}