{"id":2942,"date":"2022-08-04T17:43:25","date_gmt":"2022-08-04T15:43:25","guid":{"rendered":"https:\/\/gardiso.insektenschutz365.eu\/p\/seilspanner-montage-zubehoer-fuer-seilspannsegel\/"},"modified":"2025-11-05T16:39:32","modified_gmt":"2025-11-05T15:39:32","slug":"seilspanner-montage-zubehoer-fuer-seilspannsegel","status":"publish","type":"product","link":"https:\/\/www.gardiso.eu\/at\/p\/seilspanner-montage-zubehoer-fuer-seilspannsegel\/","title":{"rendered":"Seilspanner &#8211; Montage-Zubeh\u00f6r f\u00fcr Seilspannsegel"},"content":{"rendered":"<p><h4><strong>Zubeh\u00f6r f\u00fcr die Befestigung von Sonnensegel f\u00fcr Seilspannmarkisen<\/strong><\/h4>\n<p>Die Seilspanntechnik ist ein sehr einfaches Prinzip, Sonnenlicht und Schatten individuell zu steuern. Das Sonnensegel wird dabei zwischen zwei Stahlseilen befestigt und gespannt.<\/p>\n<p>\nDer verzinkte&nbsp;<strong>Seilspanner<\/strong> dient zur Befestigung des Edelstahlseils an Balken oder W\u00e4nden. Das Stahlseil wird sodann gespannt, damit das Seilspannsegel mit Laufhaken optimal gleiten kann. Ideal, wenn Sie Ihre <strong>Pergola, Terrassen\u00fcberdachung, <\/strong>einen<strong> Winterg\u00e4rten <\/strong>oder gr\u00f6\u00dfere<strong> Glasfl\u00e4chen <\/strong>beschatten m\u00f6chten. Alle Montageelemente sind aus verzinktem Stahl f\u00fcr lange Haltbarkeit.<br \/>\n&nbsp;<\/p>\n<p>\n<strong>Lieferumfang<\/strong><\/p>\n<ul>\n<li>1 Zylinder verzinkt<\/li>\n<li>1 Winkel<\/li>\n<li>Schrauben und D\u00fcbel zur Montage<\/li>\n<\/ul>\n<p>&nbsp;<\/p>\n<p><strong>Hinweis<\/strong><br \/>\nF\u00fcr die Anbringung von&nbsp;<a data-tabindex-counter=\"&quot;1&quot;\" data-tabindex-value=\"&quot;none&quot;\" href=\"&quot;\/at\/shop\/sonnenschutz\/seilspannmarkise-c62527&quot;\" target=\"&quot;_blank&quot;\" title=\"&quot;Seilspannsegel\" rel=\"noopener\">Sonnensegel f\u00fcr Seilspannmarkisen<\/a> werden <strong>vier Seilspann-Elemente<\/strong> ben\u00f6tigt.&nbsp;<br \/>\n&nbsp;<\/p>\n<p><a data-tabindex-counter=\"&quot;1&quot;\" data-tabindex-value=\"&quot;none&quot;\" href=\"&quot;\/at\/shop\/sonnenschutz\/montagematerial-c62128&quot;\" target=\"&quot;_blank&quot;\" title=\"&quot;Montagezubeh\u00f6r\" rel=\"noopener\">Passendes Montagematerial<\/a> wie Edelstahlseil, Klemmhaken oder ganze Montagesets machen eine einfache&nbsp;Anbringung der Seilspannsegel m\u00f6glich.<\/p><\/p>\n","protected":false},"excerpt":{"rendered":"<p><UL><LI>Seilspanner zur Befestigung des Edelstahlseils<\/LI><LI>Montage an Dachsparren oder Balken m\u00f6glich<\/LI><LI>Stabile Materialien in Stahlausf\u00fchrung<\/LI><LI>F\u00fcr Innenbeschattung von Wintergarten, Pergola &amp; Glasdach<\/LI><\/UL><\/p>\n","protected":false},"featured_media":6670,"comment_status":"closed","ping_status":"closed","template":"","meta":[],"product_cat":[1204,1247],"product_tag":[],"wcpa_form_fields":null,"tiered_pricing_type":"fixed","tiered_pricing_fixed_rules":[],"_links":{"self":[{"href":"https:\/\/www.gardiso.eu\/at\/wp-json\/wp\/v2\/product\/2942"}],"collection":[{"href":"https:\/\/www.gardiso.eu\/at\/wp-json\/wp\/v2\/product"}],"about":[{"href":"https:\/\/www.gardiso.eu\/at\/wp-json\/wp\/v2\/types\/product"}],"replies":[{"embeddable":true,"href":"https:\/\/www.gardiso.eu\/at\/wp-json\/wp\/v2\/comments?post=2942"}],"wp:featuredmedia":[{"embeddable":true,"href":"https:\/\/www.gardiso.eu\/at\/wp-json\/wp\/v2\/media\/6670"}],"wp:attachment":[{"href":"https:\/\/www.gardiso.eu\/at\/wp-json\/wp\/v2\/media?parent=2942"}],"wp:term":[{"taxonomy":"product_cat","embeddable":true,"href":"https:\/\/www.gardiso.eu\/at\/wp-json\/wp\/v2\/product_cat?post=2942"},{"taxonomy":"product_tag","embeddable":true,"href":"https:\/\/www.gardiso.eu\/at\/wp-json\/wp\/v2\/product_tag?post=2942"}],"curies":[{"name":"wp","href":"https:\/\/api.w.org\/{rel}","templated":true}]}}