{"id":2932,"date":"2022-08-04T17:43:25","date_gmt":"2022-08-04T15:43:25","guid":{"rendered":"https:\/\/gardiso.insektenschutz365.eu\/p\/montage-set-seilzug-fuer-seilspannsegel-bis-7m\/"},"modified":"2026-03-16T11:20:03","modified_gmt":"2026-03-16T10:20:03","slug":"montage-set-seilzug-fuer-seilspannsegel-bis-7m","status":"publish","type":"product","link":"https:\/\/www.gardiso.eu\/at\/p\/montage-set-seilzug-fuer-seilspannsegel-bis-7m\/","title":{"rendered":"Montage-Set &quot;Seilzug&quot; f\u00fcr Seilspannsegel bis 7m"},"content":{"rendered":"<p><h4><strong>Seilzug Set zum Spannen von Sonnensegel f\u00fcr Seilspannmarkisen<\/strong><\/h4>\n<p>Die Seilspanntechnik ist ein sehr einfaches Prinzip, Sonnenlicht und Schatten individuell zu steuern. Das Sonnensegel wird dabei zwischen zwei Stahlseilen befestigt und gespannt.&nbsp;<br \/>\n&nbsp;<\/p>\n<p>Mit diesem <strong>Sonnenschutz Montage-Set<\/strong> liegen Sie goldrichtig, wenn Sie Ihre <strong>Pergola, Terrassen\u00fcberdachung<\/strong>, einen <strong>Wintergarten<\/strong> oder gr\u00f6\u00dfere <strong>Glasfl\u00e4chen<\/strong> flexibel beschatten m\u00f6chten. Seilspannsegel bis zu einer Gr\u00f6\u00dfe von max. 7 x 2,7 m k\u00f6nnen damit bequem und schnell auf- und abgespannt werden. Alle Montageelemente bestehen aus stabilen Materialen in moderner, dezenter Optik.<br \/>\n&nbsp;<\/p>\n<p><strong>Lieferumfang<\/strong><\/p>\n<ul>\n<li>4 Seilpanner<\/li>\n<li>7 Umlenkrollen f\u00fcr Seilzug<\/li>\n<li>14m Stahlseil<\/li>\n<li>35m Laufseil f\u00fcr Seilzug inkl. 2 F\u00f6rderschlitten<\/li>\n<li>Montagematerial (Schrauben, D\u00fcbel, Schraubenschl\u00fcssel)<\/li>\n<\/ul>\n<p>Ihr Zuhause ist perfekt beschattet mit einem <a data-tabindex-counter=\"&quot;1&quot;\" data-tabindex-value=\"&quot;none&quot;\" href=\"&quot;\/at\/shop\/sonnenschutz\/seilspannmarkise-c62527&quot;\" target=\"&quot;_blank&quot;\" title=\"&quot;Seilspannsegel\" rel=\"noopener\">Sonnensegel f\u00fcr Seilspannmarkisen<\/a>.<\/p>\n<p>&nbsp;<\/p><\/p>\n","protected":false},"excerpt":{"rendered":"<p><UL><LI>Montageset f\u00fcr Seilspannsegel bis 7&#215;2,7 m<\/LI><LI>Komfortables Auf- und Abspannen durch Seilzug-Prinzip<\/LI><LI>Beschattung von Wintergarten, Pergola und Terrasse<\/LI><LI>F\u00fcr Innen- und Au\u00dfenmontage geeignet<\/LI><\/UL><\/p>\n","protected":false},"featured_media":6660,"comment_status":"closed","ping_status":"closed","template":"","meta":[],"product_cat":[1204,1247],"product_tag":[],"wcpa_form_fields":null,"tiered_pricing_type":"fixed","tiered_pricing_fixed_rules":[],"_links":{"self":[{"href":"https:\/\/www.gardiso.eu\/at\/wp-json\/wp\/v2\/product\/2932"}],"collection":[{"href":"https:\/\/www.gardiso.eu\/at\/wp-json\/wp\/v2\/product"}],"about":[{"href":"https:\/\/www.gardiso.eu\/at\/wp-json\/wp\/v2\/types\/product"}],"replies":[{"embeddable":true,"href":"https:\/\/www.gardiso.eu\/at\/wp-json\/wp\/v2\/comments?post=2932"}],"wp:featuredmedia":[{"embeddable":true,"href":"https:\/\/www.gardiso.eu\/at\/wp-json\/wp\/v2\/media\/6660"}],"wp:attachment":[{"href":"https:\/\/www.gardiso.eu\/at\/wp-json\/wp\/v2\/media?parent=2932"}],"wp:term":[{"taxonomy":"product_cat","embeddable":true,"href":"https:\/\/www.gardiso.eu\/at\/wp-json\/wp\/v2\/product_cat?post=2932"},{"taxonomy":"product_tag","embeddable":true,"href":"https:\/\/www.gardiso.eu\/at\/wp-json\/wp\/v2\/product_tag?post=2932"}],"curies":[{"name":"wp","href":"https:\/\/api.w.org\/{rel}","templated":true}]}}